{"id":10,"date":"2021-03-08T15:06:20","date_gmt":"2021-03-08T15:06:20","guid":{"rendered":"https:\/\/lra.webs.upv.es\/?page_id=10"},"modified":"2022-05-02T09:58:37","modified_gmt":"2022-05-02T09:58:37","slug":"acreditacion-enac","status":"publish","type":"page","link":"https:\/\/lra.webs.upv.es\/index.php\/calidad\/acreditacion-enac\/","title":{"rendered":"Acreditaci\u00f3n ENAC"},"content":{"rendered":"<p style=\"text-align: justify;\"><img loading=\"lazy\" decoding=\"async\" class=\"wp-image-2688 size-medium alignright\" src=\"https:\/\/lra.webs.upv.es\/wp-content\/uploads\/2022\/04\/WEB_No620-_-LE1050-copia-e1651485487423-300x256.png\" alt=\"\" width=\"300\" height=\"256\" \/>La entidad nacional de acreditaci\u00f3n, <a href=\"https:\/\/www.enac.es\/\">ENAC<\/a>, es el organismo oficial encargado de otorgar en el estado espa\u00f1ol, las acreditaciones a laboratorios y entidades, tanto p\u00fablicas como privadas.<\/p>\n<p style=\"text-align: justify;\">El laboratorio inicio su proceso de acreditaci\u00f3n en 2007 con el n\u00famero de acreditaci\u00f3n <a href=\"https:\/\/www.enac.es\/documents\/7020\/80b898a9-19c2-4167-b01f-4e430b2f974d\">620\/LE1050<\/a>, y desde entonces ha ido ampliando su alcance aumentando el n\u00famero de ensayos\/matrices incluidas en el mismo.<\/p>\n<p style=\"text-align: justify;\">El proceso de acreditaci\u00f3n evaluado por ENAC, es la forma normativa de demostrar la calidad t\u00e9cnica y de gesti\u00f3n de un laboratorio de ensayo, mediante el cumplimiento de lo establecido en la norma UNE-EN-ISO-17025, quien realiza de forma peri\u00f3dica auditorias, tanto de seguimiento como de re-evaluaci\u00f3n.<\/p>\n","protected":false},"excerpt":{"rendered":"<p>La entidad nacional de acreditaci\u00f3n, ENAC, es el organismo oficial encargado de otorgar en el estado espa\u00f1ol, las acreditaciones a laboratorios y entidades, tanto p\u00fablicas como privadas. El laboratorio inicio su proceso de acreditaci\u00f3n en 2007 con el n\u00famero de acreditaci\u00f3n 620\/LE1050, y desde entonces ha ido ampliando su alcance aumentando el n\u00famero de ensayos\/matrices [&hellip;]<\/p>\n","protected":false},"author":3,"featured_media":0,"parent":8,"menu_order":0,"comment_status":"closed","ping_status":"closed","template":"","meta":{"footnotes":""},"class_list":["post-10","page","type-page","status-publish","czr-hentry"],"yoast_head":"<!-- This site is optimized with the Yoast SEO plugin v27.3 - https:\/\/yoast.com\/product\/yoast-seo-wordpress\/ -->\n<title>Acreditaci\u00f3n ENAC - Laboratorio de Radiactividad Ambiental<\/title>\n<meta name=\"robots\" content=\"index, follow, max-snippet:-1, max-image-preview:large, max-video-preview:-1\" \/>\n<link rel=\"canonical\" href=\"https:\/\/lra.webs.upv.es\/index.php\/calidad\/acreditacion-enac\/\" \/>\n<meta property=\"og:locale\" content=\"es_ES\" \/>\n<meta property=\"og:type\" content=\"article\" \/>\n<meta property=\"og:title\" content=\"Acreditaci\u00f3n ENAC - Laboratorio de Radiactividad Ambiental\" \/>\n<meta property=\"og:description\" content=\"La entidad nacional de acreditaci\u00f3n, ENAC, es el organismo oficial encargado de otorgar en el estado espa\u00f1ol, las acreditaciones a laboratorios y entidades, tanto p\u00fablicas como privadas. El laboratorio inicio su proceso de acreditaci\u00f3n en 2007 con el n\u00famero de acreditaci\u00f3n 620\/LE1050, y desde entonces ha ido ampliando su alcance aumentando el n\u00famero de ensayos\/matrices [&hellip;]\" \/>\n<meta property=\"og:url\" content=\"https:\/\/lra.webs.upv.es\/index.php\/calidad\/acreditacion-enac\/\" \/>\n<meta property=\"og:site_name\" content=\"Laboratorio de Radiactividad Ambiental\" \/>\n<meta property=\"article:modified_time\" content=\"2022-05-02T09:58:37+00:00\" \/>\n<meta property=\"og:image\" content=\"https:\/\/lra.webs.upv.es\/wp-content\/uploads\/2022\/04\/WEB_No620-_-LE1050-copia-e1651485487423-300x256.png\" \/>\n<meta name=\"twitter:card\" content=\"summary_large_image\" \/>\n<meta name=\"twitter:label1\" content=\"Tiempo de lectura\" \/>\n\t<meta name=\"twitter:data1\" content=\"1 minuto\" \/>\n<script type=\"application\/ld+json\" class=\"yoast-schema-graph\">{\"@context\":\"https:\\\/\\\/schema.org\",\"@graph\":[{\"@type\":\"WebPage\",\"@id\":\"https:\\\/\\\/lra.webs.upv.es\\\/index.php\\\/calidad\\\/acreditacion-enac\\\/\",\"url\":\"https:\\\/\\\/lra.webs.upv.es\\\/index.php\\\/calidad\\\/acreditacion-enac\\\/\",\"name\":\"Acreditaci\u00f3n ENAC - Laboratorio de Radiactividad Ambiental\",\"isPartOf\":{\"@id\":\"https:\\\/\\\/lra.webs.upv.es\\\/#website\"},\"primaryImageOfPage\":{\"@id\":\"https:\\\/\\\/lra.webs.upv.es\\\/index.php\\\/calidad\\\/acreditacion-enac\\\/#primaryimage\"},\"image\":{\"@id\":\"https:\\\/\\\/lra.webs.upv.es\\\/index.php\\\/calidad\\\/acreditacion-enac\\\/#primaryimage\"},\"thumbnailUrl\":\"https:\\\/\\\/lra.webs.upv.es\\\/wp-content\\\/uploads\\\/2022\\\/04\\\/WEB_No620-_-LE1050-copia-e1651485487423-300x256.png\",\"datePublished\":\"2021-03-08T15:06:20+00:00\",\"dateModified\":\"2022-05-02T09:58:37+00:00\",\"breadcrumb\":{\"@id\":\"https:\\\/\\\/lra.webs.upv.es\\\/index.php\\\/calidad\\\/acreditacion-enac\\\/#breadcrumb\"},\"inLanguage\":\"es\",\"potentialAction\":[{\"@type\":\"ReadAction\",\"target\":[\"https:\\\/\\\/lra.webs.upv.es\\\/index.php\\\/calidad\\\/acreditacion-enac\\\/\"]}]},{\"@type\":\"ImageObject\",\"inLanguage\":\"es\",\"@id\":\"https:\\\/\\\/lra.webs.upv.es\\\/index.php\\\/calidad\\\/acreditacion-enac\\\/#primaryimage\",\"url\":\"https:\\\/\\\/lra.webs.upv.es\\\/wp-content\\\/uploads\\\/2022\\\/04\\\/WEB_No620-_-LE1050-copia-e1651485487423-300x256.png\",\"contentUrl\":\"https:\\\/\\\/lra.webs.upv.es\\\/wp-content\\\/uploads\\\/2022\\\/04\\\/WEB_No620-_-LE1050-copia-e1651485487423-300x256.png\"},{\"@type\":\"BreadcrumbList\",\"@id\":\"https:\\\/\\\/lra.webs.upv.es\\\/index.php\\\/calidad\\\/acreditacion-enac\\\/#breadcrumb\",\"itemListElement\":[{\"@type\":\"ListItem\",\"position\":1,\"name\":\"Portada\",\"item\":\"https:\\\/\\\/lra.webs.upv.es\\\/\"},{\"@type\":\"ListItem\",\"position\":2,\"name\":\"CALIDAD\",\"item\":\"https:\\\/\\\/lra.webs.upv.es\\\/index.php\\\/calidad\\\/\"},{\"@type\":\"ListItem\",\"position\":3,\"name\":\"Acreditaci\u00f3n ENAC\"}]},{\"@type\":\"WebSite\",\"@id\":\"https:\\\/\\\/lra.webs.upv.es\\\/#website\",\"url\":\"https:\\\/\\\/lra.webs.upv.es\\\/\",\"name\":\"Laboratorio de Radiactividad Ambiental\",\"description\":\"LRA - UPV\",\"publisher\":{\"@id\":\"https:\\\/\\\/lra.webs.upv.es\\\/#organization\"},\"potentialAction\":[{\"@type\":\"SearchAction\",\"target\":{\"@type\":\"EntryPoint\",\"urlTemplate\":\"https:\\\/\\\/lra.webs.upv.es\\\/?s={search_term_string}\"},\"query-input\":{\"@type\":\"PropertyValueSpecification\",\"valueRequired\":true,\"valueName\":\"search_term_string\"}}],\"inLanguage\":\"es\"},{\"@type\":\"Organization\",\"@id\":\"https:\\\/\\\/lra.webs.upv.es\\\/#organization\",\"name\":\"Laboratorio de Radiactividad Ambiental\",\"url\":\"https:\\\/\\\/lra.webs.upv.es\\\/\",\"logo\":{\"@type\":\"ImageObject\",\"inLanguage\":\"es\",\"@id\":\"https:\\\/\\\/lra.webs.upv.es\\\/#\\\/schema\\\/logo\\\/image\\\/\",\"url\":\"https:\\\/\\\/lra.webs.upv.es\\\/wp-content\\\/uploads\\\/2021\\\/03\\\/2_LRAUPV-LOGO-PNG.png\",\"contentUrl\":\"https:\\\/\\\/lra.webs.upv.es\\\/wp-content\\\/uploads\\\/2021\\\/03\\\/2_LRAUPV-LOGO-PNG.png\",\"width\":3508,\"height\":1478,\"caption\":\"Laboratorio de Radiactividad Ambiental\"},\"image\":{\"@id\":\"https:\\\/\\\/lra.webs.upv.es\\\/#\\\/schema\\\/logo\\\/image\\\/\"}}]}<\/script>\n<!-- \/ Yoast SEO plugin. -->","yoast_head_json":{"title":"Acreditaci\u00f3n ENAC - Laboratorio de Radiactividad Ambiental","robots":{"index":"index","follow":"follow","max-snippet":"max-snippet:-1","max-image-preview":"max-image-preview:large","max-video-preview":"max-video-preview:-1"},"canonical":"https:\/\/lra.webs.upv.es\/index.php\/calidad\/acreditacion-enac\/","og_locale":"es_ES","og_type":"article","og_title":"Acreditaci\u00f3n ENAC - Laboratorio de Radiactividad Ambiental","og_description":"La entidad nacional de acreditaci\u00f3n, ENAC, es el organismo oficial encargado de otorgar en el estado espa\u00f1ol, las acreditaciones a laboratorios y entidades, tanto p\u00fablicas como privadas. El laboratorio inicio su proceso de acreditaci\u00f3n en 2007 con el n\u00famero de acreditaci\u00f3n 620\/LE1050, y desde entonces ha ido ampliando su alcance aumentando el n\u00famero de ensayos\/matrices [&hellip;]","og_url":"https:\/\/lra.webs.upv.es\/index.php\/calidad\/acreditacion-enac\/","og_site_name":"Laboratorio de Radiactividad Ambiental","article_modified_time":"2022-05-02T09:58:37+00:00","og_image":[{"url":"https:\/\/lra.webs.upv.es\/wp-content\/uploads\/2022\/04\/WEB_No620-_-LE1050-copia-e1651485487423-300x256.png","type":"","width":"","height":""}],"twitter_card":"summary_large_image","twitter_misc":{"Tiempo de lectura":"1 minuto"},"schema":{"@context":"https:\/\/schema.org","@graph":[{"@type":"WebPage","@id":"https:\/\/lra.webs.upv.es\/index.php\/calidad\/acreditacion-enac\/","url":"https:\/\/lra.webs.upv.es\/index.php\/calidad\/acreditacion-enac\/","name":"Acreditaci\u00f3n ENAC - Laboratorio de Radiactividad Ambiental","isPartOf":{"@id":"https:\/\/lra.webs.upv.es\/#website"},"primaryImageOfPage":{"@id":"https:\/\/lra.webs.upv.es\/index.php\/calidad\/acreditacion-enac\/#primaryimage"},"image":{"@id":"https:\/\/lra.webs.upv.es\/index.php\/calidad\/acreditacion-enac\/#primaryimage"},"thumbnailUrl":"https:\/\/lra.webs.upv.es\/wp-content\/uploads\/2022\/04\/WEB_No620-_-LE1050-copia-e1651485487423-300x256.png","datePublished":"2021-03-08T15:06:20+00:00","dateModified":"2022-05-02T09:58:37+00:00","breadcrumb":{"@id":"https:\/\/lra.webs.upv.es\/index.php\/calidad\/acreditacion-enac\/#breadcrumb"},"inLanguage":"es","potentialAction":[{"@type":"ReadAction","target":["https:\/\/lra.webs.upv.es\/index.php\/calidad\/acreditacion-enac\/"]}]},{"@type":"ImageObject","inLanguage":"es","@id":"https:\/\/lra.webs.upv.es\/index.php\/calidad\/acreditacion-enac\/#primaryimage","url":"https:\/\/lra.webs.upv.es\/wp-content\/uploads\/2022\/04\/WEB_No620-_-LE1050-copia-e1651485487423-300x256.png","contentUrl":"https:\/\/lra.webs.upv.es\/wp-content\/uploads\/2022\/04\/WEB_No620-_-LE1050-copia-e1651485487423-300x256.png"},{"@type":"BreadcrumbList","@id":"https:\/\/lra.webs.upv.es\/index.php\/calidad\/acreditacion-enac\/#breadcrumb","itemListElement":[{"@type":"ListItem","position":1,"name":"Portada","item":"https:\/\/lra.webs.upv.es\/"},{"@type":"ListItem","position":2,"name":"CALIDAD","item":"https:\/\/lra.webs.upv.es\/index.php\/calidad\/"},{"@type":"ListItem","position":3,"name":"Acreditaci\u00f3n ENAC"}]},{"@type":"WebSite","@id":"https:\/\/lra.webs.upv.es\/#website","url":"https:\/\/lra.webs.upv.es\/","name":"Laboratorio de Radiactividad Ambiental","description":"LRA - UPV","publisher":{"@id":"https:\/\/lra.webs.upv.es\/#organization"},"potentialAction":[{"@type":"SearchAction","target":{"@type":"EntryPoint","urlTemplate":"https:\/\/lra.webs.upv.es\/?s={search_term_string}"},"query-input":{"@type":"PropertyValueSpecification","valueRequired":true,"valueName":"search_term_string"}}],"inLanguage":"es"},{"@type":"Organization","@id":"https:\/\/lra.webs.upv.es\/#organization","name":"Laboratorio de Radiactividad Ambiental","url":"https:\/\/lra.webs.upv.es\/","logo":{"@type":"ImageObject","inLanguage":"es","@id":"https:\/\/lra.webs.upv.es\/#\/schema\/logo\/image\/","url":"https:\/\/lra.webs.upv.es\/wp-content\/uploads\/2021\/03\/2_LRAUPV-LOGO-PNG.png","contentUrl":"https:\/\/lra.webs.upv.es\/wp-content\/uploads\/2021\/03\/2_LRAUPV-LOGO-PNG.png","width":3508,"height":1478,"caption":"Laboratorio de Radiactividad Ambiental"},"image":{"@id":"https:\/\/lra.webs.upv.es\/#\/schema\/logo\/image\/"}}]}},"_links":{"self":[{"href":"https:\/\/lra.webs.upv.es\/index.php\/wp-json\/wp\/v2\/pages\/10","targetHints":{"allow":["GET"]}}],"collection":[{"href":"https:\/\/lra.webs.upv.es\/index.php\/wp-json\/wp\/v2\/pages"}],"about":[{"href":"https:\/\/lra.webs.upv.es\/index.php\/wp-json\/wp\/v2\/types\/page"}],"author":[{"embeddable":true,"href":"https:\/\/lra.webs.upv.es\/index.php\/wp-json\/wp\/v2\/users\/3"}],"replies":[{"embeddable":true,"href":"https:\/\/lra.webs.upv.es\/index.php\/wp-json\/wp\/v2\/comments?post=10"}],"version-history":[{"count":27,"href":"https:\/\/lra.webs.upv.es\/index.php\/wp-json\/wp\/v2\/pages\/10\/revisions"}],"predecessor-version":[{"id":2728,"href":"https:\/\/lra.webs.upv.es\/index.php\/wp-json\/wp\/v2\/pages\/10\/revisions\/2728"}],"up":[{"embeddable":true,"href":"https:\/\/lra.webs.upv.es\/index.php\/wp-json\/wp\/v2\/pages\/8"}],"wp:attachment":[{"href":"https:\/\/lra.webs.upv.es\/index.php\/wp-json\/wp\/v2\/media?parent=10"}],"curies":[{"name":"wp","href":"https:\/\/api.w.org\/{rel}","templated":true}]}}