{"id":12,"date":"2021-03-08T11:50:27","date_gmt":"2021-03-08T11:50:27","guid":{"rendered":"https:\/\/lra.webs.upv.es\/?page_id=12"},"modified":"2021-09-01T13:55:52","modified_gmt":"2021-09-01T13:55:52","slug":"intercomparaciones","status":"publish","type":"page","link":"https:\/\/lra.webs.upv.es\/index.php\/calidad\/intercomparaciones\/","title":{"rendered":"Intercomparaciones"},"content":{"rendered":"<p style=\"text-align: justify;\">El laboratorio como parte de su Control de Calidad externo, participa anualmente en las intercomparaciones que considera adecuadas para verificar la exactitud y precisi\u00f3n de los distintos ensayos. Esta participaci\u00f3n es normativa para los ensayos acreditados y es conveniente para cualquier\u00a0 otro ensayo que el laboratorio realice.<\/p>\n<p style=\"text-align: justify;\">De forma rutinaria el LRA participa en las intercomparaciones anuales que organiza el CSN, en las que de forma peri\u00f3dica cada cuatro a\u00f1os se eval\u00fa<span style=\"text-align: justify;\">an el total de matrices ambientales utilizadas en la vigilancia radiol\u00f3gica ambiental.<\/span><\/p>\n<p><img loading=\"lazy\" decoding=\"async\" class=\"size-medium wp-image-2446 aligncenter\" src=\"https:\/\/lra.webs.upv.es\/wp-content\/uploads\/2021\/06\/logo-CSN-900x600-copia-300x81.png\" alt=\"\" width=\"300\" height=\"81\" srcset=\"https:\/\/lra.webs.upv.es\/wp-content\/uploads\/2021\/06\/logo-CSN-900x600-copia-300x81.png 300w, https:\/\/lra.webs.upv.es\/wp-content\/uploads\/2021\/06\/logo-CSN-900x600-copia-768x208.png 768w, https:\/\/lra.webs.upv.es\/wp-content\/uploads\/2021\/06\/logo-CSN-900x600-copia.png 895w\" sizes=\"auto, (max-width: 300px) 100vw, 300px\" \/><\/p>\n<p>&nbsp;<\/p>\n<p style=\"text-align: justify;\">As\u00ed mismo tambi\u00e9n participa en las organizadas anualmente por el Organismo Internacional de Energ\u00eda At\u00f3mica.<\/p>\n<p><img loading=\"lazy\" decoding=\"async\" class=\"size-medium wp-image-2445 aligncenter\" src=\"https:\/\/lra.webs.upv.es\/wp-content\/uploads\/2021\/06\/IAEA-300x219.jpg\" alt=\"\" width=\"300\" height=\"219\" srcset=\"https:\/\/lra.webs.upv.es\/wp-content\/uploads\/2021\/06\/IAEA-300x219.jpg 300w, https:\/\/lra.webs.upv.es\/wp-content\/uploads\/2021\/06\/IAEA-1024x747.jpg 1024w, https:\/\/lra.webs.upv.es\/wp-content\/uploads\/2021\/06\/IAEA-768x560.jpg 768w, https:\/\/lra.webs.upv.es\/wp-content\/uploads\/2021\/06\/IAEA-1536x1120.jpg 1536w, https:\/\/lra.webs.upv.es\/wp-content\/uploads\/2021\/06\/IAEA-2048x1493.jpg 2048w\" sizes=\"auto, (max-width: 300px) 100vw, 300px\" \/><\/p>\n<p>&nbsp;<\/p>\n","protected":false},"excerpt":{"rendered":"<p>El laboratorio como parte de su Control de Calidad externo, participa anualmente en las intercomparaciones que considera adecuadas para verificar la exactitud y precisi\u00f3n de los distintos ensayos. Esta participaci\u00f3n es normativa para los ensayos acreditados y es conveniente para cualquier\u00a0 otro ensayo que el laboratorio realice. De forma rutinaria el LRA participa en las [&hellip;]<\/p>\n","protected":false},"author":3,"featured_media":0,"parent":8,"menu_order":0,"comment_status":"closed","ping_status":"closed","template":"","meta":{"footnotes":""},"class_list":["post-12","page","type-page","status-publish","czr-hentry"],"yoast_head":"<!-- This site is optimized with the Yoast SEO plugin v27.5 - https:\/\/yoast.com\/product\/yoast-seo-wordpress\/ -->\n<title>Intercomparaciones - Laboratorio de Radiactividad Ambiental<\/title>\n<meta name=\"robots\" content=\"index, follow, max-snippet:-1, max-image-preview:large, max-video-preview:-1\" \/>\n<link rel=\"canonical\" href=\"https:\/\/lra.webs.upv.es\/index.php\/calidad\/intercomparaciones\/\" \/>\n<meta property=\"og:locale\" content=\"es_ES\" \/>\n<meta property=\"og:type\" content=\"article\" \/>\n<meta property=\"og:title\" content=\"Intercomparaciones - Laboratorio de Radiactividad Ambiental\" \/>\n<meta property=\"og:description\" content=\"El laboratorio como parte de su Control de Calidad externo, participa anualmente en las intercomparaciones que considera adecuadas para verificar la exactitud y precisi\u00f3n de los distintos ensayos. Esta participaci\u00f3n es normativa para los ensayos acreditados y es conveniente para cualquier\u00a0 otro ensayo que el laboratorio realice. De forma rutinaria el LRA participa en las [&hellip;]\" \/>\n<meta property=\"og:url\" content=\"https:\/\/lra.webs.upv.es\/index.php\/calidad\/intercomparaciones\/\" \/>\n<meta property=\"og:site_name\" content=\"Laboratorio de Radiactividad Ambiental\" \/>\n<meta property=\"article:modified_time\" content=\"2021-09-01T13:55:52+00:00\" \/>\n<meta property=\"og:image\" content=\"https:\/\/lra.webs.upv.es\/wp-content\/uploads\/2021\/06\/logo-CSN-900x600-copia-300x81.png\" \/>\n<meta name=\"twitter:card\" content=\"summary_large_image\" \/>\n<meta name=\"twitter:label1\" content=\"Tiempo de lectura\" \/>\n\t<meta name=\"twitter:data1\" content=\"1 minuto\" \/>\n<script type=\"application\/ld+json\" class=\"yoast-schema-graph\">{\"@context\":\"https:\\\/\\\/schema.org\",\"@graph\":[{\"@type\":\"WebPage\",\"@id\":\"https:\\\/\\\/lra.webs.upv.es\\\/index.php\\\/calidad\\\/intercomparaciones\\\/\",\"url\":\"https:\\\/\\\/lra.webs.upv.es\\\/index.php\\\/calidad\\\/intercomparaciones\\\/\",\"name\":\"Intercomparaciones - Laboratorio de Radiactividad Ambiental\",\"isPartOf\":{\"@id\":\"https:\\\/\\\/lra.webs.upv.es\\\/#website\"},\"primaryImageOfPage\":{\"@id\":\"https:\\\/\\\/lra.webs.upv.es\\\/index.php\\\/calidad\\\/intercomparaciones\\\/#primaryimage\"},\"image\":{\"@id\":\"https:\\\/\\\/lra.webs.upv.es\\\/index.php\\\/calidad\\\/intercomparaciones\\\/#primaryimage\"},\"thumbnailUrl\":\"https:\\\/\\\/lra.webs.upv.es\\\/wp-content\\\/uploads\\\/2021\\\/06\\\/logo-CSN-900x600-copia-300x81.png\",\"datePublished\":\"2021-03-08T11:50:27+00:00\",\"dateModified\":\"2021-09-01T13:55:52+00:00\",\"breadcrumb\":{\"@id\":\"https:\\\/\\\/lra.webs.upv.es\\\/index.php\\\/calidad\\\/intercomparaciones\\\/#breadcrumb\"},\"inLanguage\":\"es\",\"potentialAction\":[{\"@type\":\"ReadAction\",\"target\":[\"https:\\\/\\\/lra.webs.upv.es\\\/index.php\\\/calidad\\\/intercomparaciones\\\/\"]}]},{\"@type\":\"ImageObject\",\"inLanguage\":\"es\",\"@id\":\"https:\\\/\\\/lra.webs.upv.es\\\/index.php\\\/calidad\\\/intercomparaciones\\\/#primaryimage\",\"url\":\"https:\\\/\\\/lra.webs.upv.es\\\/wp-content\\\/uploads\\\/2021\\\/06\\\/logo-CSN-900x600-copia.png\",\"contentUrl\":\"https:\\\/\\\/lra.webs.upv.es\\\/wp-content\\\/uploads\\\/2021\\\/06\\\/logo-CSN-900x600-copia.png\",\"width\":895,\"height\":242},{\"@type\":\"BreadcrumbList\",\"@id\":\"https:\\\/\\\/lra.webs.upv.es\\\/index.php\\\/calidad\\\/intercomparaciones\\\/#breadcrumb\",\"itemListElement\":[{\"@type\":\"ListItem\",\"position\":1,\"name\":\"Portada\",\"item\":\"https:\\\/\\\/lra.webs.upv.es\\\/\"},{\"@type\":\"ListItem\",\"position\":2,\"name\":\"CALIDAD\",\"item\":\"https:\\\/\\\/lra.webs.upv.es\\\/index.php\\\/calidad\\\/\"},{\"@type\":\"ListItem\",\"position\":3,\"name\":\"Intercomparaciones\"}]},{\"@type\":\"WebSite\",\"@id\":\"https:\\\/\\\/lra.webs.upv.es\\\/#website\",\"url\":\"https:\\\/\\\/lra.webs.upv.es\\\/\",\"name\":\"Laboratorio de Radiactividad Ambiental\",\"description\":\"LRA - UPV\",\"publisher\":{\"@id\":\"https:\\\/\\\/lra.webs.upv.es\\\/#organization\"},\"potentialAction\":[{\"@type\":\"SearchAction\",\"target\":{\"@type\":\"EntryPoint\",\"urlTemplate\":\"https:\\\/\\\/lra.webs.upv.es\\\/?s={search_term_string}\"},\"query-input\":{\"@type\":\"PropertyValueSpecification\",\"valueRequired\":true,\"valueName\":\"search_term_string\"}}],\"inLanguage\":\"es\"},{\"@type\":\"Organization\",\"@id\":\"https:\\\/\\\/lra.webs.upv.es\\\/#organization\",\"name\":\"Laboratorio de Radiactividad Ambiental\",\"url\":\"https:\\\/\\\/lra.webs.upv.es\\\/\",\"logo\":{\"@type\":\"ImageObject\",\"inLanguage\":\"es\",\"@id\":\"https:\\\/\\\/lra.webs.upv.es\\\/#\\\/schema\\\/logo\\\/image\\\/\",\"url\":\"https:\\\/\\\/lra.webs.upv.es\\\/wp-content\\\/uploads\\\/2021\\\/03\\\/2_LRAUPV-LOGO-PNG.png\",\"contentUrl\":\"https:\\\/\\\/lra.webs.upv.es\\\/wp-content\\\/uploads\\\/2021\\\/03\\\/2_LRAUPV-LOGO-PNG.png\",\"width\":3508,\"height\":1478,\"caption\":\"Laboratorio de Radiactividad Ambiental\"},\"image\":{\"@id\":\"https:\\\/\\\/lra.webs.upv.es\\\/#\\\/schema\\\/logo\\\/image\\\/\"}}]}<\/script>\n<!-- \/ Yoast SEO plugin. -->","yoast_head_json":{"title":"Intercomparaciones - Laboratorio de Radiactividad Ambiental","robots":{"index":"index","follow":"follow","max-snippet":"max-snippet:-1","max-image-preview":"max-image-preview:large","max-video-preview":"max-video-preview:-1"},"canonical":"https:\/\/lra.webs.upv.es\/index.php\/calidad\/intercomparaciones\/","og_locale":"es_ES","og_type":"article","og_title":"Intercomparaciones - Laboratorio de Radiactividad Ambiental","og_description":"El laboratorio como parte de su Control de Calidad externo, participa anualmente en las intercomparaciones que considera adecuadas para verificar la exactitud y precisi\u00f3n de los distintos ensayos. Esta participaci\u00f3n es normativa para los ensayos acreditados y es conveniente para cualquier\u00a0 otro ensayo que el laboratorio realice. De forma rutinaria el LRA participa en las [&hellip;]","og_url":"https:\/\/lra.webs.upv.es\/index.php\/calidad\/intercomparaciones\/","og_site_name":"Laboratorio de Radiactividad Ambiental","article_modified_time":"2021-09-01T13:55:52+00:00","og_image":[{"url":"https:\/\/lra.webs.upv.es\/wp-content\/uploads\/2021\/06\/logo-CSN-900x600-copia-300x81.png","type":"","width":"","height":""}],"twitter_card":"summary_large_image","twitter_misc":{"Tiempo de lectura":"1 minuto"},"schema":{"@context":"https:\/\/schema.org","@graph":[{"@type":"WebPage","@id":"https:\/\/lra.webs.upv.es\/index.php\/calidad\/intercomparaciones\/","url":"https:\/\/lra.webs.upv.es\/index.php\/calidad\/intercomparaciones\/","name":"Intercomparaciones - Laboratorio de Radiactividad Ambiental","isPartOf":{"@id":"https:\/\/lra.webs.upv.es\/#website"},"primaryImageOfPage":{"@id":"https:\/\/lra.webs.upv.es\/index.php\/calidad\/intercomparaciones\/#primaryimage"},"image":{"@id":"https:\/\/lra.webs.upv.es\/index.php\/calidad\/intercomparaciones\/#primaryimage"},"thumbnailUrl":"https:\/\/lra.webs.upv.es\/wp-content\/uploads\/2021\/06\/logo-CSN-900x600-copia-300x81.png","datePublished":"2021-03-08T11:50:27+00:00","dateModified":"2021-09-01T13:55:52+00:00","breadcrumb":{"@id":"https:\/\/lra.webs.upv.es\/index.php\/calidad\/intercomparaciones\/#breadcrumb"},"inLanguage":"es","potentialAction":[{"@type":"ReadAction","target":["https:\/\/lra.webs.upv.es\/index.php\/calidad\/intercomparaciones\/"]}]},{"@type":"ImageObject","inLanguage":"es","@id":"https:\/\/lra.webs.upv.es\/index.php\/calidad\/intercomparaciones\/#primaryimage","url":"https:\/\/lra.webs.upv.es\/wp-content\/uploads\/2021\/06\/logo-CSN-900x600-copia.png","contentUrl":"https:\/\/lra.webs.upv.es\/wp-content\/uploads\/2021\/06\/logo-CSN-900x600-copia.png","width":895,"height":242},{"@type":"BreadcrumbList","@id":"https:\/\/lra.webs.upv.es\/index.php\/calidad\/intercomparaciones\/#breadcrumb","itemListElement":[{"@type":"ListItem","position":1,"name":"Portada","item":"https:\/\/lra.webs.upv.es\/"},{"@type":"ListItem","position":2,"name":"CALIDAD","item":"https:\/\/lra.webs.upv.es\/index.php\/calidad\/"},{"@type":"ListItem","position":3,"name":"Intercomparaciones"}]},{"@type":"WebSite","@id":"https:\/\/lra.webs.upv.es\/#website","url":"https:\/\/lra.webs.upv.es\/","name":"Laboratorio de Radiactividad Ambiental","description":"LRA - UPV","publisher":{"@id":"https:\/\/lra.webs.upv.es\/#organization"},"potentialAction":[{"@type":"SearchAction","target":{"@type":"EntryPoint","urlTemplate":"https:\/\/lra.webs.upv.es\/?s={search_term_string}"},"query-input":{"@type":"PropertyValueSpecification","valueRequired":true,"valueName":"search_term_string"}}],"inLanguage":"es"},{"@type":"Organization","@id":"https:\/\/lra.webs.upv.es\/#organization","name":"Laboratorio de Radiactividad Ambiental","url":"https:\/\/lra.webs.upv.es\/","logo":{"@type":"ImageObject","inLanguage":"es","@id":"https:\/\/lra.webs.upv.es\/#\/schema\/logo\/image\/","url":"https:\/\/lra.webs.upv.es\/wp-content\/uploads\/2021\/03\/2_LRAUPV-LOGO-PNG.png","contentUrl":"https:\/\/lra.webs.upv.es\/wp-content\/uploads\/2021\/03\/2_LRAUPV-LOGO-PNG.png","width":3508,"height":1478,"caption":"Laboratorio de Radiactividad Ambiental"},"image":{"@id":"https:\/\/lra.webs.upv.es\/#\/schema\/logo\/image\/"}}]}},"_links":{"self":[{"href":"https:\/\/lra.webs.upv.es\/index.php\/wp-json\/wp\/v2\/pages\/12","targetHints":{"allow":["GET"]}}],"collection":[{"href":"https:\/\/lra.webs.upv.es\/index.php\/wp-json\/wp\/v2\/pages"}],"about":[{"href":"https:\/\/lra.webs.upv.es\/index.php\/wp-json\/wp\/v2\/types\/page"}],"author":[{"embeddable":true,"href":"https:\/\/lra.webs.upv.es\/index.php\/wp-json\/wp\/v2\/users\/3"}],"replies":[{"embeddable":true,"href":"https:\/\/lra.webs.upv.es\/index.php\/wp-json\/wp\/v2\/comments?post=12"}],"version-history":[{"count":9,"href":"https:\/\/lra.webs.upv.es\/index.php\/wp-json\/wp\/v2\/pages\/12\/revisions"}],"predecessor-version":[{"id":2455,"href":"https:\/\/lra.webs.upv.es\/index.php\/wp-json\/wp\/v2\/pages\/12\/revisions\/2455"}],"up":[{"embeddable":true,"href":"https:\/\/lra.webs.upv.es\/index.php\/wp-json\/wp\/v2\/pages\/8"}],"wp:attachment":[{"href":"https:\/\/lra.webs.upv.es\/index.php\/wp-json\/wp\/v2\/media?parent=12"}],"curies":[{"name":"wp","href":"https:\/\/api.w.org\/{rel}","templated":true}]}}