{"id":14,"date":"2021-03-08T11:58:24","date_gmt":"2021-03-08T11:58:24","guid":{"rendered":"https:\/\/lra.webs.upv.es\/?page_id=14"},"modified":"2022-05-03T08:29:47","modified_gmt":"2022-05-03T08:29:47","slug":"politica-de-calidad","status":"publish","type":"page","link":"https:\/\/lra.webs.upv.es\/index.php\/calidad\/politica-de-calidad\/","title":{"rendered":"Pol\u00edtica de Calidad"},"content":{"rendered":"<p style=\"text-align: center;\"><strong>DECLARACI\u00d3N SOBRE LA POL\u00cdTICA DE CALIDAD DEL LABORATORIO DE RADIACTIVIDAD AMBIENTAL DE LA UNIVERSITAT POLIT\u00c8CNICA DE VAL\u00c8NCIA<\/strong><\/p>\n<table style=\"width: 100%; border-style: hidden;\">\n<tbody>\n<tr>\n<td style=\"width: 82.3162%; border-style: hidden;\" rowspan=\"3\">\n<p style=\"text-align: justify;\">La direcci\u00f3n del Laboratorio de Radiactividad Ambiental (LRA), manifiesta su firme compromiso con la buena pr\u00e1ctica profesional y con la calidad de sus ensayos en el servicio a sus clientes. Los ensayos se realizar\u00e1n siempre de una manera imparcial y estructurada y con los m\u00e9todos establecidos, tanto t\u00e9cnicos como de gesti\u00f3n y con los requisitos de los clientes, no permitiendo presiones comerciales, financieras u otras que pudieran comprometer dicha imparcialidad<\/p>\n<p style=\"text-align: justify;\">Con la elaboraci\u00f3n del presente Manual de Calidad se ha establecido las directrices para implantar y mantener un Sistema de Calidad, que basado en la norma UNE-EN ISO\/IEC 17025, permita asegurar la calidad de los ensayos realizados. Para ello el LRA ha dise\u00f1ado una estructura organizativa y ha elaborado unos procedimientos de trabajo que considera los adecuados para este fin.<\/p>\n<p style=\"text-align: justify;\">Todo el personal del laboratorio debe tener el conocimiento t\u00e9cnico necesario para el desarrollo de las funciones que tenga encomendadas, as\u00ed como el conocimiento de la documentaci\u00f3n relativa a la calidad, cuyos preceptos debe incorporar en el desarrollo de su trabajo.<\/p>\n<p style=\"text-align: justify;\">La direcci\u00f3n adquiere el compromiso de cumplir escrupulosamente lo establecido en la norma internacional UNE-EN ISO\/IEC 17025, as\u00ed como a mejorar continuamente la eficacia del sistema de gesti\u00f3n de la calidad.<\/p>\n<p style=\"text-align: justify;\">Adem\u00e1s, el laboratorio como parte de la Universitat Polit\u00e8cnica de Val\u00e8ncia est\u00e1 comprometido con la seguridad laboral de sus trabajadores y con la sostenibilidad ambiental. Para cumplir estos fines, la UPV cumple con todos los requisitos establecidos en la norma internacional ISO 14001:2015 y con todos los requisitos adicionales del exigente Reglamento Europeo de Ecogesti\u00f3n y Ecoauditor\u00eda (EMAS)<\/p>\n<\/td>\n<td style=\"width: 17.1037%; border-style: hidden;\"><img loading=\"lazy\" decoding=\"async\" class=\"alignnone wp-image-2688 size-medium\" src=\"https:\/\/lra.webs.upv.es\/wp-content\/uploads\/2022\/04\/WEB_No620-_-LE1050-copia-e1651566495387-231x300.png\" alt=\"\" width=\"231\" height=\"300\" srcset=\"https:\/\/lra.webs.upv.es\/wp-content\/uploads\/2022\/04\/WEB_No620-_-LE1050-copia-e1651566495387-231x300.png 231w, https:\/\/lra.webs.upv.es\/wp-content\/uploads\/2022\/04\/WEB_No620-_-LE1050-copia-e1651566495387-768x996.png 768w, https:\/\/lra.webs.upv.es\/wp-content\/uploads\/2022\/04\/WEB_No620-_-LE1050-copia-e1651566495387.png 776w\" sizes=\"auto, (max-width: 231px) 100vw, 231px\" \/><\/td>\n<\/tr>\n<tr>\n<td style=\"width: 17.1037%; border-style: hidden;\"><img loading=\"lazy\" decoding=\"async\" class=\"aligncenter wp-image-2768\" src=\"https:\/\/lra.webs.upv.es\/wp-content\/uploads\/2022\/05\/20180123-LogoAENOR-123x250-1.png\" alt=\"\" width=\"90\" height=\"183\" \/><\/td>\n<\/tr>\n<tr>\n<td style=\"width: 17.1037%; border-style: hidden;\"><img loading=\"lazy\" decoding=\"async\" class=\"aligncenter wp-image-2733\" src=\"https:\/\/lra.webs.upv.es\/wp-content\/uploads\/2022\/05\/iconemas2_tcm30-517205.png\" alt=\"\" width=\"90\" height=\"113\" \/><\/td>\n<\/tr>\n<\/tbody>\n<\/table>\n<p style=\"text-align: center;\">Sebasti\u00e1n Martorell Alsina<\/p>\n<p style=\"text-align: center;\">Director del Laboratorio de Radiactividad Ambiental<\/p>\n","protected":false},"excerpt":{"rendered":"<p>DECLARACI\u00d3N SOBRE LA POL\u00cdTICA DE CALIDAD DEL LABORATORIO DE RADIACTIVIDAD AMBIENTAL DE LA UNIVERSITAT POLIT\u00c8CNICA DE VAL\u00c8NCIA La direcci\u00f3n del Laboratorio de Radiactividad Ambiental (LRA), manifiesta su firme compromiso con la buena pr\u00e1ctica profesional y con la calidad de sus ensayos en el servicio a sus clientes. Los ensayos se realizar\u00e1n siempre de una manera [&hellip;]<\/p>\n","protected":false},"author":3,"featured_media":0,"parent":8,"menu_order":0,"comment_status":"closed","ping_status":"closed","template":"","meta":{"footnotes":""},"class_list":["post-14","page","type-page","status-publish","czr-hentry"],"yoast_head":"<!-- This site is optimized with the Yoast SEO plugin v27.3 - https:\/\/yoast.com\/product\/yoast-seo-wordpress\/ -->\n<title>Pol\u00edtica de Calidad - Laboratorio de Radiactividad Ambiental<\/title>\n<meta name=\"robots\" content=\"index, follow, max-snippet:-1, max-image-preview:large, max-video-preview:-1\" \/>\n<link rel=\"canonical\" href=\"https:\/\/lra.webs.upv.es\/index.php\/calidad\/politica-de-calidad\/\" \/>\n<meta property=\"og:locale\" content=\"es_ES\" \/>\n<meta property=\"og:type\" content=\"article\" \/>\n<meta property=\"og:title\" content=\"Pol\u00edtica de Calidad - Laboratorio de Radiactividad Ambiental\" \/>\n<meta property=\"og:description\" content=\"DECLARACI\u00d3N SOBRE LA POL\u00cdTICA DE CALIDAD DEL LABORATORIO DE RADIACTIVIDAD AMBIENTAL DE LA UNIVERSITAT POLIT\u00c8CNICA DE VAL\u00c8NCIA La direcci\u00f3n del Laboratorio de Radiactividad Ambiental (LRA), manifiesta su firme compromiso con la buena pr\u00e1ctica profesional y con la calidad de sus ensayos en el servicio a sus clientes. Los ensayos se realizar\u00e1n siempre de una manera [&hellip;]\" \/>\n<meta property=\"og:url\" content=\"https:\/\/lra.webs.upv.es\/index.php\/calidad\/politica-de-calidad\/\" \/>\n<meta property=\"og:site_name\" content=\"Laboratorio de Radiactividad Ambiental\" \/>\n<meta property=\"article:modified_time\" content=\"2022-05-03T08:29:47+00:00\" \/>\n<meta property=\"og:image\" content=\"https:\/\/lra.webs.upv.es\/wp-content\/uploads\/2022\/04\/WEB_No620-_-LE1050-copia-e1651566495387-231x300.png\" \/>\n<meta name=\"twitter:card\" content=\"summary_large_image\" \/>\n<meta name=\"twitter:label1\" content=\"Tiempo de lectura\" \/>\n\t<meta name=\"twitter:data1\" content=\"2 minutos\" \/>\n<script type=\"application\/ld+json\" class=\"yoast-schema-graph\">{\"@context\":\"https:\\\/\\\/schema.org\",\"@graph\":[{\"@type\":\"WebPage\",\"@id\":\"https:\\\/\\\/lra.webs.upv.es\\\/index.php\\\/calidad\\\/politica-de-calidad\\\/\",\"url\":\"https:\\\/\\\/lra.webs.upv.es\\\/index.php\\\/calidad\\\/politica-de-calidad\\\/\",\"name\":\"Pol\u00edtica de Calidad - Laboratorio de Radiactividad Ambiental\",\"isPartOf\":{\"@id\":\"https:\\\/\\\/lra.webs.upv.es\\\/#website\"},\"primaryImageOfPage\":{\"@id\":\"https:\\\/\\\/lra.webs.upv.es\\\/index.php\\\/calidad\\\/politica-de-calidad\\\/#primaryimage\"},\"image\":{\"@id\":\"https:\\\/\\\/lra.webs.upv.es\\\/index.php\\\/calidad\\\/politica-de-calidad\\\/#primaryimage\"},\"thumbnailUrl\":\"https:\\\/\\\/lra.webs.upv.es\\\/wp-content\\\/uploads\\\/2022\\\/04\\\/WEB_No620-_-LE1050-copia-e1651566495387-231x300.png\",\"datePublished\":\"2021-03-08T11:58:24+00:00\",\"dateModified\":\"2022-05-03T08:29:47+00:00\",\"breadcrumb\":{\"@id\":\"https:\\\/\\\/lra.webs.upv.es\\\/index.php\\\/calidad\\\/politica-de-calidad\\\/#breadcrumb\"},\"inLanguage\":\"es\",\"potentialAction\":[{\"@type\":\"ReadAction\",\"target\":[\"https:\\\/\\\/lra.webs.upv.es\\\/index.php\\\/calidad\\\/politica-de-calidad\\\/\"]}]},{\"@type\":\"ImageObject\",\"inLanguage\":\"es\",\"@id\":\"https:\\\/\\\/lra.webs.upv.es\\\/index.php\\\/calidad\\\/politica-de-calidad\\\/#primaryimage\",\"url\":\"https:\\\/\\\/lra.webs.upv.es\\\/wp-content\\\/uploads\\\/2022\\\/04\\\/WEB_No620-_-LE1050-copia-e1651566495387.png\",\"contentUrl\":\"https:\\\/\\\/lra.webs.upv.es\\\/wp-content\\\/uploads\\\/2022\\\/04\\\/WEB_No620-_-LE1050-copia-e1651566495387.png\",\"width\":776,\"height\":1006},{\"@type\":\"BreadcrumbList\",\"@id\":\"https:\\\/\\\/lra.webs.upv.es\\\/index.php\\\/calidad\\\/politica-de-calidad\\\/#breadcrumb\",\"itemListElement\":[{\"@type\":\"ListItem\",\"position\":1,\"name\":\"Portada\",\"item\":\"https:\\\/\\\/lra.webs.upv.es\\\/\"},{\"@type\":\"ListItem\",\"position\":2,\"name\":\"CALIDAD\",\"item\":\"https:\\\/\\\/lra.webs.upv.es\\\/index.php\\\/calidad\\\/\"},{\"@type\":\"ListItem\",\"position\":3,\"name\":\"Pol\u00edtica de Calidad\"}]},{\"@type\":\"WebSite\",\"@id\":\"https:\\\/\\\/lra.webs.upv.es\\\/#website\",\"url\":\"https:\\\/\\\/lra.webs.upv.es\\\/\",\"name\":\"Laboratorio de Radiactividad Ambiental\",\"description\":\"LRA - UPV\",\"publisher\":{\"@id\":\"https:\\\/\\\/lra.webs.upv.es\\\/#organization\"},\"potentialAction\":[{\"@type\":\"SearchAction\",\"target\":{\"@type\":\"EntryPoint\",\"urlTemplate\":\"https:\\\/\\\/lra.webs.upv.es\\\/?s={search_term_string}\"},\"query-input\":{\"@type\":\"PropertyValueSpecification\",\"valueRequired\":true,\"valueName\":\"search_term_string\"}}],\"inLanguage\":\"es\"},{\"@type\":\"Organization\",\"@id\":\"https:\\\/\\\/lra.webs.upv.es\\\/#organization\",\"name\":\"Laboratorio de Radiactividad Ambiental\",\"url\":\"https:\\\/\\\/lra.webs.upv.es\\\/\",\"logo\":{\"@type\":\"ImageObject\",\"inLanguage\":\"es\",\"@id\":\"https:\\\/\\\/lra.webs.upv.es\\\/#\\\/schema\\\/logo\\\/image\\\/\",\"url\":\"https:\\\/\\\/lra.webs.upv.es\\\/wp-content\\\/uploads\\\/2021\\\/03\\\/2_LRAUPV-LOGO-PNG.png\",\"contentUrl\":\"https:\\\/\\\/lra.webs.upv.es\\\/wp-content\\\/uploads\\\/2021\\\/03\\\/2_LRAUPV-LOGO-PNG.png\",\"width\":3508,\"height\":1478,\"caption\":\"Laboratorio de Radiactividad Ambiental\"},\"image\":{\"@id\":\"https:\\\/\\\/lra.webs.upv.es\\\/#\\\/schema\\\/logo\\\/image\\\/\"}}]}<\/script>\n<!-- \/ Yoast SEO plugin. -->","yoast_head_json":{"title":"Pol\u00edtica de Calidad - Laboratorio de Radiactividad Ambiental","robots":{"index":"index","follow":"follow","max-snippet":"max-snippet:-1","max-image-preview":"max-image-preview:large","max-video-preview":"max-video-preview:-1"},"canonical":"https:\/\/lra.webs.upv.es\/index.php\/calidad\/politica-de-calidad\/","og_locale":"es_ES","og_type":"article","og_title":"Pol\u00edtica de Calidad - Laboratorio de Radiactividad Ambiental","og_description":"DECLARACI\u00d3N SOBRE LA POL\u00cdTICA DE CALIDAD DEL LABORATORIO DE RADIACTIVIDAD AMBIENTAL DE LA UNIVERSITAT POLIT\u00c8CNICA DE VAL\u00c8NCIA La direcci\u00f3n del Laboratorio de Radiactividad Ambiental (LRA), manifiesta su firme compromiso con la buena pr\u00e1ctica profesional y con la calidad de sus ensayos en el servicio a sus clientes. Los ensayos se realizar\u00e1n siempre de una manera [&hellip;]","og_url":"https:\/\/lra.webs.upv.es\/index.php\/calidad\/politica-de-calidad\/","og_site_name":"Laboratorio de Radiactividad Ambiental","article_modified_time":"2022-05-03T08:29:47+00:00","og_image":[{"url":"https:\/\/lra.webs.upv.es\/wp-content\/uploads\/2022\/04\/WEB_No620-_-LE1050-copia-e1651566495387-231x300.png","type":"","width":"","height":""}],"twitter_card":"summary_large_image","twitter_misc":{"Tiempo de lectura":"2 minutos"},"schema":{"@context":"https:\/\/schema.org","@graph":[{"@type":"WebPage","@id":"https:\/\/lra.webs.upv.es\/index.php\/calidad\/politica-de-calidad\/","url":"https:\/\/lra.webs.upv.es\/index.php\/calidad\/politica-de-calidad\/","name":"Pol\u00edtica de Calidad - Laboratorio de Radiactividad Ambiental","isPartOf":{"@id":"https:\/\/lra.webs.upv.es\/#website"},"primaryImageOfPage":{"@id":"https:\/\/lra.webs.upv.es\/index.php\/calidad\/politica-de-calidad\/#primaryimage"},"image":{"@id":"https:\/\/lra.webs.upv.es\/index.php\/calidad\/politica-de-calidad\/#primaryimage"},"thumbnailUrl":"https:\/\/lra.webs.upv.es\/wp-content\/uploads\/2022\/04\/WEB_No620-_-LE1050-copia-e1651566495387-231x300.png","datePublished":"2021-03-08T11:58:24+00:00","dateModified":"2022-05-03T08:29:47+00:00","breadcrumb":{"@id":"https:\/\/lra.webs.upv.es\/index.php\/calidad\/politica-de-calidad\/#breadcrumb"},"inLanguage":"es","potentialAction":[{"@type":"ReadAction","target":["https:\/\/lra.webs.upv.es\/index.php\/calidad\/politica-de-calidad\/"]}]},{"@type":"ImageObject","inLanguage":"es","@id":"https:\/\/lra.webs.upv.es\/index.php\/calidad\/politica-de-calidad\/#primaryimage","url":"https:\/\/lra.webs.upv.es\/wp-content\/uploads\/2022\/04\/WEB_No620-_-LE1050-copia-e1651566495387.png","contentUrl":"https:\/\/lra.webs.upv.es\/wp-content\/uploads\/2022\/04\/WEB_No620-_-LE1050-copia-e1651566495387.png","width":776,"height":1006},{"@type":"BreadcrumbList","@id":"https:\/\/lra.webs.upv.es\/index.php\/calidad\/politica-de-calidad\/#breadcrumb","itemListElement":[{"@type":"ListItem","position":1,"name":"Portada","item":"https:\/\/lra.webs.upv.es\/"},{"@type":"ListItem","position":2,"name":"CALIDAD","item":"https:\/\/lra.webs.upv.es\/index.php\/calidad\/"},{"@type":"ListItem","position":3,"name":"Pol\u00edtica de Calidad"}]},{"@type":"WebSite","@id":"https:\/\/lra.webs.upv.es\/#website","url":"https:\/\/lra.webs.upv.es\/","name":"Laboratorio de Radiactividad Ambiental","description":"LRA - UPV","publisher":{"@id":"https:\/\/lra.webs.upv.es\/#organization"},"potentialAction":[{"@type":"SearchAction","target":{"@type":"EntryPoint","urlTemplate":"https:\/\/lra.webs.upv.es\/?s={search_term_string}"},"query-input":{"@type":"PropertyValueSpecification","valueRequired":true,"valueName":"search_term_string"}}],"inLanguage":"es"},{"@type":"Organization","@id":"https:\/\/lra.webs.upv.es\/#organization","name":"Laboratorio de Radiactividad Ambiental","url":"https:\/\/lra.webs.upv.es\/","logo":{"@type":"ImageObject","inLanguage":"es","@id":"https:\/\/lra.webs.upv.es\/#\/schema\/logo\/image\/","url":"https:\/\/lra.webs.upv.es\/wp-content\/uploads\/2021\/03\/2_LRAUPV-LOGO-PNG.png","contentUrl":"https:\/\/lra.webs.upv.es\/wp-content\/uploads\/2021\/03\/2_LRAUPV-LOGO-PNG.png","width":3508,"height":1478,"caption":"Laboratorio de Radiactividad Ambiental"},"image":{"@id":"https:\/\/lra.webs.upv.es\/#\/schema\/logo\/image\/"}}]}},"_links":{"self":[{"href":"https:\/\/lra.webs.upv.es\/index.php\/wp-json\/wp\/v2\/pages\/14","targetHints":{"allow":["GET"]}}],"collection":[{"href":"https:\/\/lra.webs.upv.es\/index.php\/wp-json\/wp\/v2\/pages"}],"about":[{"href":"https:\/\/lra.webs.upv.es\/index.php\/wp-json\/wp\/v2\/types\/page"}],"author":[{"embeddable":true,"href":"https:\/\/lra.webs.upv.es\/index.php\/wp-json\/wp\/v2\/users\/3"}],"replies":[{"embeddable":true,"href":"https:\/\/lra.webs.upv.es\/index.php\/wp-json\/wp\/v2\/comments?post=14"}],"version-history":[{"count":26,"href":"https:\/\/lra.webs.upv.es\/index.php\/wp-json\/wp\/v2\/pages\/14\/revisions"}],"predecessor-version":[{"id":2789,"href":"https:\/\/lra.webs.upv.es\/index.php\/wp-json\/wp\/v2\/pages\/14\/revisions\/2789"}],"up":[{"embeddable":true,"href":"https:\/\/lra.webs.upv.es\/index.php\/wp-json\/wp\/v2\/pages\/8"}],"wp:attachment":[{"href":"https:\/\/lra.webs.upv.es\/index.php\/wp-json\/wp\/v2\/media?parent=14"}],"curies":[{"name":"wp","href":"https:\/\/api.w.org\/{rel}","templated":true}]}}