{"id":2244,"date":"2021-03-18T11:21:18","date_gmt":"2021-03-18T11:21:18","guid":{"rendered":"https:\/\/lra.webs.upv.es\/?page_id=2244"},"modified":"2021-09-01T13:48:30","modified_gmt":"2021-09-01T13:48:30","slug":"determinacion-de-la-radiactividad-en-materiales-norm-y-de-construccion","status":"publish","type":"page","link":"https:\/\/lra.webs.upv.es\/index.php\/servicios\/determinacion-de-la-radiactividad-en-materiales-norm-y-de-construccion\/","title":{"rendered":"DETERMINACI\u00d3N DE LA RADIACTIVIDAD EN MATERIALES NORM Y DE CONSTRUCCI\u00d3N"},"content":{"rendered":"<p style=\"text-align: justify;\">El LRA caracteriza los materiales provenientes de la industria NORM, ya sean materias primas, o productos finales, as\u00ed como materiales de construcci\u00f3n, mediante la determinaci\u00f3n de los emisores gamma naturales haciendo uso de un detector de semiconductor de Ge(HP). (<a href=\"https:\/\/www.enac.es\/documents\/7020\/80b898a9-19c2-4167-b01f-4e430b2f974d\">n\u00ba_620\/LE1050<\/a>)<\/p>\n<p style=\"text-align: justify;\">Los principales radionucleidos naturales a determinar son el <strong><sup>226<\/sup>Ra<\/strong>, <strong><sup>232<\/sup>Th<\/strong> y <strong><sup>40<\/sup>K<\/strong>.\u00a0Adem\u00e1s, el LRA lleva a cabo <strong>Declaraciones de conformidad<\/strong> seg\u00fan normativa nacional e\u00a0internacional relacionada con materiales de construcci\u00f3n y productos cer\u00e1micos, como por\u00a0ejemplo:<\/p>\n<p><img loading=\"lazy\" decoding=\"async\" class=\"alignright wp-image-2505 \" src=\"https:\/\/lra.webs.upv.es\/wp-content\/uploads\/2021\/06\/20210526_143155-300x225.jpg\" alt=\"\" width=\"380\" height=\"285\" \/><\/p>\n<p style=\"padding-left: 40px;\"><span style=\"text-decoration: underline;\">Uni\u00f3n_Europea<\/span>: <strong>Directiva 2013\/59\/Euratom<\/strong> del Consejo, de 5 de diciembre de 2013, por la\u00a0que se establecen normas de seguridad b\u00e1sicas para la protecci\u00f3n contra los peligros\u00a0derivados de la exposici\u00f3n a radiaciones ionizantes.<\/p>\n<p style=\"padding-left: 40px;\"><span style=\"text-decoration: underline;\">China<\/span>: <strong>GB 6566-2010<\/strong>, Limits of radionuclides in building materials. National Standard of the People&#8217;s Republic of China, 2010.<\/p>\n<p style=\"padding-left: 40px;\"><span style=\"text-decoration: underline;\">Uni\u00f3n_Econ\u00f3mica_Euroasi\u00e1tica<\/span>: <strong>GOST 30108-94,<\/strong> \u201cBuilding materials and elements.\u00a0Determination of specific activity of natural radioactive nuclei\u201d. State Committee for the\u00a0Russian Federation for Standardization and Metrology, Moscow, 1994.<\/p>\n<p style=\"text-align: justify;\">\n","protected":false},"excerpt":{"rendered":"<p>El LRA caracteriza los materiales provenientes de la industria NORM, ya sean materias primas, o productos finales, as\u00ed como materiales de construcci\u00f3n, mediante la determinaci\u00f3n de los emisores gamma naturales haciendo uso de un detector de semiconductor de Ge(HP). (n\u00ba_620\/LE1050) Los principales radionucleidos naturales a determinar son el 226Ra, 232Th y 40K.\u00a0Adem\u00e1s, el LRA lleva [&hellip;]<\/p>\n","protected":false},"author":3,"featured_media":2521,"parent":61,"menu_order":0,"comment_status":"closed","ping_status":"closed","template":"","meta":{"footnotes":""},"class_list":["post-2244","page","type-page","status-publish","has-post-thumbnail","czr-hentry"],"yoast_head":"<!-- This site is optimized with the Yoast SEO plugin v27.4 - https:\/\/yoast.com\/product\/yoast-seo-wordpress\/ -->\n<title>DETERMINACI\u00d3N DE LA RADIACTIVIDAD EN MATERIALES NORM Y DE CONSTRUCCI\u00d3N - Laboratorio de Radiactividad Ambiental<\/title>\n<meta name=\"robots\" content=\"index, follow, max-snippet:-1, max-image-preview:large, max-video-preview:-1\" \/>\n<link rel=\"canonical\" href=\"https:\/\/lra.webs.upv.es\/index.php\/servicios\/determinacion-de-la-radiactividad-en-materiales-norm-y-de-construccion\/\" \/>\n<meta property=\"og:locale\" content=\"es_ES\" \/>\n<meta property=\"og:type\" content=\"article\" \/>\n<meta property=\"og:title\" content=\"DETERMINACI\u00d3N DE LA RADIACTIVIDAD EN MATERIALES NORM Y DE CONSTRUCCI\u00d3N - Laboratorio de Radiactividad Ambiental\" \/>\n<meta property=\"og:description\" content=\"El LRA caracteriza los materiales provenientes de la industria NORM, ya sean materias primas, o productos finales, as\u00ed como materiales de construcci\u00f3n, mediante la determinaci\u00f3n de los emisores gamma naturales haciendo uso de un detector de semiconductor de Ge(HP). (n\u00ba_620\/LE1050) Los principales radionucleidos naturales a determinar son el 226Ra, 232Th y 40K.\u00a0Adem\u00e1s, el LRA lleva [&hellip;]\" \/>\n<meta property=\"og:url\" content=\"https:\/\/lra.webs.upv.es\/index.php\/servicios\/determinacion-de-la-radiactividad-en-materiales-norm-y-de-construccion\/\" \/>\n<meta property=\"og:site_name\" content=\"Laboratorio de Radiactividad Ambiental\" \/>\n<meta property=\"article:modified_time\" content=\"2021-09-01T13:48:30+00:00\" \/>\n<meta property=\"og:image\" content=\"https:\/\/i2.wp.com\/lra.webs.upv.es\/wp-content\/uploads\/2021\/06\/EspectroGamma.png?fit=1614%2C660&ssl=1\" \/>\n\t<meta property=\"og:image:width\" content=\"1614\" \/>\n\t<meta property=\"og:image:height\" content=\"660\" \/>\n\t<meta property=\"og:image:type\" content=\"image\/png\" \/>\n<meta name=\"twitter:card\" content=\"summary_large_image\" \/>\n<meta name=\"twitter:label1\" content=\"Tiempo de lectura\" \/>\n\t<meta name=\"twitter:data1\" content=\"1 minuto\" \/>\n<script type=\"application\/ld+json\" class=\"yoast-schema-graph\">{\"@context\":\"https:\\\/\\\/schema.org\",\"@graph\":[{\"@type\":\"WebPage\",\"@id\":\"https:\\\/\\\/lra.webs.upv.es\\\/index.php\\\/servicios\\\/determinacion-de-la-radiactividad-en-materiales-norm-y-de-construccion\\\/\",\"url\":\"https:\\\/\\\/lra.webs.upv.es\\\/index.php\\\/servicios\\\/determinacion-de-la-radiactividad-en-materiales-norm-y-de-construccion\\\/\",\"name\":\"DETERMINACI\u00d3N DE LA RADIACTIVIDAD EN MATERIALES NORM Y DE CONSTRUCCI\u00d3N - Laboratorio de Radiactividad Ambiental\",\"isPartOf\":{\"@id\":\"https:\\\/\\\/lra.webs.upv.es\\\/#website\"},\"primaryImageOfPage\":{\"@id\":\"https:\\\/\\\/lra.webs.upv.es\\\/index.php\\\/servicios\\\/determinacion-de-la-radiactividad-en-materiales-norm-y-de-construccion\\\/#primaryimage\"},\"image\":{\"@id\":\"https:\\\/\\\/lra.webs.upv.es\\\/index.php\\\/servicios\\\/determinacion-de-la-radiactividad-en-materiales-norm-y-de-construccion\\\/#primaryimage\"},\"thumbnailUrl\":\"https:\\\/\\\/lra.webs.upv.es\\\/wp-content\\\/uploads\\\/2021\\\/06\\\/EspectroGamma.png\",\"datePublished\":\"2021-03-18T11:21:18+00:00\",\"dateModified\":\"2021-09-01T13:48:30+00:00\",\"breadcrumb\":{\"@id\":\"https:\\\/\\\/lra.webs.upv.es\\\/index.php\\\/servicios\\\/determinacion-de-la-radiactividad-en-materiales-norm-y-de-construccion\\\/#breadcrumb\"},\"inLanguage\":\"es\",\"potentialAction\":[{\"@type\":\"ReadAction\",\"target\":[\"https:\\\/\\\/lra.webs.upv.es\\\/index.php\\\/servicios\\\/determinacion-de-la-radiactividad-en-materiales-norm-y-de-construccion\\\/\"]}]},{\"@type\":\"ImageObject\",\"inLanguage\":\"es\",\"@id\":\"https:\\\/\\\/lra.webs.upv.es\\\/index.php\\\/servicios\\\/determinacion-de-la-radiactividad-en-materiales-norm-y-de-construccion\\\/#primaryimage\",\"url\":\"https:\\\/\\\/lra.webs.upv.es\\\/wp-content\\\/uploads\\\/2021\\\/06\\\/EspectroGamma.png\",\"contentUrl\":\"https:\\\/\\\/lra.webs.upv.es\\\/wp-content\\\/uploads\\\/2021\\\/06\\\/EspectroGamma.png\",\"width\":1614,\"height\":660},{\"@type\":\"BreadcrumbList\",\"@id\":\"https:\\\/\\\/lra.webs.upv.es\\\/index.php\\\/servicios\\\/determinacion-de-la-radiactividad-en-materiales-norm-y-de-construccion\\\/#breadcrumb\",\"itemListElement\":[{\"@type\":\"ListItem\",\"position\":1,\"name\":\"Portada\",\"item\":\"https:\\\/\\\/lra.webs.upv.es\\\/\"},{\"@type\":\"ListItem\",\"position\":2,\"name\":\"SERVICIOS\",\"item\":\"https:\\\/\\\/lra.webs.upv.es\\\/index.php\\\/servicios\\\/\"},{\"@type\":\"ListItem\",\"position\":3,\"name\":\"DETERMINACI\u00d3N DE LA RADIACTIVIDAD EN MATERIALES NORM Y DE CONSTRUCCI\u00d3N\"}]},{\"@type\":\"WebSite\",\"@id\":\"https:\\\/\\\/lra.webs.upv.es\\\/#website\",\"url\":\"https:\\\/\\\/lra.webs.upv.es\\\/\",\"name\":\"Laboratorio de Radiactividad Ambiental\",\"description\":\"LRA - UPV\",\"publisher\":{\"@id\":\"https:\\\/\\\/lra.webs.upv.es\\\/#organization\"},\"potentialAction\":[{\"@type\":\"SearchAction\",\"target\":{\"@type\":\"EntryPoint\",\"urlTemplate\":\"https:\\\/\\\/lra.webs.upv.es\\\/?s={search_term_string}\"},\"query-input\":{\"@type\":\"PropertyValueSpecification\",\"valueRequired\":true,\"valueName\":\"search_term_string\"}}],\"inLanguage\":\"es\"},{\"@type\":\"Organization\",\"@id\":\"https:\\\/\\\/lra.webs.upv.es\\\/#organization\",\"name\":\"Laboratorio de Radiactividad Ambiental\",\"url\":\"https:\\\/\\\/lra.webs.upv.es\\\/\",\"logo\":{\"@type\":\"ImageObject\",\"inLanguage\":\"es\",\"@id\":\"https:\\\/\\\/lra.webs.upv.es\\\/#\\\/schema\\\/logo\\\/image\\\/\",\"url\":\"https:\\\/\\\/lra.webs.upv.es\\\/wp-content\\\/uploads\\\/2021\\\/03\\\/2_LRAUPV-LOGO-PNG.png\",\"contentUrl\":\"https:\\\/\\\/lra.webs.upv.es\\\/wp-content\\\/uploads\\\/2021\\\/03\\\/2_LRAUPV-LOGO-PNG.png\",\"width\":3508,\"height\":1478,\"caption\":\"Laboratorio de Radiactividad Ambiental\"},\"image\":{\"@id\":\"https:\\\/\\\/lra.webs.upv.es\\\/#\\\/schema\\\/logo\\\/image\\\/\"}}]}<\/script>\n<!-- \/ Yoast SEO plugin. -->","yoast_head_json":{"title":"DETERMINACI\u00d3N DE LA RADIACTIVIDAD EN MATERIALES NORM Y DE CONSTRUCCI\u00d3N - Laboratorio de Radiactividad Ambiental","robots":{"index":"index","follow":"follow","max-snippet":"max-snippet:-1","max-image-preview":"max-image-preview:large","max-video-preview":"max-video-preview:-1"},"canonical":"https:\/\/lra.webs.upv.es\/index.php\/servicios\/determinacion-de-la-radiactividad-en-materiales-norm-y-de-construccion\/","og_locale":"es_ES","og_type":"article","og_title":"DETERMINACI\u00d3N DE LA RADIACTIVIDAD EN MATERIALES NORM Y DE CONSTRUCCI\u00d3N - Laboratorio de Radiactividad Ambiental","og_description":"El LRA caracteriza los materiales provenientes de la industria NORM, ya sean materias primas, o productos finales, as\u00ed como materiales de construcci\u00f3n, mediante la determinaci\u00f3n de los emisores gamma naturales haciendo uso de un detector de semiconductor de Ge(HP). (n\u00ba_620\/LE1050) Los principales radionucleidos naturales a determinar son el 226Ra, 232Th y 40K.\u00a0Adem\u00e1s, el LRA lleva [&hellip;]","og_url":"https:\/\/lra.webs.upv.es\/index.php\/servicios\/determinacion-de-la-radiactividad-en-materiales-norm-y-de-construccion\/","og_site_name":"Laboratorio de Radiactividad Ambiental","article_modified_time":"2021-09-01T13:48:30+00:00","og_image":[{"width":1614,"height":660,"url":"https:\/\/i2.wp.com\/lra.webs.upv.es\/wp-content\/uploads\/2021\/06\/EspectroGamma.png?fit=1614%2C660&ssl=1","type":"image\/png"}],"twitter_card":"summary_large_image","twitter_misc":{"Tiempo de lectura":"1 minuto"},"schema":{"@context":"https:\/\/schema.org","@graph":[{"@type":"WebPage","@id":"https:\/\/lra.webs.upv.es\/index.php\/servicios\/determinacion-de-la-radiactividad-en-materiales-norm-y-de-construccion\/","url":"https:\/\/lra.webs.upv.es\/index.php\/servicios\/determinacion-de-la-radiactividad-en-materiales-norm-y-de-construccion\/","name":"DETERMINACI\u00d3N DE LA RADIACTIVIDAD EN MATERIALES NORM Y DE CONSTRUCCI\u00d3N - Laboratorio de Radiactividad Ambiental","isPartOf":{"@id":"https:\/\/lra.webs.upv.es\/#website"},"primaryImageOfPage":{"@id":"https:\/\/lra.webs.upv.es\/index.php\/servicios\/determinacion-de-la-radiactividad-en-materiales-norm-y-de-construccion\/#primaryimage"},"image":{"@id":"https:\/\/lra.webs.upv.es\/index.php\/servicios\/determinacion-de-la-radiactividad-en-materiales-norm-y-de-construccion\/#primaryimage"},"thumbnailUrl":"https:\/\/lra.webs.upv.es\/wp-content\/uploads\/2021\/06\/EspectroGamma.png","datePublished":"2021-03-18T11:21:18+00:00","dateModified":"2021-09-01T13:48:30+00:00","breadcrumb":{"@id":"https:\/\/lra.webs.upv.es\/index.php\/servicios\/determinacion-de-la-radiactividad-en-materiales-norm-y-de-construccion\/#breadcrumb"},"inLanguage":"es","potentialAction":[{"@type":"ReadAction","target":["https:\/\/lra.webs.upv.es\/index.php\/servicios\/determinacion-de-la-radiactividad-en-materiales-norm-y-de-construccion\/"]}]},{"@type":"ImageObject","inLanguage":"es","@id":"https:\/\/lra.webs.upv.es\/index.php\/servicios\/determinacion-de-la-radiactividad-en-materiales-norm-y-de-construccion\/#primaryimage","url":"https:\/\/lra.webs.upv.es\/wp-content\/uploads\/2021\/06\/EspectroGamma.png","contentUrl":"https:\/\/lra.webs.upv.es\/wp-content\/uploads\/2021\/06\/EspectroGamma.png","width":1614,"height":660},{"@type":"BreadcrumbList","@id":"https:\/\/lra.webs.upv.es\/index.php\/servicios\/determinacion-de-la-radiactividad-en-materiales-norm-y-de-construccion\/#breadcrumb","itemListElement":[{"@type":"ListItem","position":1,"name":"Portada","item":"https:\/\/lra.webs.upv.es\/"},{"@type":"ListItem","position":2,"name":"SERVICIOS","item":"https:\/\/lra.webs.upv.es\/index.php\/servicios\/"},{"@type":"ListItem","position":3,"name":"DETERMINACI\u00d3N DE LA RADIACTIVIDAD EN MATERIALES NORM Y DE CONSTRUCCI\u00d3N"}]},{"@type":"WebSite","@id":"https:\/\/lra.webs.upv.es\/#website","url":"https:\/\/lra.webs.upv.es\/","name":"Laboratorio de Radiactividad Ambiental","description":"LRA - UPV","publisher":{"@id":"https:\/\/lra.webs.upv.es\/#organization"},"potentialAction":[{"@type":"SearchAction","target":{"@type":"EntryPoint","urlTemplate":"https:\/\/lra.webs.upv.es\/?s={search_term_string}"},"query-input":{"@type":"PropertyValueSpecification","valueRequired":true,"valueName":"search_term_string"}}],"inLanguage":"es"},{"@type":"Organization","@id":"https:\/\/lra.webs.upv.es\/#organization","name":"Laboratorio de Radiactividad Ambiental","url":"https:\/\/lra.webs.upv.es\/","logo":{"@type":"ImageObject","inLanguage":"es","@id":"https:\/\/lra.webs.upv.es\/#\/schema\/logo\/image\/","url":"https:\/\/lra.webs.upv.es\/wp-content\/uploads\/2021\/03\/2_LRAUPV-LOGO-PNG.png","contentUrl":"https:\/\/lra.webs.upv.es\/wp-content\/uploads\/2021\/03\/2_LRAUPV-LOGO-PNG.png","width":3508,"height":1478,"caption":"Laboratorio de Radiactividad Ambiental"},"image":{"@id":"https:\/\/lra.webs.upv.es\/#\/schema\/logo\/image\/"}}]}},"_links":{"self":[{"href":"https:\/\/lra.webs.upv.es\/index.php\/wp-json\/wp\/v2\/pages\/2244","targetHints":{"allow":["GET"]}}],"collection":[{"href":"https:\/\/lra.webs.upv.es\/index.php\/wp-json\/wp\/v2\/pages"}],"about":[{"href":"https:\/\/lra.webs.upv.es\/index.php\/wp-json\/wp\/v2\/types\/page"}],"author":[{"embeddable":true,"href":"https:\/\/lra.webs.upv.es\/index.php\/wp-json\/wp\/v2\/users\/3"}],"replies":[{"embeddable":true,"href":"https:\/\/lra.webs.upv.es\/index.php\/wp-json\/wp\/v2\/comments?post=2244"}],"version-history":[{"count":19,"href":"https:\/\/lra.webs.upv.es\/index.php\/wp-json\/wp\/v2\/pages\/2244\/revisions"}],"predecessor-version":[{"id":2541,"href":"https:\/\/lra.webs.upv.es\/index.php\/wp-json\/wp\/v2\/pages\/2244\/revisions\/2541"}],"up":[{"embeddable":true,"href":"https:\/\/lra.webs.upv.es\/index.php\/wp-json\/wp\/v2\/pages\/61"}],"wp:featuredmedia":[{"embeddable":true,"href":"https:\/\/lra.webs.upv.es\/index.php\/wp-json\/wp\/v2\/media\/2521"}],"wp:attachment":[{"href":"https:\/\/lra.webs.upv.es\/index.php\/wp-json\/wp\/v2\/media?parent=2244"}],"curies":[{"name":"wp","href":"https:\/\/api.w.org\/{rel}","templated":true}]}}