{"id":2248,"date":"2021-03-18T11:24:21","date_gmt":"2021-03-18T11:24:21","guid":{"rendered":"https:\/\/lra.webs.upv.es\/?page_id=2248"},"modified":"2022-05-02T08:51:15","modified_gmt":"2022-05-02T08:51:15","slug":"dosimetria-ambiental","status":"publish","type":"page","link":"https:\/\/lra.webs.upv.es\/index.php\/servicios\/dosimetria-ambiental\/","title":{"rendered":"DOSIMETR\u00cdA AMBIENTAL O DE \u00c1REA"},"content":{"rendered":"<p style=\"text-align: justify;\">En los programas de vigilancia radiol\u00f3gica ambiental y estudios de impacto de algunas industrias es necesario llevar a cabo la vigilancia de los niveles de radiaci\u00f3n ambiental o directa. Para ellos se emplean de dos\u00edmetros de termoluminiscencia (TLD). En concreto, el LRA dispone de la metodolog\u00eda para determinar la dosis ambiental mediante el uso de detectores de Fluoruro de Litio (TLD-100).<\/p>\n","protected":false},"excerpt":{"rendered":"<p>En los programas de vigilancia radiol\u00f3gica ambiental y estudios de impacto de algunas industrias es necesario llevar a cabo la vigilancia de los niveles de radiaci\u00f3n ambiental o directa. Para ellos se emplean de dos\u00edmetros de termoluminiscencia (TLD). En concreto, el LRA dispone de la metodolog\u00eda para determinar la dosis ambiental mediante el uso de [&hellip;]<\/p>\n","protected":false},"author":3,"featured_media":2275,"parent":61,"menu_order":0,"comment_status":"closed","ping_status":"closed","template":"","meta":{"footnotes":""},"class_list":["post-2248","page","type-page","status-publish","has-post-thumbnail","czr-hentry"],"yoast_head":"<!-- This site is optimized with the Yoast SEO plugin v27.6 - https:\/\/yoast.com\/product\/yoast-seo-wordpress\/ -->\n<title>DOSIMETR\u00cdA AMBIENTAL O DE \u00c1REA - Laboratorio de Radiactividad Ambiental<\/title>\n<meta name=\"robots\" content=\"index, follow, max-snippet:-1, max-image-preview:large, max-video-preview:-1\" \/>\n<link rel=\"canonical\" href=\"https:\/\/lra.webs.upv.es\/index.php\/servicios\/dosimetria-ambiental\/\" \/>\n<meta property=\"og:locale\" content=\"es_ES\" \/>\n<meta property=\"og:type\" content=\"article\" \/>\n<meta property=\"og:title\" content=\"DOSIMETR\u00cdA AMBIENTAL O DE \u00c1REA - Laboratorio de Radiactividad Ambiental\" \/>\n<meta property=\"og:description\" content=\"En los programas de vigilancia radiol\u00f3gica ambiental y estudios de impacto de algunas industrias es necesario llevar a cabo la vigilancia de los niveles de radiaci\u00f3n ambiental o directa. Para ellos se emplean de dos\u00edmetros de termoluminiscencia (TLD). En concreto, el LRA dispone de la metodolog\u00eda para determinar la dosis ambiental mediante el uso de [&hellip;]\" \/>\n<meta property=\"og:url\" content=\"https:\/\/lra.webs.upv.es\/index.php\/servicios\/dosimetria-ambiental\/\" \/>\n<meta property=\"og:site_name\" content=\"Laboratorio de Radiactividad Ambiental\" \/>\n<meta property=\"article:modified_time\" content=\"2022-05-02T08:51:15+00:00\" \/>\n<meta property=\"og:image\" content=\"https:\/\/lra.webs.upv.es\/wp-content\/uploads\/2021\/03\/1615733595424-scaled.jpg\" \/>\n\t<meta property=\"og:image:width\" content=\"1182\" \/>\n\t<meta property=\"og:image:height\" content=\"2560\" \/>\n\t<meta property=\"og:image:type\" content=\"image\/jpeg\" \/>\n<meta name=\"twitter:card\" content=\"summary_large_image\" \/>\n<meta name=\"twitter:label1\" content=\"Tiempo de lectura\" \/>\n\t<meta name=\"twitter:data1\" content=\"1 minuto\" \/>\n<script type=\"application\/ld+json\" class=\"yoast-schema-graph\">{\"@context\":\"https:\\\/\\\/schema.org\",\"@graph\":[{\"@type\":\"WebPage\",\"@id\":\"https:\\\/\\\/lra.webs.upv.es\\\/index.php\\\/servicios\\\/dosimetria-ambiental\\\/\",\"url\":\"https:\\\/\\\/lra.webs.upv.es\\\/index.php\\\/servicios\\\/dosimetria-ambiental\\\/\",\"name\":\"DOSIMETR\u00cdA AMBIENTAL O DE \u00c1REA - Laboratorio de Radiactividad Ambiental\",\"isPartOf\":{\"@id\":\"https:\\\/\\\/lra.webs.upv.es\\\/#website\"},\"primaryImageOfPage\":{\"@id\":\"https:\\\/\\\/lra.webs.upv.es\\\/index.php\\\/servicios\\\/dosimetria-ambiental\\\/#primaryimage\"},\"image\":{\"@id\":\"https:\\\/\\\/lra.webs.upv.es\\\/index.php\\\/servicios\\\/dosimetria-ambiental\\\/#primaryimage\"},\"thumbnailUrl\":\"https:\\\/\\\/lra.webs.upv.es\\\/wp-content\\\/uploads\\\/2021\\\/03\\\/1615733595424-scaled.jpg\",\"datePublished\":\"2021-03-18T11:24:21+00:00\",\"dateModified\":\"2022-05-02T08:51:15+00:00\",\"breadcrumb\":{\"@id\":\"https:\\\/\\\/lra.webs.upv.es\\\/index.php\\\/servicios\\\/dosimetria-ambiental\\\/#breadcrumb\"},\"inLanguage\":\"es\",\"potentialAction\":[{\"@type\":\"ReadAction\",\"target\":[\"https:\\\/\\\/lra.webs.upv.es\\\/index.php\\\/servicios\\\/dosimetria-ambiental\\\/\"]}]},{\"@type\":\"ImageObject\",\"inLanguage\":\"es\",\"@id\":\"https:\\\/\\\/lra.webs.upv.es\\\/index.php\\\/servicios\\\/dosimetria-ambiental\\\/#primaryimage\",\"url\":\"https:\\\/\\\/lra.webs.upv.es\\\/wp-content\\\/uploads\\\/2021\\\/03\\\/1615733595424-scaled.jpg\",\"contentUrl\":\"https:\\\/\\\/lra.webs.upv.es\\\/wp-content\\\/uploads\\\/2021\\\/03\\\/1615733595424-scaled.jpg\",\"width\":1182,\"height\":2560},{\"@type\":\"BreadcrumbList\",\"@id\":\"https:\\\/\\\/lra.webs.upv.es\\\/index.php\\\/servicios\\\/dosimetria-ambiental\\\/#breadcrumb\",\"itemListElement\":[{\"@type\":\"ListItem\",\"position\":1,\"name\":\"Portada\",\"item\":\"https:\\\/\\\/lra.webs.upv.es\\\/\"},{\"@type\":\"ListItem\",\"position\":2,\"name\":\"SERVICIOS\",\"item\":\"https:\\\/\\\/lra.webs.upv.es\\\/index.php\\\/servicios\\\/\"},{\"@type\":\"ListItem\",\"position\":3,\"name\":\"DOSIMETR\u00cdA AMBIENTAL O DE \u00c1REA\"}]},{\"@type\":\"WebSite\",\"@id\":\"https:\\\/\\\/lra.webs.upv.es\\\/#website\",\"url\":\"https:\\\/\\\/lra.webs.upv.es\\\/\",\"name\":\"Laboratorio de Radiactividad Ambiental\",\"description\":\"LRA - UPV\",\"publisher\":{\"@id\":\"https:\\\/\\\/lra.webs.upv.es\\\/#organization\"},\"potentialAction\":[{\"@type\":\"SearchAction\",\"target\":{\"@type\":\"EntryPoint\",\"urlTemplate\":\"https:\\\/\\\/lra.webs.upv.es\\\/?s={search_term_string}\"},\"query-input\":{\"@type\":\"PropertyValueSpecification\",\"valueRequired\":true,\"valueName\":\"search_term_string\"}}],\"inLanguage\":\"es\"},{\"@type\":\"Organization\",\"@id\":\"https:\\\/\\\/lra.webs.upv.es\\\/#organization\",\"name\":\"Laboratorio de Radiactividad Ambiental\",\"url\":\"https:\\\/\\\/lra.webs.upv.es\\\/\",\"logo\":{\"@type\":\"ImageObject\",\"inLanguage\":\"es\",\"@id\":\"https:\\\/\\\/lra.webs.upv.es\\\/#\\\/schema\\\/logo\\\/image\\\/\",\"url\":\"https:\\\/\\\/lra.webs.upv.es\\\/wp-content\\\/uploads\\\/2021\\\/03\\\/2_LRAUPV-LOGO-PNG.png\",\"contentUrl\":\"https:\\\/\\\/lra.webs.upv.es\\\/wp-content\\\/uploads\\\/2021\\\/03\\\/2_LRAUPV-LOGO-PNG.png\",\"width\":3508,\"height\":1478,\"caption\":\"Laboratorio de Radiactividad Ambiental\"},\"image\":{\"@id\":\"https:\\\/\\\/lra.webs.upv.es\\\/#\\\/schema\\\/logo\\\/image\\\/\"}}]}<\/script>\n<!-- \/ Yoast SEO plugin. -->","yoast_head_json":{"title":"DOSIMETR\u00cdA AMBIENTAL O DE \u00c1REA - Laboratorio de Radiactividad Ambiental","robots":{"index":"index","follow":"follow","max-snippet":"max-snippet:-1","max-image-preview":"max-image-preview:large","max-video-preview":"max-video-preview:-1"},"canonical":"https:\/\/lra.webs.upv.es\/index.php\/servicios\/dosimetria-ambiental\/","og_locale":"es_ES","og_type":"article","og_title":"DOSIMETR\u00cdA AMBIENTAL O DE \u00c1REA - Laboratorio de Radiactividad Ambiental","og_description":"En los programas de vigilancia radiol\u00f3gica ambiental y estudios de impacto de algunas industrias es necesario llevar a cabo la vigilancia de los niveles de radiaci\u00f3n ambiental o directa. Para ellos se emplean de dos\u00edmetros de termoluminiscencia (TLD). En concreto, el LRA dispone de la metodolog\u00eda para determinar la dosis ambiental mediante el uso de [&hellip;]","og_url":"https:\/\/lra.webs.upv.es\/index.php\/servicios\/dosimetria-ambiental\/","og_site_name":"Laboratorio de Radiactividad Ambiental","article_modified_time":"2022-05-02T08:51:15+00:00","og_image":[{"width":1182,"height":2560,"url":"https:\/\/lra.webs.upv.es\/wp-content\/uploads\/2021\/03\/1615733595424-scaled.jpg","type":"image\/jpeg"}],"twitter_card":"summary_large_image","twitter_misc":{"Tiempo de lectura":"1 minuto"},"schema":{"@context":"https:\/\/schema.org","@graph":[{"@type":"WebPage","@id":"https:\/\/lra.webs.upv.es\/index.php\/servicios\/dosimetria-ambiental\/","url":"https:\/\/lra.webs.upv.es\/index.php\/servicios\/dosimetria-ambiental\/","name":"DOSIMETR\u00cdA AMBIENTAL O DE \u00c1REA - Laboratorio de Radiactividad Ambiental","isPartOf":{"@id":"https:\/\/lra.webs.upv.es\/#website"},"primaryImageOfPage":{"@id":"https:\/\/lra.webs.upv.es\/index.php\/servicios\/dosimetria-ambiental\/#primaryimage"},"image":{"@id":"https:\/\/lra.webs.upv.es\/index.php\/servicios\/dosimetria-ambiental\/#primaryimage"},"thumbnailUrl":"https:\/\/lra.webs.upv.es\/wp-content\/uploads\/2021\/03\/1615733595424-scaled.jpg","datePublished":"2021-03-18T11:24:21+00:00","dateModified":"2022-05-02T08:51:15+00:00","breadcrumb":{"@id":"https:\/\/lra.webs.upv.es\/index.php\/servicios\/dosimetria-ambiental\/#breadcrumb"},"inLanguage":"es","potentialAction":[{"@type":"ReadAction","target":["https:\/\/lra.webs.upv.es\/index.php\/servicios\/dosimetria-ambiental\/"]}]},{"@type":"ImageObject","inLanguage":"es","@id":"https:\/\/lra.webs.upv.es\/index.php\/servicios\/dosimetria-ambiental\/#primaryimage","url":"https:\/\/lra.webs.upv.es\/wp-content\/uploads\/2021\/03\/1615733595424-scaled.jpg","contentUrl":"https:\/\/lra.webs.upv.es\/wp-content\/uploads\/2021\/03\/1615733595424-scaled.jpg","width":1182,"height":2560},{"@type":"BreadcrumbList","@id":"https:\/\/lra.webs.upv.es\/index.php\/servicios\/dosimetria-ambiental\/#breadcrumb","itemListElement":[{"@type":"ListItem","position":1,"name":"Portada","item":"https:\/\/lra.webs.upv.es\/"},{"@type":"ListItem","position":2,"name":"SERVICIOS","item":"https:\/\/lra.webs.upv.es\/index.php\/servicios\/"},{"@type":"ListItem","position":3,"name":"DOSIMETR\u00cdA AMBIENTAL O DE \u00c1REA"}]},{"@type":"WebSite","@id":"https:\/\/lra.webs.upv.es\/#website","url":"https:\/\/lra.webs.upv.es\/","name":"Laboratorio de Radiactividad Ambiental","description":"LRA - UPV","publisher":{"@id":"https:\/\/lra.webs.upv.es\/#organization"},"potentialAction":[{"@type":"SearchAction","target":{"@type":"EntryPoint","urlTemplate":"https:\/\/lra.webs.upv.es\/?s={search_term_string}"},"query-input":{"@type":"PropertyValueSpecification","valueRequired":true,"valueName":"search_term_string"}}],"inLanguage":"es"},{"@type":"Organization","@id":"https:\/\/lra.webs.upv.es\/#organization","name":"Laboratorio de Radiactividad Ambiental","url":"https:\/\/lra.webs.upv.es\/","logo":{"@type":"ImageObject","inLanguage":"es","@id":"https:\/\/lra.webs.upv.es\/#\/schema\/logo\/image\/","url":"https:\/\/lra.webs.upv.es\/wp-content\/uploads\/2021\/03\/2_LRAUPV-LOGO-PNG.png","contentUrl":"https:\/\/lra.webs.upv.es\/wp-content\/uploads\/2021\/03\/2_LRAUPV-LOGO-PNG.png","width":3508,"height":1478,"caption":"Laboratorio de Radiactividad Ambiental"},"image":{"@id":"https:\/\/lra.webs.upv.es\/#\/schema\/logo\/image\/"}}]}},"_links":{"self":[{"href":"https:\/\/lra.webs.upv.es\/index.php\/wp-json\/wp\/v2\/pages\/2248","targetHints":{"allow":["GET"]}}],"collection":[{"href":"https:\/\/lra.webs.upv.es\/index.php\/wp-json\/wp\/v2\/pages"}],"about":[{"href":"https:\/\/lra.webs.upv.es\/index.php\/wp-json\/wp\/v2\/types\/page"}],"author":[{"embeddable":true,"href":"https:\/\/lra.webs.upv.es\/index.php\/wp-json\/wp\/v2\/users\/3"}],"replies":[{"embeddable":true,"href":"https:\/\/lra.webs.upv.es\/index.php\/wp-json\/wp\/v2\/comments?post=2248"}],"version-history":[{"count":3,"href":"https:\/\/lra.webs.upv.es\/index.php\/wp-json\/wp\/v2\/pages\/2248\/revisions"}],"predecessor-version":[{"id":2707,"href":"https:\/\/lra.webs.upv.es\/index.php\/wp-json\/wp\/v2\/pages\/2248\/revisions\/2707"}],"up":[{"embeddable":true,"href":"https:\/\/lra.webs.upv.es\/index.php\/wp-json\/wp\/v2\/pages\/61"}],"wp:featuredmedia":[{"embeddable":true,"href":"https:\/\/lra.webs.upv.es\/index.php\/wp-json\/wp\/v2\/media\/2275"}],"wp:attachment":[{"href":"https:\/\/lra.webs.upv.es\/index.php\/wp-json\/wp\/v2\/media?parent=2248"}],"curies":[{"name":"wp","href":"https:\/\/api.w.org\/{rel}","templated":true}]}}