{"id":2250,"date":"2021-03-18T11:27:21","date_gmt":"2021-03-18T11:27:21","guid":{"rendered":"https:\/\/lra.webs.upv.es\/?page_id=2250"},"modified":"2022-05-03T08:23:41","modified_gmt":"2022-05-03T08:23:41","slug":"estudios-industrias-norm-y-radon","status":"publish","type":"page","link":"https:\/\/lra.webs.upv.es\/index.php\/servicios\/estudios-industrias-norm-y-radon\/","title":{"rendered":"ESTUDIOS INDUSTRIAS NORM Y RAD\u00d3N"},"content":{"rendered":"<p style=\"text-align: justify;\">Los titulares de las denominadas industrias NORM (Naturally Occurring Radioactive Materials), en cumplimiento del t\u00edtulo VII del Real Decreto 783\/2001, de 6 de julio, por el que se aprueba el Reglamento de Protecci\u00f3n Sanitaria contra Radiaciones Ionizantes (RPSRI), y de la IS-33 de 21 de diciembre de 2011, del Consejo de Seguridad Nuclear, sobre criterios radiol\u00f3gicos para la protecci\u00f3n frente a la exposici\u00f3n a la radiaci\u00f3n natural, publicada en BOE 1238\/2012, se debe realizar un estudio del impacto radiol\u00f3gico como consecuencia de la presencia de radion\u00faclidos naturales en la materia prima y\/o materiales procesados\/elaborados que pueden producir exposiciones del p\u00fablico o de los trabajadores que sean significativas desde el punto de vista de la protecci\u00f3n radiol\u00f3gica.<\/p>\n<p style=\"text-align: justify;\">El LRA, siguiendo los criterios de la Gu\u00eda de Seguridad GS-11.03 del CSN, realiza los estudios necesarios para llevar a cabo la evaluaci\u00f3n del impacto radiol\u00f3gico de las industrias NORM. Asimismo y haciendo uso de los criterios establecidos de la Gu\u00eda de Seguridad GS-11.04 del CSN realiza la evaluaci\u00f3n de rad\u00f3n en lugares de trabajo.<\/p>\n<p style=\"text-align: justify;\">Adem\u00e1s, tambi\u00e9n dispone de equipamiento de muestreo y caracterizaci\u00f3n radiol\u00f3gica de part\u00edculas de polvo en suspensi\u00f3n presente en industrias como por ejemplo la cer\u00e1mica, refractarios, pigmentos, etc. Se utilizan muestreadores est\u00e1ticos o personales seg\u00fan las necesidades.<\/p>\n","protected":false},"excerpt":{"rendered":"<p>Los titulares de las denominadas industrias NORM (Naturally Occurring Radioactive Materials), en cumplimiento del t\u00edtulo VII del Real Decreto 783\/2001, de 6 de julio, por el que se aprueba el Reglamento de Protecci\u00f3n Sanitaria contra Radiaciones Ionizantes (RPSRI), y de la IS-33 de 21 de diciembre de 2011, del Consejo de Seguridad Nuclear, sobre criterios [&hellip;]<\/p>\n","protected":false},"author":3,"featured_media":2274,"parent":61,"menu_order":0,"comment_status":"closed","ping_status":"closed","template":"","meta":{"footnotes":""},"class_list":["post-2250","page","type-page","status-publish","has-post-thumbnail","czr-hentry"],"yoast_head":"<!-- This site is optimized with the Yoast SEO plugin v27.3 - https:\/\/yoast.com\/product\/yoast-seo-wordpress\/ -->\n<title>ESTUDIOS INDUSTRIAS NORM Y RAD\u00d3N - Laboratorio de Radiactividad Ambiental<\/title>\n<meta name=\"robots\" content=\"index, follow, max-snippet:-1, max-image-preview:large, max-video-preview:-1\" \/>\n<link rel=\"canonical\" href=\"https:\/\/lra.webs.upv.es\/index.php\/servicios\/estudios-industrias-norm-y-radon\/\" \/>\n<meta property=\"og:locale\" content=\"es_ES\" \/>\n<meta property=\"og:type\" content=\"article\" \/>\n<meta property=\"og:title\" content=\"ESTUDIOS INDUSTRIAS NORM Y RAD\u00d3N - Laboratorio de Radiactividad Ambiental\" \/>\n<meta property=\"og:description\" content=\"Los titulares de las denominadas industrias NORM (Naturally Occurring Radioactive Materials), en cumplimiento del t\u00edtulo VII del Real Decreto 783\/2001, de 6 de julio, por el que se aprueba el Reglamento de Protecci\u00f3n Sanitaria contra Radiaciones Ionizantes (RPSRI), y de la IS-33 de 21 de diciembre de 2011, del Consejo de Seguridad Nuclear, sobre criterios [&hellip;]\" \/>\n<meta property=\"og:url\" content=\"https:\/\/lra.webs.upv.es\/index.php\/servicios\/estudios-industrias-norm-y-radon\/\" \/>\n<meta property=\"og:site_name\" content=\"Laboratorio de Radiactividad Ambiental\" \/>\n<meta property=\"article:modified_time\" content=\"2022-05-03T08:23:41+00:00\" \/>\n<meta property=\"og:image\" content=\"https:\/\/lra.webs.upv.es\/wp-content\/uploads\/2021\/03\/20200506_115121-1-scaled.jpg\" \/>\n\t<meta property=\"og:image:width\" content=\"2560\" \/>\n\t<meta property=\"og:image:height\" content=\"1920\" \/>\n\t<meta property=\"og:image:type\" content=\"image\/jpeg\" \/>\n<meta name=\"twitter:card\" content=\"summary_large_image\" \/>\n<meta name=\"twitter:label1\" content=\"Tiempo de lectura\" \/>\n\t<meta name=\"twitter:data1\" content=\"1 minuto\" \/>\n<script type=\"application\/ld+json\" class=\"yoast-schema-graph\">{\"@context\":\"https:\\\/\\\/schema.org\",\"@graph\":[{\"@type\":\"WebPage\",\"@id\":\"https:\\\/\\\/lra.webs.upv.es\\\/index.php\\\/servicios\\\/estudios-industrias-norm-y-radon\\\/\",\"url\":\"https:\\\/\\\/lra.webs.upv.es\\\/index.php\\\/servicios\\\/estudios-industrias-norm-y-radon\\\/\",\"name\":\"ESTUDIOS INDUSTRIAS NORM Y RAD\u00d3N - Laboratorio de Radiactividad Ambiental\",\"isPartOf\":{\"@id\":\"https:\\\/\\\/lra.webs.upv.es\\\/#website\"},\"primaryImageOfPage\":{\"@id\":\"https:\\\/\\\/lra.webs.upv.es\\\/index.php\\\/servicios\\\/estudios-industrias-norm-y-radon\\\/#primaryimage\"},\"image\":{\"@id\":\"https:\\\/\\\/lra.webs.upv.es\\\/index.php\\\/servicios\\\/estudios-industrias-norm-y-radon\\\/#primaryimage\"},\"thumbnailUrl\":\"https:\\\/\\\/lra.webs.upv.es\\\/wp-content\\\/uploads\\\/2021\\\/03\\\/20200506_115121-1-scaled.jpg\",\"datePublished\":\"2021-03-18T11:27:21+00:00\",\"dateModified\":\"2022-05-03T08:23:41+00:00\",\"breadcrumb\":{\"@id\":\"https:\\\/\\\/lra.webs.upv.es\\\/index.php\\\/servicios\\\/estudios-industrias-norm-y-radon\\\/#breadcrumb\"},\"inLanguage\":\"es\",\"potentialAction\":[{\"@type\":\"ReadAction\",\"target\":[\"https:\\\/\\\/lra.webs.upv.es\\\/index.php\\\/servicios\\\/estudios-industrias-norm-y-radon\\\/\"]}]},{\"@type\":\"ImageObject\",\"inLanguage\":\"es\",\"@id\":\"https:\\\/\\\/lra.webs.upv.es\\\/index.php\\\/servicios\\\/estudios-industrias-norm-y-radon\\\/#primaryimage\",\"url\":\"https:\\\/\\\/lra.webs.upv.es\\\/wp-content\\\/uploads\\\/2021\\\/03\\\/20200506_115121-1-scaled.jpg\",\"contentUrl\":\"https:\\\/\\\/lra.webs.upv.es\\\/wp-content\\\/uploads\\\/2021\\\/03\\\/20200506_115121-1-scaled.jpg\",\"width\":2560,\"height\":1920},{\"@type\":\"BreadcrumbList\",\"@id\":\"https:\\\/\\\/lra.webs.upv.es\\\/index.php\\\/servicios\\\/estudios-industrias-norm-y-radon\\\/#breadcrumb\",\"itemListElement\":[{\"@type\":\"ListItem\",\"position\":1,\"name\":\"Portada\",\"item\":\"https:\\\/\\\/lra.webs.upv.es\\\/\"},{\"@type\":\"ListItem\",\"position\":2,\"name\":\"SERVICIOS\",\"item\":\"https:\\\/\\\/lra.webs.upv.es\\\/index.php\\\/servicios\\\/\"},{\"@type\":\"ListItem\",\"position\":3,\"name\":\"ESTUDIOS INDUSTRIAS NORM Y RAD\u00d3N\"}]},{\"@type\":\"WebSite\",\"@id\":\"https:\\\/\\\/lra.webs.upv.es\\\/#website\",\"url\":\"https:\\\/\\\/lra.webs.upv.es\\\/\",\"name\":\"Laboratorio de Radiactividad Ambiental\",\"description\":\"LRA - UPV\",\"publisher\":{\"@id\":\"https:\\\/\\\/lra.webs.upv.es\\\/#organization\"},\"potentialAction\":[{\"@type\":\"SearchAction\",\"target\":{\"@type\":\"EntryPoint\",\"urlTemplate\":\"https:\\\/\\\/lra.webs.upv.es\\\/?s={search_term_string}\"},\"query-input\":{\"@type\":\"PropertyValueSpecification\",\"valueRequired\":true,\"valueName\":\"search_term_string\"}}],\"inLanguage\":\"es\"},{\"@type\":\"Organization\",\"@id\":\"https:\\\/\\\/lra.webs.upv.es\\\/#organization\",\"name\":\"Laboratorio de Radiactividad Ambiental\",\"url\":\"https:\\\/\\\/lra.webs.upv.es\\\/\",\"logo\":{\"@type\":\"ImageObject\",\"inLanguage\":\"es\",\"@id\":\"https:\\\/\\\/lra.webs.upv.es\\\/#\\\/schema\\\/logo\\\/image\\\/\",\"url\":\"https:\\\/\\\/lra.webs.upv.es\\\/wp-content\\\/uploads\\\/2021\\\/03\\\/2_LRAUPV-LOGO-PNG.png\",\"contentUrl\":\"https:\\\/\\\/lra.webs.upv.es\\\/wp-content\\\/uploads\\\/2021\\\/03\\\/2_LRAUPV-LOGO-PNG.png\",\"width\":3508,\"height\":1478,\"caption\":\"Laboratorio de Radiactividad Ambiental\"},\"image\":{\"@id\":\"https:\\\/\\\/lra.webs.upv.es\\\/#\\\/schema\\\/logo\\\/image\\\/\"}}]}<\/script>\n<!-- \/ Yoast SEO plugin. -->","yoast_head_json":{"title":"ESTUDIOS INDUSTRIAS NORM Y RAD\u00d3N - Laboratorio de Radiactividad Ambiental","robots":{"index":"index","follow":"follow","max-snippet":"max-snippet:-1","max-image-preview":"max-image-preview:large","max-video-preview":"max-video-preview:-1"},"canonical":"https:\/\/lra.webs.upv.es\/index.php\/servicios\/estudios-industrias-norm-y-radon\/","og_locale":"es_ES","og_type":"article","og_title":"ESTUDIOS INDUSTRIAS NORM Y RAD\u00d3N - Laboratorio de Radiactividad Ambiental","og_description":"Los titulares de las denominadas industrias NORM (Naturally Occurring Radioactive Materials), en cumplimiento del t\u00edtulo VII del Real Decreto 783\/2001, de 6 de julio, por el que se aprueba el Reglamento de Protecci\u00f3n Sanitaria contra Radiaciones Ionizantes (RPSRI), y de la IS-33 de 21 de diciembre de 2011, del Consejo de Seguridad Nuclear, sobre criterios [&hellip;]","og_url":"https:\/\/lra.webs.upv.es\/index.php\/servicios\/estudios-industrias-norm-y-radon\/","og_site_name":"Laboratorio de Radiactividad Ambiental","article_modified_time":"2022-05-03T08:23:41+00:00","og_image":[{"width":2560,"height":1920,"url":"https:\/\/lra.webs.upv.es\/wp-content\/uploads\/2021\/03\/20200506_115121-1-scaled.jpg","type":"image\/jpeg"}],"twitter_card":"summary_large_image","twitter_misc":{"Tiempo de lectura":"1 minuto"},"schema":{"@context":"https:\/\/schema.org","@graph":[{"@type":"WebPage","@id":"https:\/\/lra.webs.upv.es\/index.php\/servicios\/estudios-industrias-norm-y-radon\/","url":"https:\/\/lra.webs.upv.es\/index.php\/servicios\/estudios-industrias-norm-y-radon\/","name":"ESTUDIOS INDUSTRIAS NORM Y RAD\u00d3N - Laboratorio de Radiactividad Ambiental","isPartOf":{"@id":"https:\/\/lra.webs.upv.es\/#website"},"primaryImageOfPage":{"@id":"https:\/\/lra.webs.upv.es\/index.php\/servicios\/estudios-industrias-norm-y-radon\/#primaryimage"},"image":{"@id":"https:\/\/lra.webs.upv.es\/index.php\/servicios\/estudios-industrias-norm-y-radon\/#primaryimage"},"thumbnailUrl":"https:\/\/lra.webs.upv.es\/wp-content\/uploads\/2021\/03\/20200506_115121-1-scaled.jpg","datePublished":"2021-03-18T11:27:21+00:00","dateModified":"2022-05-03T08:23:41+00:00","breadcrumb":{"@id":"https:\/\/lra.webs.upv.es\/index.php\/servicios\/estudios-industrias-norm-y-radon\/#breadcrumb"},"inLanguage":"es","potentialAction":[{"@type":"ReadAction","target":["https:\/\/lra.webs.upv.es\/index.php\/servicios\/estudios-industrias-norm-y-radon\/"]}]},{"@type":"ImageObject","inLanguage":"es","@id":"https:\/\/lra.webs.upv.es\/index.php\/servicios\/estudios-industrias-norm-y-radon\/#primaryimage","url":"https:\/\/lra.webs.upv.es\/wp-content\/uploads\/2021\/03\/20200506_115121-1-scaled.jpg","contentUrl":"https:\/\/lra.webs.upv.es\/wp-content\/uploads\/2021\/03\/20200506_115121-1-scaled.jpg","width":2560,"height":1920},{"@type":"BreadcrumbList","@id":"https:\/\/lra.webs.upv.es\/index.php\/servicios\/estudios-industrias-norm-y-radon\/#breadcrumb","itemListElement":[{"@type":"ListItem","position":1,"name":"Portada","item":"https:\/\/lra.webs.upv.es\/"},{"@type":"ListItem","position":2,"name":"SERVICIOS","item":"https:\/\/lra.webs.upv.es\/index.php\/servicios\/"},{"@type":"ListItem","position":3,"name":"ESTUDIOS INDUSTRIAS NORM Y RAD\u00d3N"}]},{"@type":"WebSite","@id":"https:\/\/lra.webs.upv.es\/#website","url":"https:\/\/lra.webs.upv.es\/","name":"Laboratorio de Radiactividad Ambiental","description":"LRA - UPV","publisher":{"@id":"https:\/\/lra.webs.upv.es\/#organization"},"potentialAction":[{"@type":"SearchAction","target":{"@type":"EntryPoint","urlTemplate":"https:\/\/lra.webs.upv.es\/?s={search_term_string}"},"query-input":{"@type":"PropertyValueSpecification","valueRequired":true,"valueName":"search_term_string"}}],"inLanguage":"es"},{"@type":"Organization","@id":"https:\/\/lra.webs.upv.es\/#organization","name":"Laboratorio de Radiactividad Ambiental","url":"https:\/\/lra.webs.upv.es\/","logo":{"@type":"ImageObject","inLanguage":"es","@id":"https:\/\/lra.webs.upv.es\/#\/schema\/logo\/image\/","url":"https:\/\/lra.webs.upv.es\/wp-content\/uploads\/2021\/03\/2_LRAUPV-LOGO-PNG.png","contentUrl":"https:\/\/lra.webs.upv.es\/wp-content\/uploads\/2021\/03\/2_LRAUPV-LOGO-PNG.png","width":3508,"height":1478,"caption":"Laboratorio de Radiactividad Ambiental"},"image":{"@id":"https:\/\/lra.webs.upv.es\/#\/schema\/logo\/image\/"}}]}},"_links":{"self":[{"href":"https:\/\/lra.webs.upv.es\/index.php\/wp-json\/wp\/v2\/pages\/2250","targetHints":{"allow":["GET"]}}],"collection":[{"href":"https:\/\/lra.webs.upv.es\/index.php\/wp-json\/wp\/v2\/pages"}],"about":[{"href":"https:\/\/lra.webs.upv.es\/index.php\/wp-json\/wp\/v2\/types\/page"}],"author":[{"embeddable":true,"href":"https:\/\/lra.webs.upv.es\/index.php\/wp-json\/wp\/v2\/users\/3"}],"replies":[{"embeddable":true,"href":"https:\/\/lra.webs.upv.es\/index.php\/wp-json\/wp\/v2\/comments?post=2250"}],"version-history":[{"count":5,"href":"https:\/\/lra.webs.upv.es\/index.php\/wp-json\/wp\/v2\/pages\/2250\/revisions"}],"predecessor-version":[{"id":2787,"href":"https:\/\/lra.webs.upv.es\/index.php\/wp-json\/wp\/v2\/pages\/2250\/revisions\/2787"}],"up":[{"embeddable":true,"href":"https:\/\/lra.webs.upv.es\/index.php\/wp-json\/wp\/v2\/pages\/61"}],"wp:featuredmedia":[{"embeddable":true,"href":"https:\/\/lra.webs.upv.es\/index.php\/wp-json\/wp\/v2\/media\/2274"}],"wp:attachment":[{"href":"https:\/\/lra.webs.upv.es\/index.php\/wp-json\/wp\/v2\/media?parent=2250"}],"curies":[{"name":"wp","href":"https:\/\/api.w.org\/{rel}","templated":true}]}}