{"id":24,"date":"2021-03-08T12:02:09","date_gmt":"2021-03-08T12:02:09","guid":{"rendered":"https:\/\/lra.webs.upv.es\/?page_id=24"},"modified":"2021-09-01T13:56:20","modified_gmt":"2021-09-01T13:56:20","slug":"formacion","status":"publish","type":"page","link":"https:\/\/lra.webs.upv.es\/index.php\/formacion\/","title":{"rendered":"Formaci\u00f3n"},"content":{"rendered":"<p style=\"text-align: justify;\">El personal del laboratorio dedica parte de su tiempo a impartir docencia tanto reglada como no reglada desde el a\u00f1o 1991 en temas relacionados con la detecci\u00f3n y medida de la radiactividad y la protecci\u00f3n radiol\u00f3gica.<\/p>\n<p style=\"text-align: justify;\">El laboratorio ofrece la realizaci\u00f3n de Pr\u00e1cticas, Trabajos Final de Grado o M\u00e1ster y Tesis Doctorales co-dirigidas por su personal.<\/p>\n<p style=\"text-align: justify;\">Adem\u00e1s, puede impartir cursos de formaci\u00f3n a demanda relacionados con radiactividad ambiental, NORM, rad\u00f3n, evaluaci\u00f3n de dosis, etc.<\/p>\n","protected":false},"excerpt":{"rendered":"<p>El personal del laboratorio dedica parte de su tiempo a impartir docencia tanto reglada como no reglada desde el a\u00f1o 1991 en temas relacionados con la detecci\u00f3n y medida de la radiactividad y la protecci\u00f3n radiol\u00f3gica. El laboratorio ofrece la realizaci\u00f3n de Pr\u00e1cticas, Trabajos Final de Grado o M\u00e1ster y Tesis Doctorales co-dirigidas por su [&hellip;]<\/p>\n","protected":false},"author":3,"featured_media":0,"parent":0,"menu_order":0,"comment_status":"closed","ping_status":"closed","template":"","meta":{"footnotes":""},"class_list":["post-24","page","type-page","status-publish","czr-hentry"],"yoast_head":"<!-- This site is optimized with the Yoast SEO plugin v27.6 - https:\/\/yoast.com\/product\/yoast-seo-wordpress\/ -->\n<title>Formaci\u00f3n - Laboratorio de Radiactividad Ambiental<\/title>\n<meta name=\"robots\" content=\"index, follow, max-snippet:-1, max-image-preview:large, max-video-preview:-1\" \/>\n<link rel=\"canonical\" href=\"https:\/\/lra.webs.upv.es\/index.php\/formacion\/\" \/>\n<meta property=\"og:locale\" content=\"es_ES\" \/>\n<meta property=\"og:type\" content=\"article\" \/>\n<meta property=\"og:title\" content=\"Formaci\u00f3n - Laboratorio de Radiactividad Ambiental\" \/>\n<meta property=\"og:description\" content=\"El personal del laboratorio dedica parte de su tiempo a impartir docencia tanto reglada como no reglada desde el a\u00f1o 1991 en temas relacionados con la detecci\u00f3n y medida de la radiactividad y la protecci\u00f3n radiol\u00f3gica. El laboratorio ofrece la realizaci\u00f3n de Pr\u00e1cticas, Trabajos Final de Grado o M\u00e1ster y Tesis Doctorales co-dirigidas por su [&hellip;]\" \/>\n<meta property=\"og:url\" content=\"https:\/\/lra.webs.upv.es\/index.php\/formacion\/\" \/>\n<meta property=\"og:site_name\" content=\"Laboratorio de Radiactividad Ambiental\" \/>\n<meta property=\"article:modified_time\" content=\"2021-09-01T13:56:20+00:00\" \/>\n<meta name=\"twitter:card\" content=\"summary_large_image\" \/>\n<meta name=\"twitter:label1\" content=\"Tiempo de lectura\" \/>\n\t<meta name=\"twitter:data1\" content=\"1 minuto\" \/>\n<script type=\"application\/ld+json\" class=\"yoast-schema-graph\">{\"@context\":\"https:\\\/\\\/schema.org\",\"@graph\":[{\"@type\":\"WebPage\",\"@id\":\"https:\\\/\\\/lra.webs.upv.es\\\/index.php\\\/formacion\\\/\",\"url\":\"https:\\\/\\\/lra.webs.upv.es\\\/index.php\\\/formacion\\\/\",\"name\":\"Formaci\u00f3n - Laboratorio de Radiactividad Ambiental\",\"isPartOf\":{\"@id\":\"https:\\\/\\\/lra.webs.upv.es\\\/#website\"},\"datePublished\":\"2021-03-08T12:02:09+00:00\",\"dateModified\":\"2021-09-01T13:56:20+00:00\",\"breadcrumb\":{\"@id\":\"https:\\\/\\\/lra.webs.upv.es\\\/index.php\\\/formacion\\\/#breadcrumb\"},\"inLanguage\":\"es\",\"potentialAction\":[{\"@type\":\"ReadAction\",\"target\":[\"https:\\\/\\\/lra.webs.upv.es\\\/index.php\\\/formacion\\\/\"]}]},{\"@type\":\"BreadcrumbList\",\"@id\":\"https:\\\/\\\/lra.webs.upv.es\\\/index.php\\\/formacion\\\/#breadcrumb\",\"itemListElement\":[{\"@type\":\"ListItem\",\"position\":1,\"name\":\"Portada\",\"item\":\"https:\\\/\\\/lra.webs.upv.es\\\/\"},{\"@type\":\"ListItem\",\"position\":2,\"name\":\"Formaci\u00f3n\"}]},{\"@type\":\"WebSite\",\"@id\":\"https:\\\/\\\/lra.webs.upv.es\\\/#website\",\"url\":\"https:\\\/\\\/lra.webs.upv.es\\\/\",\"name\":\"Laboratorio de Radiactividad Ambiental\",\"description\":\"LRA - UPV\",\"publisher\":{\"@id\":\"https:\\\/\\\/lra.webs.upv.es\\\/#organization\"},\"potentialAction\":[{\"@type\":\"SearchAction\",\"target\":{\"@type\":\"EntryPoint\",\"urlTemplate\":\"https:\\\/\\\/lra.webs.upv.es\\\/?s={search_term_string}\"},\"query-input\":{\"@type\":\"PropertyValueSpecification\",\"valueRequired\":true,\"valueName\":\"search_term_string\"}}],\"inLanguage\":\"es\"},{\"@type\":\"Organization\",\"@id\":\"https:\\\/\\\/lra.webs.upv.es\\\/#organization\",\"name\":\"Laboratorio de Radiactividad Ambiental\",\"url\":\"https:\\\/\\\/lra.webs.upv.es\\\/\",\"logo\":{\"@type\":\"ImageObject\",\"inLanguage\":\"es\",\"@id\":\"https:\\\/\\\/lra.webs.upv.es\\\/#\\\/schema\\\/logo\\\/image\\\/\",\"url\":\"https:\\\/\\\/lra.webs.upv.es\\\/wp-content\\\/uploads\\\/2021\\\/03\\\/2_LRAUPV-LOGO-PNG.png\",\"contentUrl\":\"https:\\\/\\\/lra.webs.upv.es\\\/wp-content\\\/uploads\\\/2021\\\/03\\\/2_LRAUPV-LOGO-PNG.png\",\"width\":3508,\"height\":1478,\"caption\":\"Laboratorio de Radiactividad Ambiental\"},\"image\":{\"@id\":\"https:\\\/\\\/lra.webs.upv.es\\\/#\\\/schema\\\/logo\\\/image\\\/\"}}]}<\/script>\n<!-- \/ Yoast SEO plugin. -->","yoast_head_json":{"title":"Formaci\u00f3n - Laboratorio de Radiactividad Ambiental","robots":{"index":"index","follow":"follow","max-snippet":"max-snippet:-1","max-image-preview":"max-image-preview:large","max-video-preview":"max-video-preview:-1"},"canonical":"https:\/\/lra.webs.upv.es\/index.php\/formacion\/","og_locale":"es_ES","og_type":"article","og_title":"Formaci\u00f3n - Laboratorio de Radiactividad Ambiental","og_description":"El personal del laboratorio dedica parte de su tiempo a impartir docencia tanto reglada como no reglada desde el a\u00f1o 1991 en temas relacionados con la detecci\u00f3n y medida de la radiactividad y la protecci\u00f3n radiol\u00f3gica. El laboratorio ofrece la realizaci\u00f3n de Pr\u00e1cticas, Trabajos Final de Grado o M\u00e1ster y Tesis Doctorales co-dirigidas por su [&hellip;]","og_url":"https:\/\/lra.webs.upv.es\/index.php\/formacion\/","og_site_name":"Laboratorio de Radiactividad Ambiental","article_modified_time":"2021-09-01T13:56:20+00:00","twitter_card":"summary_large_image","twitter_misc":{"Tiempo de lectura":"1 minuto"},"schema":{"@context":"https:\/\/schema.org","@graph":[{"@type":"WebPage","@id":"https:\/\/lra.webs.upv.es\/index.php\/formacion\/","url":"https:\/\/lra.webs.upv.es\/index.php\/formacion\/","name":"Formaci\u00f3n - Laboratorio de Radiactividad Ambiental","isPartOf":{"@id":"https:\/\/lra.webs.upv.es\/#website"},"datePublished":"2021-03-08T12:02:09+00:00","dateModified":"2021-09-01T13:56:20+00:00","breadcrumb":{"@id":"https:\/\/lra.webs.upv.es\/index.php\/formacion\/#breadcrumb"},"inLanguage":"es","potentialAction":[{"@type":"ReadAction","target":["https:\/\/lra.webs.upv.es\/index.php\/formacion\/"]}]},{"@type":"BreadcrumbList","@id":"https:\/\/lra.webs.upv.es\/index.php\/formacion\/#breadcrumb","itemListElement":[{"@type":"ListItem","position":1,"name":"Portada","item":"https:\/\/lra.webs.upv.es\/"},{"@type":"ListItem","position":2,"name":"Formaci\u00f3n"}]},{"@type":"WebSite","@id":"https:\/\/lra.webs.upv.es\/#website","url":"https:\/\/lra.webs.upv.es\/","name":"Laboratorio de Radiactividad Ambiental","description":"LRA - UPV","publisher":{"@id":"https:\/\/lra.webs.upv.es\/#organization"},"potentialAction":[{"@type":"SearchAction","target":{"@type":"EntryPoint","urlTemplate":"https:\/\/lra.webs.upv.es\/?s={search_term_string}"},"query-input":{"@type":"PropertyValueSpecification","valueRequired":true,"valueName":"search_term_string"}}],"inLanguage":"es"},{"@type":"Organization","@id":"https:\/\/lra.webs.upv.es\/#organization","name":"Laboratorio de Radiactividad Ambiental","url":"https:\/\/lra.webs.upv.es\/","logo":{"@type":"ImageObject","inLanguage":"es","@id":"https:\/\/lra.webs.upv.es\/#\/schema\/logo\/image\/","url":"https:\/\/lra.webs.upv.es\/wp-content\/uploads\/2021\/03\/2_LRAUPV-LOGO-PNG.png","contentUrl":"https:\/\/lra.webs.upv.es\/wp-content\/uploads\/2021\/03\/2_LRAUPV-LOGO-PNG.png","width":3508,"height":1478,"caption":"Laboratorio de Radiactividad Ambiental"},"image":{"@id":"https:\/\/lra.webs.upv.es\/#\/schema\/logo\/image\/"}}]}},"_links":{"self":[{"href":"https:\/\/lra.webs.upv.es\/index.php\/wp-json\/wp\/v2\/pages\/24","targetHints":{"allow":["GET"]}}],"collection":[{"href":"https:\/\/lra.webs.upv.es\/index.php\/wp-json\/wp\/v2\/pages"}],"about":[{"href":"https:\/\/lra.webs.upv.es\/index.php\/wp-json\/wp\/v2\/types\/page"}],"author":[{"embeddable":true,"href":"https:\/\/lra.webs.upv.es\/index.php\/wp-json\/wp\/v2\/users\/3"}],"replies":[{"embeddable":true,"href":"https:\/\/lra.webs.upv.es\/index.php\/wp-json\/wp\/v2\/comments?post=24"}],"version-history":[{"count":3,"href":"https:\/\/lra.webs.upv.es\/index.php\/wp-json\/wp\/v2\/pages\/24\/revisions"}],"predecessor-version":[{"id":267,"href":"https:\/\/lra.webs.upv.es\/index.php\/wp-json\/wp\/v2\/pages\/24\/revisions\/267"}],"wp:attachment":[{"href":"https:\/\/lra.webs.upv.es\/index.php\/wp-json\/wp\/v2\/media?parent=24"}],"curies":[{"name":"wp","href":"https:\/\/api.w.org\/{rel}","templated":true}]}}