{"id":268,"date":"2021-03-11T16:37:24","date_gmt":"2021-03-11T16:37:24","guid":{"rendered":"https:\/\/lra.webs.upv.es\/?page_id=268"},"modified":"2021-09-01T13:53:47","modified_gmt":"2021-09-01T13:53:47","slug":"docencia","status":"publish","type":"page","link":"https:\/\/lra.webs.upv.es\/index.php\/formacion\/docencia\/","title":{"rendered":"Docencia"},"content":{"rendered":"<p>&nbsp;<\/p>\n<p>Entre la <strong>docencia reglada<\/strong> se encuentran asignaturas de los diferentes Grados y M\u00e1ster de la <a href=\"https:\/\/www.upv.es\/\">Universitat Polit\u00e8cnica de Val\u00e8ncia<\/a>, impartidos por el <a href=\"https:\/\/www.upv.es\/entidades\/DIQN\/\">Departamento de Ingenier\u00eda Qu\u00edmica y Nuclear<\/a><\/p>\n<p>&nbsp;<\/p>\n<ul>\n<li>Medidas de radiactividad Ambiental<\/li>\n<li>Contaminaci\u00f3n radiactiva<\/li>\n<li>Tecnolog\u00eda qu\u00edmica y nuclear<\/li>\n<li>Dosimetr\u00eda de la radiaci\u00f3n<\/li>\n<li>Radiactividad natural<\/li>\n<li>Problemas ambientales de la energ\u00eda nuclear<\/li>\n<li>Impacto ambiental de las radiaciones<\/li>\n<\/ul>\n<p>&nbsp;<\/p>\n<p>Entre la <strong>docencia no reglada<\/strong> destacan cursos de formaci\u00f3n impartidos por el laboratorio centrados en:<\/p>\n<ul>\n<li>Industrias NORM<\/li>\n<li>Control de la Exposici\u00f3n a la Radiaci\u00f3n Natural<\/li>\n<li>Planificaci\u00f3n de Emergencias Radiol\u00f3gicas<\/li>\n<li>Medida de rad\u00f3n en aire y agua<\/li>\n<\/ul>\n<p>&nbsp;<\/p>\n","protected":false},"excerpt":{"rendered":"<p>&nbsp; Entre la docencia reglada se encuentran asignaturas de los diferentes Grados y M\u00e1ster de la Universitat Polit\u00e8cnica de Val\u00e8ncia, impartidos por el Departamento de Ingenier\u00eda Qu\u00edmica y Nuclear &nbsp; Medidas de radiactividad Ambiental Contaminaci\u00f3n radiactiva Tecnolog\u00eda qu\u00edmica y nuclear Dosimetr\u00eda de la radiaci\u00f3n Radiactividad natural Problemas ambientales de la energ\u00eda nuclear Impacto ambiental de [&hellip;]<\/p>\n","protected":false},"author":3,"featured_media":2604,"parent":24,"menu_order":0,"comment_status":"closed","ping_status":"closed","template":"","meta":{"footnotes":""},"class_list":["post-268","page","type-page","status-publish","has-post-thumbnail","czr-hentry"],"yoast_head":"<!-- This site is optimized with the Yoast SEO plugin v27.3 - https:\/\/yoast.com\/product\/yoast-seo-wordpress\/ -->\n<title>Docencia - Laboratorio de Radiactividad Ambiental<\/title>\n<meta name=\"robots\" content=\"index, follow, max-snippet:-1, max-image-preview:large, max-video-preview:-1\" \/>\n<link rel=\"canonical\" href=\"https:\/\/lra.webs.upv.es\/index.php\/formacion\/docencia\/\" \/>\n<meta property=\"og:locale\" content=\"es_ES\" \/>\n<meta property=\"og:type\" content=\"article\" \/>\n<meta property=\"og:title\" content=\"Docencia - Laboratorio de Radiactividad Ambiental\" \/>\n<meta property=\"og:description\" content=\"&nbsp; Entre la docencia reglada se encuentran asignaturas de los diferentes Grados y M\u00e1ster de la Universitat Polit\u00e8cnica de Val\u00e8ncia, impartidos por el Departamento de Ingenier\u00eda Qu\u00edmica y Nuclear &nbsp; Medidas de radiactividad Ambiental Contaminaci\u00f3n radiactiva Tecnolog\u00eda qu\u00edmica y nuclear Dosimetr\u00eda de la radiaci\u00f3n Radiactividad natural Problemas ambientales de la energ\u00eda nuclear Impacto ambiental de [&hellip;]\" \/>\n<meta property=\"og:url\" content=\"https:\/\/lra.webs.upv.es\/index.php\/formacion\/docencia\/\" \/>\n<meta property=\"og:site_name\" content=\"Laboratorio de Radiactividad Ambiental\" \/>\n<meta property=\"article:modified_time\" content=\"2021-09-01T13:53:47+00:00\" \/>\n<meta property=\"og:image\" content=\"https:\/\/i2.wp.com\/lra.webs.upv.es\/wp-content\/uploads\/2021\/09\/iStock-1263424631-1-e1630490620481.jpg?fit=2121%2C1059&ssl=1\" \/>\n\t<meta property=\"og:image:width\" content=\"2121\" \/>\n\t<meta property=\"og:image:height\" content=\"1059\" \/>\n\t<meta property=\"og:image:type\" content=\"image\/jpeg\" \/>\n<meta name=\"twitter:card\" content=\"summary_large_image\" \/>\n<meta name=\"twitter:label1\" content=\"Tiempo de lectura\" \/>\n\t<meta name=\"twitter:data1\" content=\"1 minuto\" \/>\n<script type=\"application\/ld+json\" class=\"yoast-schema-graph\">{\"@context\":\"https:\\\/\\\/schema.org\",\"@graph\":[{\"@type\":\"WebPage\",\"@id\":\"https:\\\/\\\/lra.webs.upv.es\\\/index.php\\\/formacion\\\/docencia\\\/\",\"url\":\"https:\\\/\\\/lra.webs.upv.es\\\/index.php\\\/formacion\\\/docencia\\\/\",\"name\":\"Docencia - Laboratorio de Radiactividad Ambiental\",\"isPartOf\":{\"@id\":\"https:\\\/\\\/lra.webs.upv.es\\\/#website\"},\"primaryImageOfPage\":{\"@id\":\"https:\\\/\\\/lra.webs.upv.es\\\/index.php\\\/formacion\\\/docencia\\\/#primaryimage\"},\"image\":{\"@id\":\"https:\\\/\\\/lra.webs.upv.es\\\/index.php\\\/formacion\\\/docencia\\\/#primaryimage\"},\"thumbnailUrl\":\"https:\\\/\\\/lra.webs.upv.es\\\/wp-content\\\/uploads\\\/2021\\\/09\\\/iStock-1263424631-1-e1630490620481.jpg\",\"datePublished\":\"2021-03-11T16:37:24+00:00\",\"dateModified\":\"2021-09-01T13:53:47+00:00\",\"breadcrumb\":{\"@id\":\"https:\\\/\\\/lra.webs.upv.es\\\/index.php\\\/formacion\\\/docencia\\\/#breadcrumb\"},\"inLanguage\":\"es\",\"potentialAction\":[{\"@type\":\"ReadAction\",\"target\":[\"https:\\\/\\\/lra.webs.upv.es\\\/index.php\\\/formacion\\\/docencia\\\/\"]}]},{\"@type\":\"ImageObject\",\"inLanguage\":\"es\",\"@id\":\"https:\\\/\\\/lra.webs.upv.es\\\/index.php\\\/formacion\\\/docencia\\\/#primaryimage\",\"url\":\"https:\\\/\\\/lra.webs.upv.es\\\/wp-content\\\/uploads\\\/2021\\\/09\\\/iStock-1263424631-1-e1630490620481.jpg\",\"contentUrl\":\"https:\\\/\\\/lra.webs.upv.es\\\/wp-content\\\/uploads\\\/2021\\\/09\\\/iStock-1263424631-1-e1630490620481.jpg\",\"width\":2121,\"height\":1059},{\"@type\":\"BreadcrumbList\",\"@id\":\"https:\\\/\\\/lra.webs.upv.es\\\/index.php\\\/formacion\\\/docencia\\\/#breadcrumb\",\"itemListElement\":[{\"@type\":\"ListItem\",\"position\":1,\"name\":\"Portada\",\"item\":\"https:\\\/\\\/lra.webs.upv.es\\\/\"},{\"@type\":\"ListItem\",\"position\":2,\"name\":\"Formaci\u00f3n\",\"item\":\"https:\\\/\\\/lra.webs.upv.es\\\/index.php\\\/formacion\\\/\"},{\"@type\":\"ListItem\",\"position\":3,\"name\":\"Docencia\"}]},{\"@type\":\"WebSite\",\"@id\":\"https:\\\/\\\/lra.webs.upv.es\\\/#website\",\"url\":\"https:\\\/\\\/lra.webs.upv.es\\\/\",\"name\":\"Laboratorio de Radiactividad Ambiental\",\"description\":\"LRA - UPV\",\"publisher\":{\"@id\":\"https:\\\/\\\/lra.webs.upv.es\\\/#organization\"},\"potentialAction\":[{\"@type\":\"SearchAction\",\"target\":{\"@type\":\"EntryPoint\",\"urlTemplate\":\"https:\\\/\\\/lra.webs.upv.es\\\/?s={search_term_string}\"},\"query-input\":{\"@type\":\"PropertyValueSpecification\",\"valueRequired\":true,\"valueName\":\"search_term_string\"}}],\"inLanguage\":\"es\"},{\"@type\":\"Organization\",\"@id\":\"https:\\\/\\\/lra.webs.upv.es\\\/#organization\",\"name\":\"Laboratorio de Radiactividad Ambiental\",\"url\":\"https:\\\/\\\/lra.webs.upv.es\\\/\",\"logo\":{\"@type\":\"ImageObject\",\"inLanguage\":\"es\",\"@id\":\"https:\\\/\\\/lra.webs.upv.es\\\/#\\\/schema\\\/logo\\\/image\\\/\",\"url\":\"https:\\\/\\\/lra.webs.upv.es\\\/wp-content\\\/uploads\\\/2021\\\/03\\\/2_LRAUPV-LOGO-PNG.png\",\"contentUrl\":\"https:\\\/\\\/lra.webs.upv.es\\\/wp-content\\\/uploads\\\/2021\\\/03\\\/2_LRAUPV-LOGO-PNG.png\",\"width\":3508,\"height\":1478,\"caption\":\"Laboratorio de Radiactividad Ambiental\"},\"image\":{\"@id\":\"https:\\\/\\\/lra.webs.upv.es\\\/#\\\/schema\\\/logo\\\/image\\\/\"}}]}<\/script>\n<!-- \/ Yoast SEO plugin. -->","yoast_head_json":{"title":"Docencia - Laboratorio de Radiactividad Ambiental","robots":{"index":"index","follow":"follow","max-snippet":"max-snippet:-1","max-image-preview":"max-image-preview:large","max-video-preview":"max-video-preview:-1"},"canonical":"https:\/\/lra.webs.upv.es\/index.php\/formacion\/docencia\/","og_locale":"es_ES","og_type":"article","og_title":"Docencia - Laboratorio de Radiactividad Ambiental","og_description":"&nbsp; Entre la docencia reglada se encuentran asignaturas de los diferentes Grados y M\u00e1ster de la Universitat Polit\u00e8cnica de Val\u00e8ncia, impartidos por el Departamento de Ingenier\u00eda Qu\u00edmica y Nuclear &nbsp; Medidas de radiactividad Ambiental Contaminaci\u00f3n radiactiva Tecnolog\u00eda qu\u00edmica y nuclear Dosimetr\u00eda de la radiaci\u00f3n Radiactividad natural Problemas ambientales de la energ\u00eda nuclear Impacto ambiental de [&hellip;]","og_url":"https:\/\/lra.webs.upv.es\/index.php\/formacion\/docencia\/","og_site_name":"Laboratorio de Radiactividad Ambiental","article_modified_time":"2021-09-01T13:53:47+00:00","og_image":[{"width":2121,"height":1059,"url":"https:\/\/i2.wp.com\/lra.webs.upv.es\/wp-content\/uploads\/2021\/09\/iStock-1263424631-1-e1630490620481.jpg?fit=2121%2C1059&ssl=1","type":"image\/jpeg"}],"twitter_card":"summary_large_image","twitter_misc":{"Tiempo de lectura":"1 minuto"},"schema":{"@context":"https:\/\/schema.org","@graph":[{"@type":"WebPage","@id":"https:\/\/lra.webs.upv.es\/index.php\/formacion\/docencia\/","url":"https:\/\/lra.webs.upv.es\/index.php\/formacion\/docencia\/","name":"Docencia - Laboratorio de Radiactividad Ambiental","isPartOf":{"@id":"https:\/\/lra.webs.upv.es\/#website"},"primaryImageOfPage":{"@id":"https:\/\/lra.webs.upv.es\/index.php\/formacion\/docencia\/#primaryimage"},"image":{"@id":"https:\/\/lra.webs.upv.es\/index.php\/formacion\/docencia\/#primaryimage"},"thumbnailUrl":"https:\/\/lra.webs.upv.es\/wp-content\/uploads\/2021\/09\/iStock-1263424631-1-e1630490620481.jpg","datePublished":"2021-03-11T16:37:24+00:00","dateModified":"2021-09-01T13:53:47+00:00","breadcrumb":{"@id":"https:\/\/lra.webs.upv.es\/index.php\/formacion\/docencia\/#breadcrumb"},"inLanguage":"es","potentialAction":[{"@type":"ReadAction","target":["https:\/\/lra.webs.upv.es\/index.php\/formacion\/docencia\/"]}]},{"@type":"ImageObject","inLanguage":"es","@id":"https:\/\/lra.webs.upv.es\/index.php\/formacion\/docencia\/#primaryimage","url":"https:\/\/lra.webs.upv.es\/wp-content\/uploads\/2021\/09\/iStock-1263424631-1-e1630490620481.jpg","contentUrl":"https:\/\/lra.webs.upv.es\/wp-content\/uploads\/2021\/09\/iStock-1263424631-1-e1630490620481.jpg","width":2121,"height":1059},{"@type":"BreadcrumbList","@id":"https:\/\/lra.webs.upv.es\/index.php\/formacion\/docencia\/#breadcrumb","itemListElement":[{"@type":"ListItem","position":1,"name":"Portada","item":"https:\/\/lra.webs.upv.es\/"},{"@type":"ListItem","position":2,"name":"Formaci\u00f3n","item":"https:\/\/lra.webs.upv.es\/index.php\/formacion\/"},{"@type":"ListItem","position":3,"name":"Docencia"}]},{"@type":"WebSite","@id":"https:\/\/lra.webs.upv.es\/#website","url":"https:\/\/lra.webs.upv.es\/","name":"Laboratorio de Radiactividad Ambiental","description":"LRA - UPV","publisher":{"@id":"https:\/\/lra.webs.upv.es\/#organization"},"potentialAction":[{"@type":"SearchAction","target":{"@type":"EntryPoint","urlTemplate":"https:\/\/lra.webs.upv.es\/?s={search_term_string}"},"query-input":{"@type":"PropertyValueSpecification","valueRequired":true,"valueName":"search_term_string"}}],"inLanguage":"es"},{"@type":"Organization","@id":"https:\/\/lra.webs.upv.es\/#organization","name":"Laboratorio de Radiactividad Ambiental","url":"https:\/\/lra.webs.upv.es\/","logo":{"@type":"ImageObject","inLanguage":"es","@id":"https:\/\/lra.webs.upv.es\/#\/schema\/logo\/image\/","url":"https:\/\/lra.webs.upv.es\/wp-content\/uploads\/2021\/03\/2_LRAUPV-LOGO-PNG.png","contentUrl":"https:\/\/lra.webs.upv.es\/wp-content\/uploads\/2021\/03\/2_LRAUPV-LOGO-PNG.png","width":3508,"height":1478,"caption":"Laboratorio de Radiactividad Ambiental"},"image":{"@id":"https:\/\/lra.webs.upv.es\/#\/schema\/logo\/image\/"}}]}},"_links":{"self":[{"href":"https:\/\/lra.webs.upv.es\/index.php\/wp-json\/wp\/v2\/pages\/268","targetHints":{"allow":["GET"]}}],"collection":[{"href":"https:\/\/lra.webs.upv.es\/index.php\/wp-json\/wp\/v2\/pages"}],"about":[{"href":"https:\/\/lra.webs.upv.es\/index.php\/wp-json\/wp\/v2\/types\/page"}],"author":[{"embeddable":true,"href":"https:\/\/lra.webs.upv.es\/index.php\/wp-json\/wp\/v2\/users\/3"}],"replies":[{"embeddable":true,"href":"https:\/\/lra.webs.upv.es\/index.php\/wp-json\/wp\/v2\/comments?post=268"}],"version-history":[{"count":17,"href":"https:\/\/lra.webs.upv.es\/index.php\/wp-json\/wp\/v2\/pages\/268\/revisions"}],"predecessor-version":[{"id":2610,"href":"https:\/\/lra.webs.upv.es\/index.php\/wp-json\/wp\/v2\/pages\/268\/revisions\/2610"}],"up":[{"embeddable":true,"href":"https:\/\/lra.webs.upv.es\/index.php\/wp-json\/wp\/v2\/pages\/24"}],"wp:featuredmedia":[{"embeddable":true,"href":"https:\/\/lra.webs.upv.es\/index.php\/wp-json\/wp\/v2\/media\/2604"}],"wp:attachment":[{"href":"https:\/\/lra.webs.upv.es\/index.php\/wp-json\/wp\/v2\/media?parent=268"}],"curies":[{"name":"wp","href":"https:\/\/api.w.org\/{rel}","templated":true}]}}