{"id":45,"date":"2021-03-08T14:14:12","date_gmt":"2021-03-08T14:14:12","guid":{"rendered":"https:\/\/lra.webs.upv.es\/?page_id=45"},"modified":"2022-05-11T10:02:59","modified_gmt":"2022-05-11T10:02:59","slug":"clientes","status":"publish","type":"page","link":"https:\/\/lra.webs.upv.es\/index.php\/laboratorio\/clientes\/","title":{"rendered":"Clientes"},"content":{"rendered":"<p>El laboratorio lleva a cabo servicios y convenios con entidades p\u00fablicas y privadas desde su creaci\u00f3n en 1985.<\/p>\n<p>Entre los organismos p\u00fablicos destacan:<\/p>\n<ul>\n<li><a href=\"https:\/\/www.csn.es\/home\">Consejo de Seguridad Nuclear<\/a><\/li>\n<li><a href=\"https:\/\/www.gva.es\/va\/inicio\/presentacion\">Conseller\u00edas de la Generalitat Valenciana<\/a><\/li>\n<li><a href=\"http:\/\/www.justicia.gva.es\/es\/web\/agencia-valenciana-de-seguridad-y-respuesta-a-emergencias\">Agencia Valenciana de Seguridad y Respuesta a las Emergencias (AVSRE)<\/a><\/li>\n<li>Ministerio de Ciencia, Educaci\u00f3n y Universidades<\/li>\n<li>Universidades y Centros de investigaci\u00f3n<\/li>\n<\/ul>\n<p>Tambi\u00e9n presta servicios a empresas privadas de diferentes sectores:<\/p>\n<ul>\n<li>Industria nuclear e instalaciones radiactivas<\/li>\n<li>Industria cer\u00e1mica y refractarios<\/li>\n<li>Laboratorios de an\u00e1lisis de aguas<\/li>\n<li>Estaciones depuradoras de aguas residuales<\/li>\n<li>Industria alimentaria<\/li>\n<li>Industria minera<\/li>\n<li>Industria petroqu\u00edmica<\/li>\n<\/ul>\n","protected":false},"excerpt":{"rendered":"<p>El laboratorio lleva a cabo servicios y convenios con entidades p\u00fablicas y privadas desde su creaci\u00f3n en 1985. Entre los organismos p\u00fablicos destacan: Consejo de Seguridad Nuclear Conseller\u00edas de la Generalitat Valenciana Agencia Valenciana de Seguridad y Respuesta a las Emergencias (AVSRE) Ministerio de Ciencia, Educaci\u00f3n y Universidades Universidades y Centros de investigaci\u00f3n Tambi\u00e9n presta [&hellip;]<\/p>\n","protected":false},"author":3,"featured_media":2746,"parent":42,"menu_order":0,"comment_status":"closed","ping_status":"closed","template":"","meta":{"footnotes":""},"class_list":["post-45","page","type-page","status-publish","has-post-thumbnail","czr-hentry"],"yoast_head":"<!-- This site is optimized with the Yoast SEO plugin v27.3 - https:\/\/yoast.com\/product\/yoast-seo-wordpress\/ -->\n<title>Clientes - Laboratorio de Radiactividad Ambiental<\/title>\n<meta name=\"robots\" content=\"index, follow, max-snippet:-1, max-image-preview:large, max-video-preview:-1\" \/>\n<link rel=\"canonical\" href=\"https:\/\/lra.webs.upv.es\/index.php\/laboratorio\/clientes\/\" \/>\n<meta property=\"og:locale\" content=\"es_ES\" \/>\n<meta property=\"og:type\" content=\"article\" \/>\n<meta property=\"og:title\" content=\"Clientes - Laboratorio de Radiactividad Ambiental\" \/>\n<meta property=\"og:description\" content=\"El laboratorio lleva a cabo servicios y convenios con entidades p\u00fablicas y privadas desde su creaci\u00f3n en 1985. Entre los organismos p\u00fablicos destacan: Consejo de Seguridad Nuclear Conseller\u00edas de la Generalitat Valenciana Agencia Valenciana de Seguridad y Respuesta a las Emergencias (AVSRE) Ministerio de Ciencia, Educaci\u00f3n y Universidades Universidades y Centros de investigaci\u00f3n Tambi\u00e9n presta [&hellip;]\" \/>\n<meta property=\"og:url\" content=\"https:\/\/lra.webs.upv.es\/index.php\/laboratorio\/clientes\/\" \/>\n<meta property=\"og:site_name\" content=\"Laboratorio de Radiactividad Ambiental\" \/>\n<meta property=\"article:modified_time\" content=\"2022-05-11T10:02:59+00:00\" \/>\n<meta property=\"og:image\" content=\"https:\/\/lra.webs.upv.es\/wp-content\/uploads\/2022\/05\/CLIENTE2.png\" \/>\n\t<meta property=\"og:image:width\" content=\"495\" \/>\n\t<meta property=\"og:image:height\" content=\"316\" \/>\n\t<meta property=\"og:image:type\" content=\"image\/png\" \/>\n<meta name=\"twitter:card\" content=\"summary_large_image\" \/>\n<meta name=\"twitter:label1\" content=\"Tiempo de lectura\" \/>\n\t<meta name=\"twitter:data1\" content=\"1 minuto\" \/>\n<script type=\"application\/ld+json\" class=\"yoast-schema-graph\">{\"@context\":\"https:\\\/\\\/schema.org\",\"@graph\":[{\"@type\":\"WebPage\",\"@id\":\"https:\\\/\\\/lra.webs.upv.es\\\/index.php\\\/laboratorio\\\/clientes\\\/\",\"url\":\"https:\\\/\\\/lra.webs.upv.es\\\/index.php\\\/laboratorio\\\/clientes\\\/\",\"name\":\"Clientes - Laboratorio de Radiactividad Ambiental\",\"isPartOf\":{\"@id\":\"https:\\\/\\\/lra.webs.upv.es\\\/#website\"},\"primaryImageOfPage\":{\"@id\":\"https:\\\/\\\/lra.webs.upv.es\\\/index.php\\\/laboratorio\\\/clientes\\\/#primaryimage\"},\"image\":{\"@id\":\"https:\\\/\\\/lra.webs.upv.es\\\/index.php\\\/laboratorio\\\/clientes\\\/#primaryimage\"},\"thumbnailUrl\":\"https:\\\/\\\/lra.webs.upv.es\\\/wp-content\\\/uploads\\\/2022\\\/05\\\/CLIENTE2.png\",\"datePublished\":\"2021-03-08T14:14:12+00:00\",\"dateModified\":\"2022-05-11T10:02:59+00:00\",\"breadcrumb\":{\"@id\":\"https:\\\/\\\/lra.webs.upv.es\\\/index.php\\\/laboratorio\\\/clientes\\\/#breadcrumb\"},\"inLanguage\":\"es\",\"potentialAction\":[{\"@type\":\"ReadAction\",\"target\":[\"https:\\\/\\\/lra.webs.upv.es\\\/index.php\\\/laboratorio\\\/clientes\\\/\"]}]},{\"@type\":\"ImageObject\",\"inLanguage\":\"es\",\"@id\":\"https:\\\/\\\/lra.webs.upv.es\\\/index.php\\\/laboratorio\\\/clientes\\\/#primaryimage\",\"url\":\"https:\\\/\\\/lra.webs.upv.es\\\/wp-content\\\/uploads\\\/2022\\\/05\\\/CLIENTE2.png\",\"contentUrl\":\"https:\\\/\\\/lra.webs.upv.es\\\/wp-content\\\/uploads\\\/2022\\\/05\\\/CLIENTE2.png\",\"width\":495,\"height\":316},{\"@type\":\"BreadcrumbList\",\"@id\":\"https:\\\/\\\/lra.webs.upv.es\\\/index.php\\\/laboratorio\\\/clientes\\\/#breadcrumb\",\"itemListElement\":[{\"@type\":\"ListItem\",\"position\":1,\"name\":\"Portada\",\"item\":\"https:\\\/\\\/lra.webs.upv.es\\\/\"},{\"@type\":\"ListItem\",\"position\":2,\"name\":\"LABORATORIO\",\"item\":\"https:\\\/\\\/lra.webs.upv.es\\\/index.php\\\/laboratorio\\\/\"},{\"@type\":\"ListItem\",\"position\":3,\"name\":\"Clientes\"}]},{\"@type\":\"WebSite\",\"@id\":\"https:\\\/\\\/lra.webs.upv.es\\\/#website\",\"url\":\"https:\\\/\\\/lra.webs.upv.es\\\/\",\"name\":\"Laboratorio de Radiactividad Ambiental\",\"description\":\"LRA - UPV\",\"publisher\":{\"@id\":\"https:\\\/\\\/lra.webs.upv.es\\\/#organization\"},\"potentialAction\":[{\"@type\":\"SearchAction\",\"target\":{\"@type\":\"EntryPoint\",\"urlTemplate\":\"https:\\\/\\\/lra.webs.upv.es\\\/?s={search_term_string}\"},\"query-input\":{\"@type\":\"PropertyValueSpecification\",\"valueRequired\":true,\"valueName\":\"search_term_string\"}}],\"inLanguage\":\"es\"},{\"@type\":\"Organization\",\"@id\":\"https:\\\/\\\/lra.webs.upv.es\\\/#organization\",\"name\":\"Laboratorio de Radiactividad Ambiental\",\"url\":\"https:\\\/\\\/lra.webs.upv.es\\\/\",\"logo\":{\"@type\":\"ImageObject\",\"inLanguage\":\"es\",\"@id\":\"https:\\\/\\\/lra.webs.upv.es\\\/#\\\/schema\\\/logo\\\/image\\\/\",\"url\":\"https:\\\/\\\/lra.webs.upv.es\\\/wp-content\\\/uploads\\\/2021\\\/03\\\/2_LRAUPV-LOGO-PNG.png\",\"contentUrl\":\"https:\\\/\\\/lra.webs.upv.es\\\/wp-content\\\/uploads\\\/2021\\\/03\\\/2_LRAUPV-LOGO-PNG.png\",\"width\":3508,\"height\":1478,\"caption\":\"Laboratorio de Radiactividad Ambiental\"},\"image\":{\"@id\":\"https:\\\/\\\/lra.webs.upv.es\\\/#\\\/schema\\\/logo\\\/image\\\/\"}}]}<\/script>\n<!-- \/ Yoast SEO plugin. -->","yoast_head_json":{"title":"Clientes - Laboratorio de Radiactividad Ambiental","robots":{"index":"index","follow":"follow","max-snippet":"max-snippet:-1","max-image-preview":"max-image-preview:large","max-video-preview":"max-video-preview:-1"},"canonical":"https:\/\/lra.webs.upv.es\/index.php\/laboratorio\/clientes\/","og_locale":"es_ES","og_type":"article","og_title":"Clientes - Laboratorio de Radiactividad Ambiental","og_description":"El laboratorio lleva a cabo servicios y convenios con entidades p\u00fablicas y privadas desde su creaci\u00f3n en 1985. Entre los organismos p\u00fablicos destacan: Consejo de Seguridad Nuclear Conseller\u00edas de la Generalitat Valenciana Agencia Valenciana de Seguridad y Respuesta a las Emergencias (AVSRE) Ministerio de Ciencia, Educaci\u00f3n y Universidades Universidades y Centros de investigaci\u00f3n Tambi\u00e9n presta [&hellip;]","og_url":"https:\/\/lra.webs.upv.es\/index.php\/laboratorio\/clientes\/","og_site_name":"Laboratorio de Radiactividad Ambiental","article_modified_time":"2022-05-11T10:02:59+00:00","og_image":[{"width":495,"height":316,"url":"https:\/\/lra.webs.upv.es\/wp-content\/uploads\/2022\/05\/CLIENTE2.png","type":"image\/png"}],"twitter_card":"summary_large_image","twitter_misc":{"Tiempo de lectura":"1 minuto"},"schema":{"@context":"https:\/\/schema.org","@graph":[{"@type":"WebPage","@id":"https:\/\/lra.webs.upv.es\/index.php\/laboratorio\/clientes\/","url":"https:\/\/lra.webs.upv.es\/index.php\/laboratorio\/clientes\/","name":"Clientes - Laboratorio de Radiactividad Ambiental","isPartOf":{"@id":"https:\/\/lra.webs.upv.es\/#website"},"primaryImageOfPage":{"@id":"https:\/\/lra.webs.upv.es\/index.php\/laboratorio\/clientes\/#primaryimage"},"image":{"@id":"https:\/\/lra.webs.upv.es\/index.php\/laboratorio\/clientes\/#primaryimage"},"thumbnailUrl":"https:\/\/lra.webs.upv.es\/wp-content\/uploads\/2022\/05\/CLIENTE2.png","datePublished":"2021-03-08T14:14:12+00:00","dateModified":"2022-05-11T10:02:59+00:00","breadcrumb":{"@id":"https:\/\/lra.webs.upv.es\/index.php\/laboratorio\/clientes\/#breadcrumb"},"inLanguage":"es","potentialAction":[{"@type":"ReadAction","target":["https:\/\/lra.webs.upv.es\/index.php\/laboratorio\/clientes\/"]}]},{"@type":"ImageObject","inLanguage":"es","@id":"https:\/\/lra.webs.upv.es\/index.php\/laboratorio\/clientes\/#primaryimage","url":"https:\/\/lra.webs.upv.es\/wp-content\/uploads\/2022\/05\/CLIENTE2.png","contentUrl":"https:\/\/lra.webs.upv.es\/wp-content\/uploads\/2022\/05\/CLIENTE2.png","width":495,"height":316},{"@type":"BreadcrumbList","@id":"https:\/\/lra.webs.upv.es\/index.php\/laboratorio\/clientes\/#breadcrumb","itemListElement":[{"@type":"ListItem","position":1,"name":"Portada","item":"https:\/\/lra.webs.upv.es\/"},{"@type":"ListItem","position":2,"name":"LABORATORIO","item":"https:\/\/lra.webs.upv.es\/index.php\/laboratorio\/"},{"@type":"ListItem","position":3,"name":"Clientes"}]},{"@type":"WebSite","@id":"https:\/\/lra.webs.upv.es\/#website","url":"https:\/\/lra.webs.upv.es\/","name":"Laboratorio de Radiactividad Ambiental","description":"LRA - UPV","publisher":{"@id":"https:\/\/lra.webs.upv.es\/#organization"},"potentialAction":[{"@type":"SearchAction","target":{"@type":"EntryPoint","urlTemplate":"https:\/\/lra.webs.upv.es\/?s={search_term_string}"},"query-input":{"@type":"PropertyValueSpecification","valueRequired":true,"valueName":"search_term_string"}}],"inLanguage":"es"},{"@type":"Organization","@id":"https:\/\/lra.webs.upv.es\/#organization","name":"Laboratorio de Radiactividad Ambiental","url":"https:\/\/lra.webs.upv.es\/","logo":{"@type":"ImageObject","inLanguage":"es","@id":"https:\/\/lra.webs.upv.es\/#\/schema\/logo\/image\/","url":"https:\/\/lra.webs.upv.es\/wp-content\/uploads\/2021\/03\/2_LRAUPV-LOGO-PNG.png","contentUrl":"https:\/\/lra.webs.upv.es\/wp-content\/uploads\/2021\/03\/2_LRAUPV-LOGO-PNG.png","width":3508,"height":1478,"caption":"Laboratorio de Radiactividad Ambiental"},"image":{"@id":"https:\/\/lra.webs.upv.es\/#\/schema\/logo\/image\/"}}]}},"_links":{"self":[{"href":"https:\/\/lra.webs.upv.es\/index.php\/wp-json\/wp\/v2\/pages\/45","targetHints":{"allow":["GET"]}}],"collection":[{"href":"https:\/\/lra.webs.upv.es\/index.php\/wp-json\/wp\/v2\/pages"}],"about":[{"href":"https:\/\/lra.webs.upv.es\/index.php\/wp-json\/wp\/v2\/types\/page"}],"author":[{"embeddable":true,"href":"https:\/\/lra.webs.upv.es\/index.php\/wp-json\/wp\/v2\/users\/3"}],"replies":[{"embeddable":true,"href":"https:\/\/lra.webs.upv.es\/index.php\/wp-json\/wp\/v2\/comments?post=45"}],"version-history":[{"count":2,"href":"https:\/\/lra.webs.upv.es\/index.php\/wp-json\/wp\/v2\/pages\/45\/revisions"}],"predecessor-version":[{"id":153,"href":"https:\/\/lra.webs.upv.es\/index.php\/wp-json\/wp\/v2\/pages\/45\/revisions\/153"}],"up":[{"embeddable":true,"href":"https:\/\/lra.webs.upv.es\/index.php\/wp-json\/wp\/v2\/pages\/42"}],"wp:featuredmedia":[{"embeddable":true,"href":"https:\/\/lra.webs.upv.es\/index.php\/wp-json\/wp\/v2\/media\/2746"}],"wp:attachment":[{"href":"https:\/\/lra.webs.upv.es\/index.php\/wp-json\/wp\/v2\/media?parent=45"}],"curies":[{"name":"wp","href":"https:\/\/api.w.org\/{rel}","templated":true}]}}