{"id":47,"date":"2021-03-08T14:14:48","date_gmt":"2021-03-08T14:14:48","guid":{"rendered":"https:\/\/lra.webs.upv.es\/?page_id=47"},"modified":"2021-09-01T13:50:57","modified_gmt":"2021-09-01T13:50:57","slug":"instalaciones","status":"publish","type":"page","link":"https:\/\/lra.webs.upv.es\/index.php\/laboratorio\/instalaciones\/","title":{"rendered":"Instalaciones"},"content":{"rendered":"<p style=\"text-align: justify;\">El Laboratorio de Radiactividad de la Universitat Polit\u00e8cnica de Val\u00e8ncia dispone de un <strong>laboratorio qu\u00edmico<\/strong> y dos <strong>laboratorios de medida las radiaciones<\/strong> con instrumental espec\u00edfico para llevar a cabo todas sus actividades.<\/p>\n<p style=\"text-align: justify;\">Tambi\u00e9n dispone de la posibilidad de utilizar el <strong>Laboratorio de Is\u00f3topos L\u00edquidos<\/strong>, dependencia radiactiva de 2\u00ba categor\u00eda para la manipulaci\u00f3n y almacenamiento de is\u00f3topos radiactivos no encapsulados, incluida dentro de la Instalaci\u00f3n Radiactiva \u00danica de la Universidad Polit\u00e9cnica de Valencia (IRA 1276) y adscrita al <a href=\"http:\/\/www.upv.es\/entidades\/SR\/\">Servicio de Radiaciones<\/a>.<\/p>\n","protected":false},"excerpt":{"rendered":"<p>El Laboratorio de Radiactividad de la Universitat Polit\u00e8cnica de Val\u00e8ncia dispone de un laboratorio qu\u00edmico y dos laboratorios de medida las radiaciones con instrumental espec\u00edfico para llevar a cabo todas sus actividades. Tambi\u00e9n dispone de la posibilidad de utilizar el Laboratorio de Is\u00f3topos L\u00edquidos, dependencia radiactiva de 2\u00ba categor\u00eda para la manipulaci\u00f3n y almacenamiento de [&hellip;]<\/p>\n","protected":false},"author":3,"featured_media":0,"parent":42,"menu_order":0,"comment_status":"closed","ping_status":"closed","template":"","meta":{"footnotes":""},"class_list":["post-47","page","type-page","status-publish","czr-hentry"],"yoast_head":"<!-- This site is optimized with the Yoast SEO plugin v27.3 - https:\/\/yoast.com\/product\/yoast-seo-wordpress\/ -->\n<title>Instalaciones - Laboratorio de Radiactividad Ambiental<\/title>\n<meta name=\"robots\" content=\"index, follow, max-snippet:-1, max-image-preview:large, max-video-preview:-1\" \/>\n<link rel=\"canonical\" href=\"https:\/\/lra.webs.upv.es\/index.php\/laboratorio\/instalaciones\/\" \/>\n<meta property=\"og:locale\" content=\"es_ES\" \/>\n<meta property=\"og:type\" content=\"article\" \/>\n<meta property=\"og:title\" content=\"Instalaciones - Laboratorio de Radiactividad Ambiental\" \/>\n<meta property=\"og:description\" content=\"El Laboratorio de Radiactividad de la Universitat Polit\u00e8cnica de Val\u00e8ncia dispone de un laboratorio qu\u00edmico y dos laboratorios de medida las radiaciones con instrumental espec\u00edfico para llevar a cabo todas sus actividades. Tambi\u00e9n dispone de la posibilidad de utilizar el Laboratorio de Is\u00f3topos L\u00edquidos, dependencia radiactiva de 2\u00ba categor\u00eda para la manipulaci\u00f3n y almacenamiento de [&hellip;]\" \/>\n<meta property=\"og:url\" content=\"https:\/\/lra.webs.upv.es\/index.php\/laboratorio\/instalaciones\/\" \/>\n<meta property=\"og:site_name\" content=\"Laboratorio de Radiactividad Ambiental\" \/>\n<meta property=\"article:modified_time\" content=\"2021-09-01T13:50:57+00:00\" \/>\n<meta name=\"twitter:card\" content=\"summary_large_image\" \/>\n<meta name=\"twitter:label1\" content=\"Tiempo de lectura\" \/>\n\t<meta name=\"twitter:data1\" content=\"1 minuto\" \/>\n<script type=\"application\/ld+json\" class=\"yoast-schema-graph\">{\"@context\":\"https:\\\/\\\/schema.org\",\"@graph\":[{\"@type\":\"WebPage\",\"@id\":\"https:\\\/\\\/lra.webs.upv.es\\\/index.php\\\/laboratorio\\\/instalaciones\\\/\",\"url\":\"https:\\\/\\\/lra.webs.upv.es\\\/index.php\\\/laboratorio\\\/instalaciones\\\/\",\"name\":\"Instalaciones - Laboratorio de Radiactividad Ambiental\",\"isPartOf\":{\"@id\":\"https:\\\/\\\/lra.webs.upv.es\\\/#website\"},\"datePublished\":\"2021-03-08T14:14:48+00:00\",\"dateModified\":\"2021-09-01T13:50:57+00:00\",\"breadcrumb\":{\"@id\":\"https:\\\/\\\/lra.webs.upv.es\\\/index.php\\\/laboratorio\\\/instalaciones\\\/#breadcrumb\"},\"inLanguage\":\"es\",\"potentialAction\":[{\"@type\":\"ReadAction\",\"target\":[\"https:\\\/\\\/lra.webs.upv.es\\\/index.php\\\/laboratorio\\\/instalaciones\\\/\"]}]},{\"@type\":\"BreadcrumbList\",\"@id\":\"https:\\\/\\\/lra.webs.upv.es\\\/index.php\\\/laboratorio\\\/instalaciones\\\/#breadcrumb\",\"itemListElement\":[{\"@type\":\"ListItem\",\"position\":1,\"name\":\"Portada\",\"item\":\"https:\\\/\\\/lra.webs.upv.es\\\/\"},{\"@type\":\"ListItem\",\"position\":2,\"name\":\"LABORATORIO\",\"item\":\"https:\\\/\\\/lra.webs.upv.es\\\/index.php\\\/laboratorio\\\/\"},{\"@type\":\"ListItem\",\"position\":3,\"name\":\"Instalaciones\"}]},{\"@type\":\"WebSite\",\"@id\":\"https:\\\/\\\/lra.webs.upv.es\\\/#website\",\"url\":\"https:\\\/\\\/lra.webs.upv.es\\\/\",\"name\":\"Laboratorio de Radiactividad Ambiental\",\"description\":\"LRA - UPV\",\"publisher\":{\"@id\":\"https:\\\/\\\/lra.webs.upv.es\\\/#organization\"},\"potentialAction\":[{\"@type\":\"SearchAction\",\"target\":{\"@type\":\"EntryPoint\",\"urlTemplate\":\"https:\\\/\\\/lra.webs.upv.es\\\/?s={search_term_string}\"},\"query-input\":{\"@type\":\"PropertyValueSpecification\",\"valueRequired\":true,\"valueName\":\"search_term_string\"}}],\"inLanguage\":\"es\"},{\"@type\":\"Organization\",\"@id\":\"https:\\\/\\\/lra.webs.upv.es\\\/#organization\",\"name\":\"Laboratorio de Radiactividad Ambiental\",\"url\":\"https:\\\/\\\/lra.webs.upv.es\\\/\",\"logo\":{\"@type\":\"ImageObject\",\"inLanguage\":\"es\",\"@id\":\"https:\\\/\\\/lra.webs.upv.es\\\/#\\\/schema\\\/logo\\\/image\\\/\",\"url\":\"https:\\\/\\\/lra.webs.upv.es\\\/wp-content\\\/uploads\\\/2021\\\/03\\\/2_LRAUPV-LOGO-PNG.png\",\"contentUrl\":\"https:\\\/\\\/lra.webs.upv.es\\\/wp-content\\\/uploads\\\/2021\\\/03\\\/2_LRAUPV-LOGO-PNG.png\",\"width\":3508,\"height\":1478,\"caption\":\"Laboratorio de Radiactividad Ambiental\"},\"image\":{\"@id\":\"https:\\\/\\\/lra.webs.upv.es\\\/#\\\/schema\\\/logo\\\/image\\\/\"}}]}<\/script>\n<!-- \/ Yoast SEO plugin. -->","yoast_head_json":{"title":"Instalaciones - Laboratorio de Radiactividad Ambiental","robots":{"index":"index","follow":"follow","max-snippet":"max-snippet:-1","max-image-preview":"max-image-preview:large","max-video-preview":"max-video-preview:-1"},"canonical":"https:\/\/lra.webs.upv.es\/index.php\/laboratorio\/instalaciones\/","og_locale":"es_ES","og_type":"article","og_title":"Instalaciones - Laboratorio de Radiactividad Ambiental","og_description":"El Laboratorio de Radiactividad de la Universitat Polit\u00e8cnica de Val\u00e8ncia dispone de un laboratorio qu\u00edmico y dos laboratorios de medida las radiaciones con instrumental espec\u00edfico para llevar a cabo todas sus actividades. Tambi\u00e9n dispone de la posibilidad de utilizar el Laboratorio de Is\u00f3topos L\u00edquidos, dependencia radiactiva de 2\u00ba categor\u00eda para la manipulaci\u00f3n y almacenamiento de [&hellip;]","og_url":"https:\/\/lra.webs.upv.es\/index.php\/laboratorio\/instalaciones\/","og_site_name":"Laboratorio de Radiactividad Ambiental","article_modified_time":"2021-09-01T13:50:57+00:00","twitter_card":"summary_large_image","twitter_misc":{"Tiempo de lectura":"1 minuto"},"schema":{"@context":"https:\/\/schema.org","@graph":[{"@type":"WebPage","@id":"https:\/\/lra.webs.upv.es\/index.php\/laboratorio\/instalaciones\/","url":"https:\/\/lra.webs.upv.es\/index.php\/laboratorio\/instalaciones\/","name":"Instalaciones - Laboratorio de Radiactividad Ambiental","isPartOf":{"@id":"https:\/\/lra.webs.upv.es\/#website"},"datePublished":"2021-03-08T14:14:48+00:00","dateModified":"2021-09-01T13:50:57+00:00","breadcrumb":{"@id":"https:\/\/lra.webs.upv.es\/index.php\/laboratorio\/instalaciones\/#breadcrumb"},"inLanguage":"es","potentialAction":[{"@type":"ReadAction","target":["https:\/\/lra.webs.upv.es\/index.php\/laboratorio\/instalaciones\/"]}]},{"@type":"BreadcrumbList","@id":"https:\/\/lra.webs.upv.es\/index.php\/laboratorio\/instalaciones\/#breadcrumb","itemListElement":[{"@type":"ListItem","position":1,"name":"Portada","item":"https:\/\/lra.webs.upv.es\/"},{"@type":"ListItem","position":2,"name":"LABORATORIO","item":"https:\/\/lra.webs.upv.es\/index.php\/laboratorio\/"},{"@type":"ListItem","position":3,"name":"Instalaciones"}]},{"@type":"WebSite","@id":"https:\/\/lra.webs.upv.es\/#website","url":"https:\/\/lra.webs.upv.es\/","name":"Laboratorio de Radiactividad Ambiental","description":"LRA - UPV","publisher":{"@id":"https:\/\/lra.webs.upv.es\/#organization"},"potentialAction":[{"@type":"SearchAction","target":{"@type":"EntryPoint","urlTemplate":"https:\/\/lra.webs.upv.es\/?s={search_term_string}"},"query-input":{"@type":"PropertyValueSpecification","valueRequired":true,"valueName":"search_term_string"}}],"inLanguage":"es"},{"@type":"Organization","@id":"https:\/\/lra.webs.upv.es\/#organization","name":"Laboratorio de Radiactividad Ambiental","url":"https:\/\/lra.webs.upv.es\/","logo":{"@type":"ImageObject","inLanguage":"es","@id":"https:\/\/lra.webs.upv.es\/#\/schema\/logo\/image\/","url":"https:\/\/lra.webs.upv.es\/wp-content\/uploads\/2021\/03\/2_LRAUPV-LOGO-PNG.png","contentUrl":"https:\/\/lra.webs.upv.es\/wp-content\/uploads\/2021\/03\/2_LRAUPV-LOGO-PNG.png","width":3508,"height":1478,"caption":"Laboratorio de Radiactividad Ambiental"},"image":{"@id":"https:\/\/lra.webs.upv.es\/#\/schema\/logo\/image\/"}}]}},"_links":{"self":[{"href":"https:\/\/lra.webs.upv.es\/index.php\/wp-json\/wp\/v2\/pages\/47","targetHints":{"allow":["GET"]}}],"collection":[{"href":"https:\/\/lra.webs.upv.es\/index.php\/wp-json\/wp\/v2\/pages"}],"about":[{"href":"https:\/\/lra.webs.upv.es\/index.php\/wp-json\/wp\/v2\/types\/page"}],"author":[{"embeddable":true,"href":"https:\/\/lra.webs.upv.es\/index.php\/wp-json\/wp\/v2\/users\/3"}],"replies":[{"embeddable":true,"href":"https:\/\/lra.webs.upv.es\/index.php\/wp-json\/wp\/v2\/comments?post=47"}],"version-history":[{"count":7,"href":"https:\/\/lra.webs.upv.es\/index.php\/wp-json\/wp\/v2\/pages\/47\/revisions"}],"predecessor-version":[{"id":2312,"href":"https:\/\/lra.webs.upv.es\/index.php\/wp-json\/wp\/v2\/pages\/47\/revisions\/2312"}],"up":[{"embeddable":true,"href":"https:\/\/lra.webs.upv.es\/index.php\/wp-json\/wp\/v2\/pages\/42"}],"wp:attachment":[{"href":"https:\/\/lra.webs.upv.es\/index.php\/wp-json\/wp\/v2\/media?parent=47"}],"curies":[{"name":"wp","href":"https:\/\/api.w.org\/{rel}","templated":true}]}}