{"id":53,"date":"2021-03-08T14:20:20","date_gmt":"2021-03-08T14:20:20","guid":{"rendered":"https:\/\/lra.webs.upv.es\/?page_id=53"},"modified":"2022-05-02T11:31:16","modified_gmt":"2022-05-02T11:31:16","slug":"objetivos","status":"publish","type":"page","link":"https:\/\/lra.webs.upv.es\/index.php\/laboratorio\/objetivos\/","title":{"rendered":"Objetivos"},"content":{"rendered":"<ul>\n<li style=\"text-align: justify;\"><img loading=\"lazy\" decoding=\"async\" class=\"alignright wp-image-2747\" src=\"https:\/\/lra.webs.upv.es\/wp-content\/uploads\/2022\/05\/DIAGRAMA.png\" alt=\"\" width=\"524\" height=\"350\" srcset=\"https:\/\/lra.webs.upv.es\/wp-content\/uploads\/2022\/05\/DIAGRAMA.png 476w, https:\/\/lra.webs.upv.es\/wp-content\/uploads\/2022\/05\/DIAGRAMA-300x200.png 300w\" sizes=\"auto, (max-width: 524px) 100vw, 524px\" \/>Establecer y realizar programas de control de radiactividad ambiental.<\/li>\n<li style=\"text-align: justify;\">Realizar an\u00e1lisis radiactivos sobre muestras suministradas por agentes socioecon\u00f3micos para diversos fines (control, exportaci\u00f3n,\u2026).<\/li>\n<li style=\"text-align: justify;\">Formar especialistas en medidas de radiactividad ambiental.<\/li>\n<li style=\"text-align: justify;\">Contribuir al avance del conocimiento de la radiactividad existente en el medio ambiente y de sus t\u00e9cnicas de control.<\/li>\n<li style=\"text-align: justify;\">Cumplir con lo establecido en la norma internacional UNE-EN ISO\/IEC 17025, mejorando continuamente la eficacia del sistema de gesti\u00f3n de la calidad y estableciendo una estructura organizativa y unos procedimientos de trabajo adecuados a este fin.<\/li>\n<li style=\"text-align: justify;\">Con la finalidad de asegurar la calidad de los ensayos realizados, el LRA participa regularmente desde 1987 en ejercicios de intercomparaci\u00f3n organizados por el Consejo de Seguridad Nuclear (CSN) y la \u201cInternational Atomic Energy Agency\u201d (IAEA).<\/li>\n<\/ul>\n","protected":false},"excerpt":{"rendered":"<p>Establecer y realizar programas de control de radiactividad ambiental. Realizar an\u00e1lisis radiactivos sobre muestras suministradas por agentes socioecon\u00f3micos para diversos fines (control, exportaci\u00f3n,\u2026). Formar especialistas en medidas de radiactividad ambiental. Contribuir al avance del conocimiento de la radiactividad existente en el medio ambiente y de sus t\u00e9cnicas de control. Cumplir con lo establecido en la [&hellip;]<\/p>\n","protected":false},"author":3,"featured_media":0,"parent":42,"menu_order":0,"comment_status":"closed","ping_status":"closed","template":"","meta":{"footnotes":""},"class_list":["post-53","page","type-page","status-publish","czr-hentry"],"yoast_head":"<!-- This site is optimized with the Yoast SEO plugin v27.3 - https:\/\/yoast.com\/product\/yoast-seo-wordpress\/ -->\n<title>Objetivos - Laboratorio de Radiactividad Ambiental<\/title>\n<meta name=\"robots\" content=\"index, follow, max-snippet:-1, max-image-preview:large, max-video-preview:-1\" \/>\n<link rel=\"canonical\" href=\"https:\/\/lra.webs.upv.es\/index.php\/laboratorio\/objetivos\/\" \/>\n<meta property=\"og:locale\" content=\"es_ES\" \/>\n<meta property=\"og:type\" content=\"article\" \/>\n<meta property=\"og:title\" content=\"Objetivos - Laboratorio de Radiactividad Ambiental\" \/>\n<meta property=\"og:description\" content=\"Establecer y realizar programas de control de radiactividad ambiental. Realizar an\u00e1lisis radiactivos sobre muestras suministradas por agentes socioecon\u00f3micos para diversos fines (control, exportaci\u00f3n,\u2026). Formar especialistas en medidas de radiactividad ambiental. Contribuir al avance del conocimiento de la radiactividad existente en el medio ambiente y de sus t\u00e9cnicas de control. Cumplir con lo establecido en la [&hellip;]\" \/>\n<meta property=\"og:url\" content=\"https:\/\/lra.webs.upv.es\/index.php\/laboratorio\/objetivos\/\" \/>\n<meta property=\"og:site_name\" content=\"Laboratorio de Radiactividad Ambiental\" \/>\n<meta property=\"article:modified_time\" content=\"2022-05-02T11:31:16+00:00\" \/>\n<meta property=\"og:image\" content=\"https:\/\/lra.webs.upv.es\/wp-content\/uploads\/2022\/05\/DIAGRAMA.png\" \/>\n<meta name=\"twitter:card\" content=\"summary_large_image\" \/>\n<meta name=\"twitter:label1\" content=\"Tiempo de lectura\" \/>\n\t<meta name=\"twitter:data1\" content=\"1 minuto\" \/>\n<script type=\"application\/ld+json\" class=\"yoast-schema-graph\">{\"@context\":\"https:\\\/\\\/schema.org\",\"@graph\":[{\"@type\":\"WebPage\",\"@id\":\"https:\\\/\\\/lra.webs.upv.es\\\/index.php\\\/laboratorio\\\/objetivos\\\/\",\"url\":\"https:\\\/\\\/lra.webs.upv.es\\\/index.php\\\/laboratorio\\\/objetivos\\\/\",\"name\":\"Objetivos - Laboratorio de Radiactividad Ambiental\",\"isPartOf\":{\"@id\":\"https:\\\/\\\/lra.webs.upv.es\\\/#website\"},\"primaryImageOfPage\":{\"@id\":\"https:\\\/\\\/lra.webs.upv.es\\\/index.php\\\/laboratorio\\\/objetivos\\\/#primaryimage\"},\"image\":{\"@id\":\"https:\\\/\\\/lra.webs.upv.es\\\/index.php\\\/laboratorio\\\/objetivos\\\/#primaryimage\"},\"thumbnailUrl\":\"https:\\\/\\\/lra.webs.upv.es\\\/wp-content\\\/uploads\\\/2022\\\/05\\\/DIAGRAMA.png\",\"datePublished\":\"2021-03-08T14:20:20+00:00\",\"dateModified\":\"2022-05-02T11:31:16+00:00\",\"breadcrumb\":{\"@id\":\"https:\\\/\\\/lra.webs.upv.es\\\/index.php\\\/laboratorio\\\/objetivos\\\/#breadcrumb\"},\"inLanguage\":\"es\",\"potentialAction\":[{\"@type\":\"ReadAction\",\"target\":[\"https:\\\/\\\/lra.webs.upv.es\\\/index.php\\\/laboratorio\\\/objetivos\\\/\"]}]},{\"@type\":\"ImageObject\",\"inLanguage\":\"es\",\"@id\":\"https:\\\/\\\/lra.webs.upv.es\\\/index.php\\\/laboratorio\\\/objetivos\\\/#primaryimage\",\"url\":\"https:\\\/\\\/lra.webs.upv.es\\\/wp-content\\\/uploads\\\/2022\\\/05\\\/DIAGRAMA.png\",\"contentUrl\":\"https:\\\/\\\/lra.webs.upv.es\\\/wp-content\\\/uploads\\\/2022\\\/05\\\/DIAGRAMA.png\",\"width\":476,\"height\":318},{\"@type\":\"BreadcrumbList\",\"@id\":\"https:\\\/\\\/lra.webs.upv.es\\\/index.php\\\/laboratorio\\\/objetivos\\\/#breadcrumb\",\"itemListElement\":[{\"@type\":\"ListItem\",\"position\":1,\"name\":\"Portada\",\"item\":\"https:\\\/\\\/lra.webs.upv.es\\\/\"},{\"@type\":\"ListItem\",\"position\":2,\"name\":\"LABORATORIO\",\"item\":\"https:\\\/\\\/lra.webs.upv.es\\\/index.php\\\/laboratorio\\\/\"},{\"@type\":\"ListItem\",\"position\":3,\"name\":\"Objetivos\"}]},{\"@type\":\"WebSite\",\"@id\":\"https:\\\/\\\/lra.webs.upv.es\\\/#website\",\"url\":\"https:\\\/\\\/lra.webs.upv.es\\\/\",\"name\":\"Laboratorio de Radiactividad Ambiental\",\"description\":\"LRA - UPV\",\"publisher\":{\"@id\":\"https:\\\/\\\/lra.webs.upv.es\\\/#organization\"},\"potentialAction\":[{\"@type\":\"SearchAction\",\"target\":{\"@type\":\"EntryPoint\",\"urlTemplate\":\"https:\\\/\\\/lra.webs.upv.es\\\/?s={search_term_string}\"},\"query-input\":{\"@type\":\"PropertyValueSpecification\",\"valueRequired\":true,\"valueName\":\"search_term_string\"}}],\"inLanguage\":\"es\"},{\"@type\":\"Organization\",\"@id\":\"https:\\\/\\\/lra.webs.upv.es\\\/#organization\",\"name\":\"Laboratorio de Radiactividad Ambiental\",\"url\":\"https:\\\/\\\/lra.webs.upv.es\\\/\",\"logo\":{\"@type\":\"ImageObject\",\"inLanguage\":\"es\",\"@id\":\"https:\\\/\\\/lra.webs.upv.es\\\/#\\\/schema\\\/logo\\\/image\\\/\",\"url\":\"https:\\\/\\\/lra.webs.upv.es\\\/wp-content\\\/uploads\\\/2021\\\/03\\\/2_LRAUPV-LOGO-PNG.png\",\"contentUrl\":\"https:\\\/\\\/lra.webs.upv.es\\\/wp-content\\\/uploads\\\/2021\\\/03\\\/2_LRAUPV-LOGO-PNG.png\",\"width\":3508,\"height\":1478,\"caption\":\"Laboratorio de Radiactividad Ambiental\"},\"image\":{\"@id\":\"https:\\\/\\\/lra.webs.upv.es\\\/#\\\/schema\\\/logo\\\/image\\\/\"}}]}<\/script>\n<!-- \/ Yoast SEO plugin. -->","yoast_head_json":{"title":"Objetivos - Laboratorio de Radiactividad Ambiental","robots":{"index":"index","follow":"follow","max-snippet":"max-snippet:-1","max-image-preview":"max-image-preview:large","max-video-preview":"max-video-preview:-1"},"canonical":"https:\/\/lra.webs.upv.es\/index.php\/laboratorio\/objetivos\/","og_locale":"es_ES","og_type":"article","og_title":"Objetivos - Laboratorio de Radiactividad Ambiental","og_description":"Establecer y realizar programas de control de radiactividad ambiental. Realizar an\u00e1lisis radiactivos sobre muestras suministradas por agentes socioecon\u00f3micos para diversos fines (control, exportaci\u00f3n,\u2026). Formar especialistas en medidas de radiactividad ambiental. Contribuir al avance del conocimiento de la radiactividad existente en el medio ambiente y de sus t\u00e9cnicas de control. Cumplir con lo establecido en la [&hellip;]","og_url":"https:\/\/lra.webs.upv.es\/index.php\/laboratorio\/objetivos\/","og_site_name":"Laboratorio de Radiactividad Ambiental","article_modified_time":"2022-05-02T11:31:16+00:00","og_image":[{"url":"https:\/\/lra.webs.upv.es\/wp-content\/uploads\/2022\/05\/DIAGRAMA.png","type":"","width":"","height":""}],"twitter_card":"summary_large_image","twitter_misc":{"Tiempo de lectura":"1 minuto"},"schema":{"@context":"https:\/\/schema.org","@graph":[{"@type":"WebPage","@id":"https:\/\/lra.webs.upv.es\/index.php\/laboratorio\/objetivos\/","url":"https:\/\/lra.webs.upv.es\/index.php\/laboratorio\/objetivos\/","name":"Objetivos - Laboratorio de Radiactividad Ambiental","isPartOf":{"@id":"https:\/\/lra.webs.upv.es\/#website"},"primaryImageOfPage":{"@id":"https:\/\/lra.webs.upv.es\/index.php\/laboratorio\/objetivos\/#primaryimage"},"image":{"@id":"https:\/\/lra.webs.upv.es\/index.php\/laboratorio\/objetivos\/#primaryimage"},"thumbnailUrl":"https:\/\/lra.webs.upv.es\/wp-content\/uploads\/2022\/05\/DIAGRAMA.png","datePublished":"2021-03-08T14:20:20+00:00","dateModified":"2022-05-02T11:31:16+00:00","breadcrumb":{"@id":"https:\/\/lra.webs.upv.es\/index.php\/laboratorio\/objetivos\/#breadcrumb"},"inLanguage":"es","potentialAction":[{"@type":"ReadAction","target":["https:\/\/lra.webs.upv.es\/index.php\/laboratorio\/objetivos\/"]}]},{"@type":"ImageObject","inLanguage":"es","@id":"https:\/\/lra.webs.upv.es\/index.php\/laboratorio\/objetivos\/#primaryimage","url":"https:\/\/lra.webs.upv.es\/wp-content\/uploads\/2022\/05\/DIAGRAMA.png","contentUrl":"https:\/\/lra.webs.upv.es\/wp-content\/uploads\/2022\/05\/DIAGRAMA.png","width":476,"height":318},{"@type":"BreadcrumbList","@id":"https:\/\/lra.webs.upv.es\/index.php\/laboratorio\/objetivos\/#breadcrumb","itemListElement":[{"@type":"ListItem","position":1,"name":"Portada","item":"https:\/\/lra.webs.upv.es\/"},{"@type":"ListItem","position":2,"name":"LABORATORIO","item":"https:\/\/lra.webs.upv.es\/index.php\/laboratorio\/"},{"@type":"ListItem","position":3,"name":"Objetivos"}]},{"@type":"WebSite","@id":"https:\/\/lra.webs.upv.es\/#website","url":"https:\/\/lra.webs.upv.es\/","name":"Laboratorio de Radiactividad Ambiental","description":"LRA - UPV","publisher":{"@id":"https:\/\/lra.webs.upv.es\/#organization"},"potentialAction":[{"@type":"SearchAction","target":{"@type":"EntryPoint","urlTemplate":"https:\/\/lra.webs.upv.es\/?s={search_term_string}"},"query-input":{"@type":"PropertyValueSpecification","valueRequired":true,"valueName":"search_term_string"}}],"inLanguage":"es"},{"@type":"Organization","@id":"https:\/\/lra.webs.upv.es\/#organization","name":"Laboratorio de Radiactividad Ambiental","url":"https:\/\/lra.webs.upv.es\/","logo":{"@type":"ImageObject","inLanguage":"es","@id":"https:\/\/lra.webs.upv.es\/#\/schema\/logo\/image\/","url":"https:\/\/lra.webs.upv.es\/wp-content\/uploads\/2021\/03\/2_LRAUPV-LOGO-PNG.png","contentUrl":"https:\/\/lra.webs.upv.es\/wp-content\/uploads\/2021\/03\/2_LRAUPV-LOGO-PNG.png","width":3508,"height":1478,"caption":"Laboratorio de Radiactividad Ambiental"},"image":{"@id":"https:\/\/lra.webs.upv.es\/#\/schema\/logo\/image\/"}}]}},"_links":{"self":[{"href":"https:\/\/lra.webs.upv.es\/index.php\/wp-json\/wp\/v2\/pages\/53","targetHints":{"allow":["GET"]}}],"collection":[{"href":"https:\/\/lra.webs.upv.es\/index.php\/wp-json\/wp\/v2\/pages"}],"about":[{"href":"https:\/\/lra.webs.upv.es\/index.php\/wp-json\/wp\/v2\/types\/page"}],"author":[{"embeddable":true,"href":"https:\/\/lra.webs.upv.es\/index.php\/wp-json\/wp\/v2\/users\/3"}],"replies":[{"embeddable":true,"href":"https:\/\/lra.webs.upv.es\/index.php\/wp-json\/wp\/v2\/comments?post=53"}],"version-history":[{"count":12,"href":"https:\/\/lra.webs.upv.es\/index.php\/wp-json\/wp\/v2\/pages\/53\/revisions"}],"predecessor-version":[{"id":2757,"href":"https:\/\/lra.webs.upv.es\/index.php\/wp-json\/wp\/v2\/pages\/53\/revisions\/2757"}],"up":[{"embeddable":true,"href":"https:\/\/lra.webs.upv.es\/index.php\/wp-json\/wp\/v2\/pages\/42"}],"wp:attachment":[{"href":"https:\/\/lra.webs.upv.es\/index.php\/wp-json\/wp\/v2\/media?parent=53"}],"curies":[{"name":"wp","href":"https:\/\/api.w.org\/{rel}","templated":true}]}}