{"id":55,"date":"2021-03-08T14:21:04","date_gmt":"2021-03-08T14:21:04","guid":{"rendered":"https:\/\/lra.webs.upv.es\/?page_id=55"},"modified":"2021-09-01T13:50:35","modified_gmt":"2021-09-01T13:50:35","slug":"personal","status":"publish","type":"page","link":"https:\/\/lra.webs.upv.es\/index.php\/laboratorio\/personal\/","title":{"rendered":"Personal"},"content":{"rendered":"<div id=\"awsm-team-135\" class=\"awsm-grid-wrapper\">\n\t\t\t<div class=\"awsm-grid cards-style style-1 grid-3-col \">\n\t\t\t\t\t\t<div id=\"awsm-member-135-134\" class=\"awsm-grid-card\">\n\t\t\t\t   <figure>\n\t\t\t\t\t\t<img loading=\"lazy\" decoding=\"async\" width=\"84\" height=\"79\" src=\"https:\/\/lra.webs.upv.es\/wp-content\/uploads\/2021\/03\/SebastianMartorell-e1625148884278.jpg\" class=\"attachment-awsm_team size-awsm_team no-lazy wp-post-image\" alt=\"\" \/>\t\t\t\t\t\t <figcaption class=\"awsm-figcaption\">\n\t\t\t\t\t\t\t<div class=\"awsm-personal-info\"><h3>Sebasti\u00e1n Martorell Alsina<\/h3><span>Director<\/span><\/div>\t\t\t\t\t\t\t<div class=\"awsm-contact-info\">\n\t\t\t\t\t\t\t\t<div class=\"awsm-social-icons\"><span><a href=\"https:\/\/www.upv.es\/ficha-personal\/smartore\" target=\"_blank\"><i class=\"awsm-icon-link\" aria-hidden=\"true\"><\/i><\/a><\/span><span><a href=\"mailto:smartore@iqn.upv.es\"><i class=\"awsm-icon-mail\" aria-hidden=\"true\"><\/i><\/a><\/span><\/div>\t\t\t\t\t\t\t<\/div> <!-- .awsm-contact-info -->\n\t\t\t\t\t\t\t\t\t\t\t\t\t <\/figcaption>\n\t\t\t\t\t  <!-- <\/span> -->\n\t\t\t\t   <\/figure>\n\t\t\t\t<\/div>\n\t\t\t\t\t\t\t<div id=\"awsm-member-135-139\" class=\"awsm-grid-card\">\n\t\t\t\t   <figure>\n\t\t\t\t\t\t<img loading=\"lazy\" decoding=\"async\" width=\"500\" height=\"500\" src=\"https:\/\/lra.webs.upv.es\/wp-content\/uploads\/2021\/10\/Foto-carnet-2021-500x500.jpg\" class=\"attachment-awsm_team size-awsm_team no-lazy wp-post-image\" alt=\"\" srcset=\"https:\/\/lra.webs.upv.es\/wp-content\/uploads\/2021\/10\/Foto-carnet-2021-500x500.jpg 500w, https:\/\/lra.webs.upv.es\/wp-content\/uploads\/2021\/10\/Foto-carnet-2021-150x150.jpg 150w, https:\/\/lra.webs.upv.es\/wp-content\/uploads\/2021\/10\/Foto-carnet-2021-510x510.jpg 510w\" sizes=\"auto, (max-width: 500px) 100vw, 500px\" \/>\t\t\t\t\t\t <figcaption class=\"awsm-figcaption\">\n\t\t\t\t\t\t\t<div class=\"awsm-personal-info\"><h3>Marina S\u00e1ez Mu\u00f1oz<\/h3><span>Directora t\u00e9cnica<\/span><\/div>\t\t\t\t\t\t\t<div class=\"awsm-contact-info\">\n\t\t\t\t\t\t\t\t<div class=\"awsm-social-icons\"><span><a href=\"https:\/\/www.upv.es\/ficha-personal\/masaemuo\" target=\"_blank\"><i class=\"awsm-icon-link\" aria-hidden=\"true\"><\/i><\/a><\/span><span><a href=\"http:\/\/masaemuo@etsii.upv.es\" target=\"_blank\"><i class=\"awsm-icon-mail\" aria-hidden=\"true\"><\/i><\/a><\/span><\/div>\t\t\t\t\t\t\t<\/div> <!-- .awsm-contact-info -->\n\t\t\t\t\t\t\t\t\t\t\t\t\t <\/figcaption>\n\t\t\t\t\t  <!-- <\/span> -->\n\t\t\t\t   <\/figure>\n\t\t\t\t<\/div>\n\t\t\t\t\t\t\t<div id=\"awsm-member-135-137\" class=\"awsm-grid-card\">\n\t\t\t\t   <figure>\n\t\t\t\t\t\t<img loading=\"lazy\" decoding=\"async\" width=\"200\" height=\"221\" src=\"https:\/\/lra.webs.upv.es\/wp-content\/uploads\/2022\/03\/1648739998066.jpg\" class=\"attachment-awsm_team size-awsm_team no-lazy wp-post-image\" alt=\"Luisa Ballesteros Pascual\" \/>\t\t\t\t\t\t <figcaption class=\"awsm-figcaption\">\n\t\t\t\t\t\t\t<div class=\"awsm-personal-info\"><h3>Luisa Ballesteros Pascual<\/h3><span>Responsable Qu\u00edmico<\/span><\/div>\t\t\t\t\t\t\t<div class=\"awsm-contact-info\">\n\t\t\t\t\t\t\t\t<div class=\"awsm-social-icons\"><span><a href=\"https:\/\/www.upv.es\/ficha-personal\/lballest\" target=\"_blank\"><i class=\"awsm-icon-link\" aria-hidden=\"true\"><\/i><\/a><\/span><span><a href=\"http:\/\/lballest@upvnet.upv.es\" target=\"_blank\"><i class=\"awsm-icon-mail\" aria-hidden=\"true\"><\/i><\/a><\/span><\/div>\t\t\t\t\t\t\t<\/div> <!-- .awsm-contact-info -->\n\t\t\t\t\t\t\t\t\t\t\t\t\t <\/figcaption>\n\t\t\t\t\t  <!-- <\/span> -->\n\t\t\t\t   <\/figure>\n\t\t\t\t<\/div>\n\t\t\t\t\t\t\t<div id=\"awsm-member-135-138\" class=\"awsm-grid-card\">\n\t\t\t\t   <figure>\n\t\t\t\t\t\t<img loading=\"lazy\" decoding=\"async\" width=\"500\" height=\"500\" src=\"https:\/\/lra.webs.upv.es\/wp-content\/uploads\/2021\/12\/WhatsApp-Image-2021-12-22-at-09.16.37-e1640165925267-500x500.jpeg\" class=\"attachment-awsm_team size-awsm_team no-lazy wp-post-image\" alt=\"\" srcset=\"https:\/\/lra.webs.upv.es\/wp-content\/uploads\/2021\/12\/WhatsApp-Image-2021-12-22-at-09.16.37-e1640165925267-500x500.jpeg 500w, https:\/\/lra.webs.upv.es\/wp-content\/uploads\/2021\/12\/WhatsApp-Image-2021-12-22-at-09.16.37-e1640165925267-150x150.jpeg 150w, https:\/\/lra.webs.upv.es\/wp-content\/uploads\/2021\/12\/WhatsApp-Image-2021-12-22-at-09.16.37-e1640165925267-510x510.jpeg 510w\" sizes=\"auto, (max-width: 500px) 100vw, 500px\" \/>\t\t\t\t\t\t <figcaption class=\"awsm-figcaption\">\n\t\t\t\t\t\t\t<div class=\"awsm-personal-info\"><h3>Marga L\u00f3pez Mar\u00edn<\/h3><span>Personal t\u00e9cnico<\/span><\/div>\t\t\t\t\t\t\t<div class=\"awsm-contact-info\">\n\t\t\t\t\t\t\t\t<p>An\u00e1lisis, Pedidos y ofertas<\/p><div class=\"awsm-social-icons\"><span><a href=\"https:\/\/www.upv.es\/ficha-personal\/marlop\" target=\"_blank\"><i class=\"awsm-icon-link\" aria-hidden=\"true\"><\/i><\/a><\/span><span><a href=\"http:\/\/marlop@upvnet.upv.es\" target=\"_blank\"><i class=\"awsm-icon-mail\" aria-hidden=\"true\"><\/i><\/a><\/span><\/div>\t\t\t\t\t\t\t<\/div> <!-- .awsm-contact-info -->\n\t\t\t\t\t\t\t\t\t\t\t\t\t <\/figcaption>\n\t\t\t\t\t  <!-- <\/span> -->\n\t\t\t\t   <\/figure>\n\t\t\t\t<\/div>\n\t\t\t\t\t\t\t<div id=\"awsm-member-135-3522\" class=\"awsm-grid-card\">\n\t\t\t\t   <figure>\n\t\t\t\t\t\t<img loading=\"lazy\" decoding=\"async\" width=\"500\" height=\"500\" src=\"https:\/\/lra.webs.upv.es\/wp-content\/uploads\/2024\/04\/WhatsApp-Image-2024-04-25-at-09.43.30-500x500.jpeg\" class=\"attachment-awsm_team size-awsm_team no-lazy wp-post-image\" alt=\"Mireia P\u00e9rez Baeza\" srcset=\"https:\/\/lra.webs.upv.es\/wp-content\/uploads\/2024\/04\/WhatsApp-Image-2024-04-25-at-09.43.30-500x500.jpeg 500w, https:\/\/lra.webs.upv.es\/wp-content\/uploads\/2024\/04\/WhatsApp-Image-2024-04-25-at-09.43.30-150x150.jpeg 150w, https:\/\/lra.webs.upv.es\/wp-content\/uploads\/2024\/04\/WhatsApp-Image-2024-04-25-at-09.43.30-510x510.jpeg 510w\" sizes=\"auto, (max-width: 500px) 100vw, 500px\" \/>\t\t\t\t\t\t <figcaption class=\"awsm-figcaption\">\n\t\t\t\t\t\t\t<div class=\"awsm-personal-info\"><h3>Mireia P\u00e9rez Baeza<\/h3><span>Personal t\u00e9cnico Investigaci\u00f3n<\/span><\/div>\t\t\t\t\t\t\t<div class=\"awsm-contact-info\">\n\t\t\t\t\t\t\t\t<div class=\"awsm-social-icons\"><span><a href=\"https:\/\/www.upv.es\/ficha-personal\/mperbae\" target=\"_blank\"><i class=\"awsm-icon-link\" aria-hidden=\"true\"><\/i><\/a><\/span><span><a href=\"http:\/\/mperbae@upvnet.upv.es\" target=\"_blank\"><i class=\"awsm-icon-mail\" aria-hidden=\"true\"><\/i><\/a><\/span><\/div>\t\t\t\t\t\t\t<\/div> <!-- .awsm-contact-info -->\n\t\t\t\t\t\t\t\t\t\t\t\t\t <\/figcaption>\n\t\t\t\t\t  <!-- <\/span> -->\n\t\t\t\t   <\/figure>\n\t\t\t\t<\/div>\n\t\t\t\t\t\t\t<div id=\"awsm-member-135-3562\" class=\"awsm-grid-card\">\n\t\t\t\t   <figure>\n\t\t\t\t\t\t<img loading=\"lazy\" decoding=\"async\" width=\"482\" height=\"500\" src=\"https:\/\/lra.webs.upv.es\/wp-content\/uploads\/2024\/10\/Foto-Yeray-LRA-web-scaled-e1729787979481-482x500.jpg\" class=\"attachment-awsm_team size-awsm_team no-lazy wp-post-image\" alt=\"\" \/>\t\t\t\t\t\t <figcaption class=\"awsm-figcaption\">\n\t\t\t\t\t\t\t<div class=\"awsm-personal-info\"><h3>Yeray Pall\u00e1s Tamarit<\/h3><span>Personal t\u00e9cnico Investigaci\u00f3n<\/span><\/div>\t\t\t\t\t\t\t<div class=\"awsm-contact-info\">\n\t\t\t\t\t\t\t\t<div class=\"awsm-social-icons\"><span><a href=\"http:\/\/www.upv.es\/ficha-personal\/ypaltam\" target=\"_blank\"><i class=\"awsm-icon-link\" aria-hidden=\"true\"><\/i><\/a><\/span><span><a href=\"http:\/\/ypaltam@upvnet.upv.es\" target=\"_blank\"><i class=\"awsm-icon-mail\" aria-hidden=\"true\"><\/i><\/a><\/span><\/div>\t\t\t\t\t\t\t<\/div> <!-- .awsm-contact-info -->\n\t\t\t\t\t\t\t\t\t\t\t\t\t <\/figcaption>\n\t\t\t\t\t  <!-- <\/span> -->\n\t\t\t\t   <\/figure>\n\t\t\t\t<\/div>\n\t\t\t\t\t\t\t<div id=\"awsm-member-135-3570\" class=\"awsm-grid-card\">\n\t\t\t\t   <figure>\n\t\t\t\t\t\t<img loading=\"lazy\" decoding=\"async\" width=\"199\" height=\"207\" src=\"https:\/\/lra.webs.upv.es\/wp-content\/uploads\/2024\/12\/Jose-Ordonez-Rodenasjpg.jpg\" class=\"attachment-awsm_team size-awsm_team no-lazy wp-post-image\" alt=\"Jos\u00e9 Ordo\u00f1ez R\u00f3denas\" \/>\t\t\t\t\t\t <figcaption class=\"awsm-figcaption\">\n\t\t\t\t\t\t\t<div class=\"awsm-personal-info\"><h3>Jos\u00e9 Ord\u00f3\u00f1ez R\u00f3denas<\/h3><span>Personal t\u00e9cnico Investigaci\u00f3n<\/span><\/div>\t\t\t\t\t\t\t<div class=\"awsm-contact-info\">\n\t\t\t\t\t\t\t\t<div class=\"awsm-social-icons\"><span><a href=\"https:\/\/www.upv.es\/ficha-personal\/joorro1\" target=\"_blank\"><i class=\"awsm-icon-link\" aria-hidden=\"true\"><\/i><\/a><\/span><span><a href=\"http:\/\/joorro1@etsii.upv.es\" target=\"_blank\"><i class=\"awsm-icon-mail\" aria-hidden=\"true\"><\/i><\/a><\/span><\/div>\t\t\t\t\t\t\t<\/div> <!-- .awsm-contact-info -->\n\t\t\t\t\t\t\t\t\t\t\t\t\t <\/figcaption>\n\t\t\t\t\t  <!-- <\/span> -->\n\t\t\t\t   <\/figure>\n\t\t\t\t<\/div>\n\t\t\t\t\t\t\t<div id=\"awsm-member-135-148\" class=\"awsm-grid-card\">\n\t\t\t\t   <figure>\n\t\t\t\t\t\t<img loading=\"lazy\" decoding=\"async\" width=\"500\" height=\"500\" src=\"https:\/\/lra.webs.upv.es\/wp-content\/uploads\/2021\/03\/IMG_3598-e1625148471923.jpg\" class=\"attachment-awsm_team size-awsm_team no-lazy wp-post-image\" alt=\"\" srcset=\"https:\/\/lra.webs.upv.es\/wp-content\/uploads\/2021\/03\/IMG_3598-e1625148471923.jpg 500w, https:\/\/lra.webs.upv.es\/wp-content\/uploads\/2021\/03\/IMG_3598-e1625148471923-300x300.jpg 300w, https:\/\/lra.webs.upv.es\/wp-content\/uploads\/2021\/03\/IMG_3598-e1625148471923-150x150.jpg 150w\" sizes=\"auto, (max-width: 500px) 100vw, 500px\" \/>\t\t\t\t\t\t <figcaption class=\"awsm-figcaption\">\n\t\t\t\t\t\t\t<div class=\"awsm-personal-info\"><h3>Jos\u00e9 Luis Pitarch Catal\u00e1<\/h3><span>Responsable Inform\u00e1tico<\/span><\/div>\t\t\t\t\t\t\t<div class=\"awsm-contact-info\">\n\t\t\t\t\t\t\t\t<div class=\"awsm-social-icons\"><span><a href=\"https:\/\/www.upv.es\/ficha-personal\/jpitarch\" target=\"_blank\"><i class=\"awsm-icon-link\" aria-hidden=\"true\"><\/i><\/a><\/span><span><a href=\"mailto:jpitarch@iqn.upv.es\"><i class=\"awsm-icon-mail\" aria-hidden=\"true\"><\/i><\/a><\/span><\/div>\t\t\t\t\t\t\t<\/div> <!-- .awsm-contact-info -->\n\t\t\t\t\t\t\t\t\t\t\t\t\t <\/figcaption>\n\t\t\t\t\t  <!-- <\/span> -->\n\t\t\t\t   <\/figure>\n\t\t\t\t<\/div>\n\t\t\t\t\t<\/div><!-- .grid -->\n\t\t<\/div>\n\n","protected":false},"excerpt":{"rendered":"","protected":false},"author":3,"featured_media":0,"parent":42,"menu_order":0,"comment_status":"closed","ping_status":"closed","template":"","meta":{"footnotes":""},"class_list":["post-55","page","type-page","status-publish","czr-hentry"],"yoast_head":"<!-- This site is optimized with the Yoast SEO plugin v27.3 - https:\/\/yoast.com\/product\/yoast-seo-wordpress\/ -->\n<title>Personal - Laboratorio de Radiactividad Ambiental<\/title>\n<meta name=\"robots\" content=\"index, follow, max-snippet:-1, max-image-preview:large, max-video-preview:-1\" \/>\n<link rel=\"canonical\" href=\"https:\/\/lra.webs.upv.es\/index.php\/laboratorio\/personal\/\" \/>\n<meta property=\"og:locale\" content=\"es_ES\" \/>\n<meta property=\"og:type\" content=\"article\" \/>\n<meta property=\"og:title\" content=\"Personal - Laboratorio de Radiactividad Ambiental\" \/>\n<meta property=\"og:url\" content=\"https:\/\/lra.webs.upv.es\/index.php\/laboratorio\/personal\/\" \/>\n<meta property=\"og:site_name\" content=\"Laboratorio de Radiactividad Ambiental\" \/>\n<meta property=\"article:modified_time\" content=\"2021-09-01T13:50:35+00:00\" \/>\n<meta name=\"twitter:card\" content=\"summary_large_image\" \/>\n<script type=\"application\/ld+json\" class=\"yoast-schema-graph\">{\"@context\":\"https:\\\/\\\/schema.org\",\"@graph\":[{\"@type\":\"WebPage\",\"@id\":\"https:\\\/\\\/lra.webs.upv.es\\\/index.php\\\/laboratorio\\\/personal\\\/\",\"url\":\"https:\\\/\\\/lra.webs.upv.es\\\/index.php\\\/laboratorio\\\/personal\\\/\",\"name\":\"Personal - Laboratorio de Radiactividad Ambiental\",\"isPartOf\":{\"@id\":\"https:\\\/\\\/lra.webs.upv.es\\\/#website\"},\"datePublished\":\"2021-03-08T14:21:04+00:00\",\"dateModified\":\"2021-09-01T13:50:35+00:00\",\"breadcrumb\":{\"@id\":\"https:\\\/\\\/lra.webs.upv.es\\\/index.php\\\/laboratorio\\\/personal\\\/#breadcrumb\"},\"inLanguage\":\"es\",\"potentialAction\":[{\"@type\":\"ReadAction\",\"target\":[\"https:\\\/\\\/lra.webs.upv.es\\\/index.php\\\/laboratorio\\\/personal\\\/\"]}]},{\"@type\":\"BreadcrumbList\",\"@id\":\"https:\\\/\\\/lra.webs.upv.es\\\/index.php\\\/laboratorio\\\/personal\\\/#breadcrumb\",\"itemListElement\":[{\"@type\":\"ListItem\",\"position\":1,\"name\":\"Portada\",\"item\":\"https:\\\/\\\/lra.webs.upv.es\\\/\"},{\"@type\":\"ListItem\",\"position\":2,\"name\":\"LABORATORIO\",\"item\":\"https:\\\/\\\/lra.webs.upv.es\\\/index.php\\\/laboratorio\\\/\"},{\"@type\":\"ListItem\",\"position\":3,\"name\":\"Personal\"}]},{\"@type\":\"WebSite\",\"@id\":\"https:\\\/\\\/lra.webs.upv.es\\\/#website\",\"url\":\"https:\\\/\\\/lra.webs.upv.es\\\/\",\"name\":\"Laboratorio de Radiactividad Ambiental\",\"description\":\"LRA - UPV\",\"publisher\":{\"@id\":\"https:\\\/\\\/lra.webs.upv.es\\\/#organization\"},\"potentialAction\":[{\"@type\":\"SearchAction\",\"target\":{\"@type\":\"EntryPoint\",\"urlTemplate\":\"https:\\\/\\\/lra.webs.upv.es\\\/?s={search_term_string}\"},\"query-input\":{\"@type\":\"PropertyValueSpecification\",\"valueRequired\":true,\"valueName\":\"search_term_string\"}}],\"inLanguage\":\"es\"},{\"@type\":\"Organization\",\"@id\":\"https:\\\/\\\/lra.webs.upv.es\\\/#organization\",\"name\":\"Laboratorio de Radiactividad Ambiental\",\"url\":\"https:\\\/\\\/lra.webs.upv.es\\\/\",\"logo\":{\"@type\":\"ImageObject\",\"inLanguage\":\"es\",\"@id\":\"https:\\\/\\\/lra.webs.upv.es\\\/#\\\/schema\\\/logo\\\/image\\\/\",\"url\":\"https:\\\/\\\/lra.webs.upv.es\\\/wp-content\\\/uploads\\\/2021\\\/03\\\/2_LRAUPV-LOGO-PNG.png\",\"contentUrl\":\"https:\\\/\\\/lra.webs.upv.es\\\/wp-content\\\/uploads\\\/2021\\\/03\\\/2_LRAUPV-LOGO-PNG.png\",\"width\":3508,\"height\":1478,\"caption\":\"Laboratorio de Radiactividad Ambiental\"},\"image\":{\"@id\":\"https:\\\/\\\/lra.webs.upv.es\\\/#\\\/schema\\\/logo\\\/image\\\/\"}}]}<\/script>\n<!-- \/ Yoast SEO plugin. -->","yoast_head_json":{"title":"Personal - Laboratorio de Radiactividad Ambiental","robots":{"index":"index","follow":"follow","max-snippet":"max-snippet:-1","max-image-preview":"max-image-preview:large","max-video-preview":"max-video-preview:-1"},"canonical":"https:\/\/lra.webs.upv.es\/index.php\/laboratorio\/personal\/","og_locale":"es_ES","og_type":"article","og_title":"Personal - Laboratorio de Radiactividad Ambiental","og_url":"https:\/\/lra.webs.upv.es\/index.php\/laboratorio\/personal\/","og_site_name":"Laboratorio de Radiactividad Ambiental","article_modified_time":"2021-09-01T13:50:35+00:00","twitter_card":"summary_large_image","schema":{"@context":"https:\/\/schema.org","@graph":[{"@type":"WebPage","@id":"https:\/\/lra.webs.upv.es\/index.php\/laboratorio\/personal\/","url":"https:\/\/lra.webs.upv.es\/index.php\/laboratorio\/personal\/","name":"Personal - Laboratorio de Radiactividad Ambiental","isPartOf":{"@id":"https:\/\/lra.webs.upv.es\/#website"},"datePublished":"2021-03-08T14:21:04+00:00","dateModified":"2021-09-01T13:50:35+00:00","breadcrumb":{"@id":"https:\/\/lra.webs.upv.es\/index.php\/laboratorio\/personal\/#breadcrumb"},"inLanguage":"es","potentialAction":[{"@type":"ReadAction","target":["https:\/\/lra.webs.upv.es\/index.php\/laboratorio\/personal\/"]}]},{"@type":"BreadcrumbList","@id":"https:\/\/lra.webs.upv.es\/index.php\/laboratorio\/personal\/#breadcrumb","itemListElement":[{"@type":"ListItem","position":1,"name":"Portada","item":"https:\/\/lra.webs.upv.es\/"},{"@type":"ListItem","position":2,"name":"LABORATORIO","item":"https:\/\/lra.webs.upv.es\/index.php\/laboratorio\/"},{"@type":"ListItem","position":3,"name":"Personal"}]},{"@type":"WebSite","@id":"https:\/\/lra.webs.upv.es\/#website","url":"https:\/\/lra.webs.upv.es\/","name":"Laboratorio de Radiactividad Ambiental","description":"LRA - UPV","publisher":{"@id":"https:\/\/lra.webs.upv.es\/#organization"},"potentialAction":[{"@type":"SearchAction","target":{"@type":"EntryPoint","urlTemplate":"https:\/\/lra.webs.upv.es\/?s={search_term_string}"},"query-input":{"@type":"PropertyValueSpecification","valueRequired":true,"valueName":"search_term_string"}}],"inLanguage":"es"},{"@type":"Organization","@id":"https:\/\/lra.webs.upv.es\/#organization","name":"Laboratorio de Radiactividad Ambiental","url":"https:\/\/lra.webs.upv.es\/","logo":{"@type":"ImageObject","inLanguage":"es","@id":"https:\/\/lra.webs.upv.es\/#\/schema\/logo\/image\/","url":"https:\/\/lra.webs.upv.es\/wp-content\/uploads\/2021\/03\/2_LRAUPV-LOGO-PNG.png","contentUrl":"https:\/\/lra.webs.upv.es\/wp-content\/uploads\/2021\/03\/2_LRAUPV-LOGO-PNG.png","width":3508,"height":1478,"caption":"Laboratorio de Radiactividad Ambiental"},"image":{"@id":"https:\/\/lra.webs.upv.es\/#\/schema\/logo\/image\/"}}]}},"_links":{"self":[{"href":"https:\/\/lra.webs.upv.es\/index.php\/wp-json\/wp\/v2\/pages\/55","targetHints":{"allow":["GET"]}}],"collection":[{"href":"https:\/\/lra.webs.upv.es\/index.php\/wp-json\/wp\/v2\/pages"}],"about":[{"href":"https:\/\/lra.webs.upv.es\/index.php\/wp-json\/wp\/v2\/types\/page"}],"author":[{"embeddable":true,"href":"https:\/\/lra.webs.upv.es\/index.php\/wp-json\/wp\/v2\/users\/3"}],"replies":[{"embeddable":true,"href":"https:\/\/lra.webs.upv.es\/index.php\/wp-json\/wp\/v2\/comments?post=55"}],"version-history":[{"count":2,"href":"https:\/\/lra.webs.upv.es\/index.php\/wp-json\/wp\/v2\/pages\/55\/revisions"}],"predecessor-version":[{"id":142,"href":"https:\/\/lra.webs.upv.es\/index.php\/wp-json\/wp\/v2\/pages\/55\/revisions\/142"}],"up":[{"embeddable":true,"href":"https:\/\/lra.webs.upv.es\/index.php\/wp-json\/wp\/v2\/pages\/42"}],"wp:attachment":[{"href":"https:\/\/lra.webs.upv.es\/index.php\/wp-json\/wp\/v2\/media?parent=55"}],"curies":[{"name":"wp","href":"https:\/\/api.w.org\/{rel}","templated":true}]}}